{"id":1798,"date":"2019-01-02T17:16:30","date_gmt":"2019-01-02T16:16:30","guid":{"rendered":"https:\/\/all4care.ch\/client-prive\/soins-de-lincontinence\/"},"modified":"2025-05-30T10:29:03","modified_gmt":"2025-05-30T08:29:03","slug":"soins-de-lincontinence","status":"publish","type":"page","link":"https:\/\/all4care.ch\/fr\/client-prive\/soins-de-lincontinence\/","title":{"rendered":"Soins de l\u2018incontinence"},"content":{"rendered":"<div id='full_slider_1'  class='avia-fullwidth-slider main_color avia-shadow   avia-builder-el-0  el_before_av_layout_row  avia-builder-el-first   container_wrap sidebar_right'  ><div  class='avia-slideshow av-jnkaflo6-b1183fe233089db1f698a24096f49d7b avia-slideshow-no scaling av_slideshow_full avia-fade-slider av-slideshow-ui av-control-default av-slideshow-manual av-loop-once av-loop-manual-endless av-default-height-applied   avia-slideshow-1' data-slideshow-options=\"{&quot;animation&quot;:&quot;fade&quot;,&quot;autoplay&quot;:false,&quot;loop_autoplay&quot;:&quot;once&quot;,&quot;interval&quot;:5,&quot;loop_manual&quot;:&quot;manual-endless&quot;,&quot;autoplay_stopper&quot;:false,&quot;noNavigation&quot;:false,&quot;bg_slider&quot;:false,&quot;keep_padding&quot;:false,&quot;hoverpause&quot;:false,&quot;show_slide_delay&quot;:0}\"  itemprop=\"image\" itemscope=\"itemscope\" itemtype=\"https:\/\/schema.org\/ImageObject\" ><ul class='avia-slideshow-inner ' style='padding-bottom: 28.5%;'><li  class='avia-slideshow-slide av-jnkaflo6-b1183fe233089db1f698a24096f49d7b__0  av-single-slide slide-1 slide-odd'><div data-rel='slideshow-1' class='avia-slide-wrap '   ><img decoding=\"async\" fetchpriority=\"high\" class=\"wp-image-1484 avia-img-lazy-loading-not-1484\"  src=\"https:\/\/all4care.ch\/wp-content\/uploads\/2018\/12\/kontinenz-versorgung-all4care.jpg\" width=\"1600\" height=\"456\" title='kontinenz-versorgung-all4care' alt='Soins-de-l\u2018incontinence'  itemprop=\"thumbnailUrl\" srcset=\"https:\/\/all4care.ch\/wp-content\/uploads\/2018\/12\/kontinenz-versorgung-all4care.jpg 1600w, https:\/\/all4care.ch\/wp-content\/uploads\/2018\/12\/kontinenz-versorgung-all4care-600x171.jpg 600w, https:\/\/all4care.ch\/wp-content\/uploads\/2018\/12\/kontinenz-versorgung-all4care-300x86.jpg 300w, https:\/\/all4care.ch\/wp-content\/uploads\/2018\/12\/kontinenz-versorgung-all4care-768x219.jpg 768w, https:\/\/all4care.ch\/wp-content\/uploads\/2018\/12\/kontinenz-versorgung-all4care-1030x294.jpg 1030w, https:\/\/all4care.ch\/wp-content\/uploads\/2018\/12\/kontinenz-versorgung-all4care-1500x428.jpg 1500w, https:\/\/all4care.ch\/wp-content\/uploads\/2018\/12\/kontinenz-versorgung-all4care-705x201.jpg 705w\" sizes=\"(max-width: 1600px) 100vw, 1600px\" \/><\/div><\/li><\/ul><\/div><\/div>\n<div id='av-layout-grid-1'  class='av-layout-grid-container av-18ypei-385edcc5e52aaa494fa8f5ef306b40eb entry-content-wrapper main_color av-fixed-cells  avia-builder-el-1  el_after_av_slideshow_full  el_before_av_one_third  grid-row-not-first  container_wrap sidebar_right'  >\n\n<style type=\"text\/css\" data-created_by=\"avia_inline_auto\" id=\"style-css-av-cd3ua2-0e61c0c01ee70cc708775fe6b7ba2f9a\">\n.flex_cell.av-cd3ua2-0e61c0c01ee70cc708775fe6b7ba2f9a{\nvertical-align:top;\nbackground-color:#648bc7;\n}\n.responsive #top #wrap_all .flex_cell.av-cd3ua2-0e61c0c01ee70cc708775fe6b7ba2f9a{\npadding:9px 0px 0px 0px !important;\n}\n<\/style>\n<div class='flex_cell av-cd3ua2-0e61c0c01ee70cc708775fe6b7ba2f9a av-gridrow-cell av_one_half no_margin  avia-builder-el-2  el_before_av_cell_one_half  avia-builder-el-first  content-align-top'  ><div class='flex_cell_inner'><\/div><\/div>\n<style type=\"text\/css\" data-created_by=\"avia_inline_auto\" id=\"style-css-av-c65y4y-f9b9eba30e94b62305e57a22f85fb04e\">\n.flex_cell.av-c65y4y-f9b9eba30e94b62305e57a22f85fb04e{\nvertical-align:top;\nbackground-color:#648bc7;\n}\n.responsive #top #wrap_all .flex_cell.av-c65y4y-f9b9eba30e94b62305e57a22f85fb04e{\npadding:9px 0px 0px 0px !important;\n}\n<\/style>\n<div class='flex_cell av-c65y4y-f9b9eba30e94b62305e57a22f85fb04e av-gridrow-cell av_one_half no_margin  avia-builder-el-3  el_after_av_cell_one_half  avia-builder-el-last  content-align-top'  ><div class='flex_cell_inner'><\/div><\/div>\n<\/div><div id='after_grid_row_1'  class='main_color av_default_container_wrap container_wrap sidebar_right'  ><div class='container av-section-cont-open' ><div class='template-page content  av-content-small alpha units'><div class='post-entry post-entry-type-page post-entry-1798'><div class='entry-content-wrapper clearfix'>\n\n<style type=\"text\/css\" data-created_by=\"avia_inline_auto\" id=\"style-css-av-amwj72-b1c1029a87b6377747723a3af133a9d6\">\n#top .flex_column.av-amwj72-b1c1029a87b6377747723a3af133a9d6{\nmargin-top:-80px;\nmargin-bottom:0px;\n}\n.flex_column.av-amwj72-b1c1029a87b6377747723a3af133a9d6{\nborder-radius:0px 0px 0px 0px;\npadding:41px 11px 41px 11px;\nbackground-color:#648bc7;\n}\n.responsive #top #wrap_all .flex_column.av-amwj72-b1c1029a87b6377747723a3af133a9d6{\nmargin-top:-80px;\nmargin-bottom:0px;\n}\n<\/style>\n<div  class='flex_column av-amwj72-b1c1029a87b6377747723a3af133a9d6 av_one_third  avia-builder-el-4  el_after_av_layout_row  el_before_av_two_third  avia-builder-el-first  first flex_column_div  '     ><style type=\"text\/css\" data-created_by=\"avia_inline_auto\" id=\"style-css-av-jok1sq7p-8815df0cdd81476a0a8672ffe3cba44b\">\n#top .av_textblock_section.av-jok1sq7p-8815df0cdd81476a0a8672ffe3cba44b .avia_textblock{\ncolor:#ffffff;\n}\n<\/style>\n<section  class='av_textblock_section av-jok1sq7p-8815df0cdd81476a0a8672ffe3cba44b '   itemscope=\"itemscope\" itemtype=\"https:\/\/schema.org\/CreativeWork\" ><div class='avia_textblock av_inherit_color'  itemprop=\"text\" ><h1 style=\"text-align: center;\">Soins de<br \/>\nl\u2018incontinence<\/h1>\n<\/div><\/section><\/div>\n\n<style type=\"text\/css\" data-created_by=\"avia_inline_auto\" id=\"style-css-av-2tf03i-674ce1ab20ff2d96ac4cebdd9ae89d84\">\n#top .flex_column.av-2tf03i-674ce1ab20ff2d96ac4cebdd9ae89d84{\nmargin-top:-80px;\nmargin-bottom:0px;\n}\n.flex_column.av-2tf03i-674ce1ab20ff2d96ac4cebdd9ae89d84{\nborder-radius:0px 0px 0px 0px;\npadding:60px 0px 0px 0px;\n}\n.responsive #top #wrap_all .flex_column.av-2tf03i-674ce1ab20ff2d96ac4cebdd9ae89d84{\nmargin-top:-80px;\nmargin-bottom:0px;\n}\n<\/style>\n<div  class='flex_column av-2tf03i-674ce1ab20ff2d96ac4cebdd9ae89d84 av_two_third  avia-builder-el-6  el_after_av_one_third  el_before_av_one_full  flex_column_div  '     ><section  class='av_textblock_section av-jok2o8bj-a0e8f3dd2b5641f1e654bba5a2702026 '   itemscope=\"itemscope\" itemtype=\"https:\/\/schema.org\/CreativeWork\" ><div class='avia_textblock'  itemprop=\"text\" ><p><strong>Avec nous, vous \u00eates entre de bonnes mains!<\/strong> Environ 10% de la population suisse est incontinente. Pour beaucoup, l&rsquo;incontinence est encore un sujet tabou: la majorit\u00e9 des personnes touch\u00e9es ne parlent pas de leur incontinence et certaines la g\u00e8rent provisoirement elles-m\u00eames. Nous vous proposons, en plus de conseils d&rsquo;experts, des produits d&rsquo;incontinence de haute qualit\u00e9 afin que vous puissiez faciliter votre quotidien.<br \/>\nLe savoir-faire et nos sp\u00e9cialistes en incontinence inclut \u00e0 la fois les possibilit\u00e9s de drainage et l&rsquo;incontinence absorbante.<br \/>\nNous vous donnons des informations sur les derni\u00e8res nouveaut\u00e9s et vous conseillons volontiers \u00e9galement lors d\u2019un entretien personnel.<\/p>\n<ul>\n<li>Echantillonnage gratuit<\/li>\n<li>Conseils personnels aussi chez vous \u00e0 domicile<\/li>\n<li>Soutien pour le remboursement des co\u00fbts par l\u2019assurance maladie<\/li>\n<li>Livraison gratuite \u00e0 votre domicile<\/li>\n<\/ul>\n<\/div><\/section><\/div>\n\n<style type=\"text\/css\" data-created_by=\"avia_inline_auto\" id=\"style-css-av-josi06yz-a227923a889fc2c2f0deccb52faf1f28\">\n#top .flex_column.av-josi06yz-a227923a889fc2c2f0deccb52faf1f28{\nmargin-top:20px;\nmargin-bottom:20px;\n}\n.flex_column.av-josi06yz-a227923a889fc2c2f0deccb52faf1f28{\nborder-radius:0px 0px 0px 0px;\npadding:0px 0px 0px 0px;\n}\n.responsive #top #wrap_all .flex_column.av-josi06yz-a227923a889fc2c2f0deccb52faf1f28{\nmargin-top:20px;\nmargin-bottom:20px;\n}\n<\/style>\n<div  class='flex_column av-josi06yz-a227923a889fc2c2f0deccb52faf1f28 av_one_full  avia-builder-el-8  el_after_av_two_third  el_before_av_textblock  first flex_column_div av-zero-column-padding  column-top-margin'     ><\/div>\n<section  class='av_textblock_section av-josi020z-8d08f7754befa1a8cda66d1e8d488901 '   itemscope=\"itemscope\" itemtype=\"https:\/\/schema.org\/CreativeWork\" ><div class='avia_textblock'  itemprop=\"text\" ><h2>Exemple de produit<\/h2>\n<\/div><\/section>\n<\/div><\/div><\/div><!-- close content main div --><\/div><\/div>\n<style type=\"text\/css\" data-created_by=\"avia_inline_auto\" id=\"style-css-av-joshpmq9-4e63e505880b1831c514d54010d7b5b3\">\n.avia-section.av-joshpmq9-4e63e505880b1831c514d54010d7b5b3{\nbackground-color:#648bc7;\nbackground-image:unset;\nmargin-top:0px;\nmargin-bottom:50px;\n}\n<\/style>\n<div id='slider-prod-beispiele'  class='avia-section av-joshpmq9-4e63e505880b1831c514d54010d7b5b3 main_color avia-section-no-padding avia-no-border-styling  avia-builder-el-10  el_after_av_textblock  el_before_av_one_full  avia-bg-style-scroll container_wrap sidebar_right'  ><div class='container av-section-cont-open' ><div class='template-page content  av-content-small alpha units'><div class='post-entry post-entry-type-page post-entry-1798'><div class='entry-content-wrapper clearfix'>\n<div  class='avia-content-slider-element-container av-jp9vep8d-cf18836a0ef54fa3cba61ad1be182fe3 avia-content-slider-element-slider avia-content-slider avia-smallarrow-slider avia-content-slider-active avia-content-slider-odd  avia-builder-el-11  avia-builder-el-no-sibling  av-slideshow-ui av-control-default av-nav-arrows-visible av-nav-dots-visible av-no-slider-navigation av-slideshow-manual av-loop-once av-loop-manual-endless avia-content-slider1' data-slideshow-options=\"{&quot;animation&quot;:&quot;slide&quot;,&quot;autoplay&quot;:false,&quot;loop_autoplay&quot;:&quot;once&quot;,&quot;interval&quot;:5,&quot;loop_manual&quot;:&quot;manual-endless&quot;,&quot;autoplay_stopper&quot;:false,&quot;noNavigation&quot;:false,&quot;bg_slider&quot;:false,&quot;keep_padding&quot;:&quot;&quot;,&quot;hoverpause&quot;:false,&quot;show_slide_delay&quot;:30}\"><div class='avia-smallarrow-slider-heading  no-content-slider-heading '><div class='new-special-heading'>&nbsp;<\/div><\/div><div class=\"avia-content-slider-inner\"><div class=\"slide-entry-wrap\"><section class='slide-entry av-lnsvsarn-18f638f47b1165486cbb350319526a24 flex_column av_fullwidth post-entry slide-entry-overview slide-loop-1 slide-parity-odd  post-entry-last  first'  itemscope=\"itemscope\" itemtype=\"https:\/\/schema.org\/CreativeWork\" ><h3 class='slide-entry-title entry-title '  itemprop=\"headline\" >Coloplast Luja<\/h3><div class='slide-entry-excerpt entry-content'  itemprop=\"text\" ><p><img loading=\"lazy\" decoding=\"async\" class=\"alignleft wp-image-5135 size-full\" src=\"https:\/\/all4care.ch\/wp-content\/uploads\/2023\/10\/Sans-titre-1-1.jpg\" alt=\"Coloplast LujaTM - Le cath\u00e9ter pour hommes de la prochaine g\u00e9n\u00e9ration\" width=\"480\" height=\"240\" srcset=\"https:\/\/all4care.ch\/wp-content\/uploads\/2023\/10\/Sans-titre-1-1.jpg 480w, https:\/\/all4care.ch\/wp-content\/uploads\/2023\/10\/Sans-titre-1-1-300x150.jpg 300w\" sizes=\"auto, (max-width: 480px) 100vw, 480px\" \/><\/p>\n<p><span style=\"color: #ffffff; line-height: 3.6em;\">La nouvelle sonde\u00a0 de Coloplast<\/span><\/p>\n<p><strong><span style=\"color: #ffffff;\">Coloplast \u00a0Luja<sup>TM<\/sup> &#8211; La sonde pour hommes de la prochaine g\u00e9n\u00e9ration<\/span><\/strong><\/p>\n<div  class='avia-button-wrap av-4unbkl-79dff6838c8708bc2d2608501c208408-wrap avia-button-right  avia-builder-el-12  avia-builder-el-no-sibling '><a href='https:\/\/all4care.ch\/fr\/contact\/?anliegen=Allgemeine%20Anfrage&amp;your-message=Bitte%20informieren%20Sie%20mich%20%C3%BCber%20das%20Produkt%20%22SpeediCath%3Csup%3E%C2%AE%3C\/sup%3E%20Flex%22.'  class='avia-button av-4unbkl-79dff6838c8708bc2d2608501c208408 av-link-btn avia-icon_select-yes-left-icon avia-size-medium avia-position-right avia-color-avia-color-light'   aria-label=\"Question sur leproduit?\"><span class='avia_button_icon avia_button_icon_left avia-iconfont avia-font-entypo-fontello' data-av_icon='\ue81f' data-av_iconfont='entypo-fontello' ><\/span><span class='avia_iconbox_title' >Question sur leproduit?<\/span><\/a><\/div>\n<\/div><\/section><\/div><\/div><\/div>\n<\/div><\/div><\/div><!-- close content main div --><\/div><\/div><div id='after_section_1'  class='main_color av_default_container_wrap container_wrap sidebar_right'  ><div class='container av-section-cont-open' ><div class='template-page content  av-content-small alpha units'><div class='post-entry post-entry-type-page post-entry-1798'><div class='entry-content-wrapper clearfix'>\n<style type=\"text\/css\" data-created_by=\"avia_inline_auto\" id=\"style-css-av-josi06yz-a227923a889fc2c2f0deccb52faf1f28\">\n#top .flex_column.av-josi06yz-a227923a889fc2c2f0deccb52faf1f28{\nmargin-top:20px;\nmargin-bottom:20px;\n}\n.flex_column.av-josi06yz-a227923a889fc2c2f0deccb52faf1f28{\nborder-radius:0px 0px 0px 0px;\npadding:0px 0px 0px 0px;\n}\n.responsive #top #wrap_all .flex_column.av-josi06yz-a227923a889fc2c2f0deccb52faf1f28{\nmargin-top:20px;\nmargin-bottom:20px;\n}\n<\/style>\n<div  class='flex_column av-josi06yz-a227923a889fc2c2f0deccb52faf1f28 av_one_full  avia-builder-el-13  el_after_av_section  avia-builder-el-no-sibling  first flex_column_div av-zero-column-padding  '     ><\/div><\/p>\n","protected":false},"excerpt":{"rendered":"","protected":false},"author":1,"featured_media":0,"parent":1796,"menu_order":100,"comment_status":"closed","ping_status":"closed","template":"","meta":{"inline_featured_image":false,"footnotes":""},"class_list":["post-1798","page","type-page","status-publish","hentry"],"_links":{"self":[{"href":"https:\/\/all4care.ch\/fr\/wp-json\/wp\/v2\/pages\/1798","targetHints":{"allow":["GET"]}}],"collection":[{"href":"https:\/\/all4care.ch\/fr\/wp-json\/wp\/v2\/pages"}],"about":[{"href":"https:\/\/all4care.ch\/fr\/wp-json\/wp\/v2\/types\/page"}],"author":[{"embeddable":true,"href":"https:\/\/all4care.ch\/fr\/wp-json\/wp\/v2\/users\/1"}],"replies":[{"embeddable":true,"href":"https:\/\/all4care.ch\/fr\/wp-json\/wp\/v2\/comments?post=1798"}],"version-history":[{"count":10,"href":"https:\/\/all4care.ch\/fr\/wp-json\/wp\/v2\/pages\/1798\/revisions"}],"predecessor-version":[{"id":5947,"href":"https:\/\/all4care.ch\/fr\/wp-json\/wp\/v2\/pages\/1798\/revisions\/5947"}],"up":[{"embeddable":true,"href":"https:\/\/all4care.ch\/fr\/wp-json\/wp\/v2\/pages\/1796"}],"wp:attachment":[{"href":"https:\/\/all4care.ch\/fr\/wp-json\/wp\/v2\/media?parent=1798"}],"curies":[{"name":"wp","href":"https:\/\/api.w.org\/{rel}","templated":true}]}}