{"id":1803,"date":"2019-01-02T17:26:27","date_gmt":"2019-01-02T16:26:27","guid":{"rendered":"https:\/\/all4care.ch\/client-prive\/soins-des-stomies\/"},"modified":"2021-05-05T09:11:59","modified_gmt":"2021-05-05T07:11:59","slug":"soins-des-stomies","status":"publish","type":"page","link":"https:\/\/all4care.ch\/fr\/client-prive\/soins-des-stomies\/","title":{"rendered":"Soins des stomies"},"content":{"rendered":"<div id='full_slider_1'  class='avia-fullwidth-slider main_color avia-shadow   avia-builder-el-0  el_before_av_layout_row  avia-builder-el-first   container_wrap sidebar_right'  ><div  class='avia-slideshow av-jnkaflo6-b1183fe233089db1f698a24096f49d7b avia-slideshow-no scaling av_slideshow_full avia-fade-slider av-slideshow-ui av-control-default av-slideshow-manual av-loop-once av-loop-manual-endless av-default-height-applied   avia-slideshow-1' data-slideshow-options=\"{&quot;animation&quot;:&quot;fade&quot;,&quot;autoplay&quot;:false,&quot;loop_autoplay&quot;:&quot;once&quot;,&quot;interval&quot;:5,&quot;loop_manual&quot;:&quot;manual-endless&quot;,&quot;autoplay_stopper&quot;:false,&quot;noNavigation&quot;:false,&quot;bg_slider&quot;:false,&quot;keep_padding&quot;:false,&quot;hoverpause&quot;:false,&quot;show_slide_delay&quot;:0}\"  itemprop=\"image\" itemscope=\"itemscope\" itemtype=\"https:\/\/schema.org\/ImageObject\" ><ul class='avia-slideshow-inner ' style='padding-bottom: 28.5%;'><li  class='avia-slideshow-slide av-jnkaflo6-b1183fe233089db1f698a24096f49d7b__0  av-single-slide slide-1 slide-odd'><div data-rel='slideshow-1' class='avia-slide-wrap '   ><img decoding=\"async\" fetchpriority=\"high\" class=\"wp-image-1576 avia-img-lazy-loading-not-1576\"  src=\"https:\/\/all4care.ch\/wp-content\/uploads\/2018\/12\/stoma-versorgung-all4care.jpg\" width=\"1600\" height=\"456\" title='stoma-versorgung-all4care' alt='Soins-des-stomies-A-propos-de-nous-all4care'  itemprop=\"thumbnailUrl\" srcset=\"https:\/\/all4care.ch\/wp-content\/uploads\/2018\/12\/stoma-versorgung-all4care.jpg 1600w, https:\/\/all4care.ch\/wp-content\/uploads\/2018\/12\/stoma-versorgung-all4care-600x171.jpg 600w, https:\/\/all4care.ch\/wp-content\/uploads\/2018\/12\/stoma-versorgung-all4care-300x86.jpg 300w, https:\/\/all4care.ch\/wp-content\/uploads\/2018\/12\/stoma-versorgung-all4care-768x219.jpg 768w, https:\/\/all4care.ch\/wp-content\/uploads\/2018\/12\/stoma-versorgung-all4care-1030x294.jpg 1030w, https:\/\/all4care.ch\/wp-content\/uploads\/2018\/12\/stoma-versorgung-all4care-1500x428.jpg 1500w, https:\/\/all4care.ch\/wp-content\/uploads\/2018\/12\/stoma-versorgung-all4care-705x201.jpg 705w\" sizes=\"(max-width: 1600px) 100vw, 1600px\" \/><\/div><\/li><\/ul><\/div><\/div>\n<div id='av-layout-grid-1'  class='av-layout-grid-container av-18ypei-385edcc5e52aaa494fa8f5ef306b40eb entry-content-wrapper main_color av-fixed-cells  avia-builder-el-1  el_after_av_slideshow_full  el_before_av_one_third  grid-row-not-first  container_wrap sidebar_right'  >\n\n<style type=\"text\/css\" data-created_by=\"avia_inline_auto\" id=\"style-css-av-cd3ua2-0e61c0c01ee70cc708775fe6b7ba2f9a\">\n.flex_cell.av-cd3ua2-0e61c0c01ee70cc708775fe6b7ba2f9a{\nvertical-align:top;\nbackground-color:#648bc7;\n}\n.responsive #top #wrap_all .flex_cell.av-cd3ua2-0e61c0c01ee70cc708775fe6b7ba2f9a{\npadding:9px 0px 0px 0px !important;\n}\n<\/style>\n<div class='flex_cell av-cd3ua2-0e61c0c01ee70cc708775fe6b7ba2f9a av-gridrow-cell av_one_half no_margin  avia-builder-el-2  el_before_av_cell_one_half  avia-builder-el-first  content-align-top'  ><div class='flex_cell_inner'><\/div><\/div>\n<style type=\"text\/css\" data-created_by=\"avia_inline_auto\" id=\"style-css-av-c65y4y-f9b9eba30e94b62305e57a22f85fb04e\">\n.flex_cell.av-c65y4y-f9b9eba30e94b62305e57a22f85fb04e{\nvertical-align:top;\nbackground-color:#648bc7;\n}\n.responsive #top #wrap_all .flex_cell.av-c65y4y-f9b9eba30e94b62305e57a22f85fb04e{\npadding:9px 0px 0px 0px !important;\n}\n<\/style>\n<div class='flex_cell av-c65y4y-f9b9eba30e94b62305e57a22f85fb04e av-gridrow-cell av_one_half no_margin  avia-builder-el-3  el_after_av_cell_one_half  avia-builder-el-last  content-align-top'  ><div class='flex_cell_inner'><\/div><\/div>\n<\/div><div id='after_grid_row_1'  class='main_color av_default_container_wrap container_wrap sidebar_right'  ><div class='container av-section-cont-open' ><div class='template-page content  av-content-small alpha units'><div class='post-entry post-entry-type-page post-entry-1803'><div class='entry-content-wrapper clearfix'>\n\n<style type=\"text\/css\" data-created_by=\"avia_inline_auto\" id=\"style-css-av-amwj72-b1c1029a87b6377747723a3af133a9d6\">\n#top .flex_column.av-amwj72-b1c1029a87b6377747723a3af133a9d6{\nmargin-top:-80px;\nmargin-bottom:0px;\n}\n.flex_column.av-amwj72-b1c1029a87b6377747723a3af133a9d6{\nborder-radius:0px 0px 0px 0px;\npadding:41px 11px 41px 11px;\nbackground-color:#648bc7;\n}\n.responsive #top #wrap_all .flex_column.av-amwj72-b1c1029a87b6377747723a3af133a9d6{\nmargin-top:-80px;\nmargin-bottom:0px;\n}\n<\/style>\n<div  class='flex_column av-amwj72-b1c1029a87b6377747723a3af133a9d6 av_one_third  avia-builder-el-4  el_after_av_layout_row  el_before_av_two_third  avia-builder-el-first  first flex_column_div  '     ><style type=\"text\/css\" data-created_by=\"avia_inline_auto\" id=\"style-css-av-jok1sq7p-8815df0cdd81476a0a8672ffe3cba44b\">\n#top .av_textblock_section.av-jok1sq7p-8815df0cdd81476a0a8672ffe3cba44b .avia_textblock{\ncolor:#ffffff;\n}\n<\/style>\n<section  class='av_textblock_section av-jok1sq7p-8815df0cdd81476a0a8672ffe3cba44b '   itemscope=\"itemscope\" itemtype=\"https:\/\/schema.org\/CreativeWork\" ><div class='avia_textblock av_inherit_color'  itemprop=\"text\" ><h1 style=\"text-align: center;\">Soins<br \/>\ndes stomies<\/h1>\n<\/div><\/section><\/div>\n\n<style type=\"text\/css\" data-created_by=\"avia_inline_auto\" id=\"style-css-av-2tf03i-674ce1ab20ff2d96ac4cebdd9ae89d84\">\n#top .flex_column.av-2tf03i-674ce1ab20ff2d96ac4cebdd9ae89d84{\nmargin-top:-80px;\nmargin-bottom:0px;\n}\n.flex_column.av-2tf03i-674ce1ab20ff2d96ac4cebdd9ae89d84{\nborder-radius:0px 0px 0px 0px;\npadding:60px 0px 0px 0px;\n}\n.responsive #top #wrap_all .flex_column.av-2tf03i-674ce1ab20ff2d96ac4cebdd9ae89d84{\nmargin-top:-80px;\nmargin-bottom:0px;\n}\n<\/style>\n<div  class='flex_column av-2tf03i-674ce1ab20ff2d96ac4cebdd9ae89d84 av_two_third  avia-builder-el-6  el_after_av_one_third  avia-builder-el-last  flex_column_div  '     ><section  class='av_textblock_section av-jok2o8bj-d5a66e373f1f2e42c0382b10188b5b86 '   itemscope=\"itemscope\" itemtype=\"https:\/\/schema.org\/CreativeWork\" ><div class='avia_textblock'  itemprop=\"text\" ><p>En m\u00e9decine, une stomie est une ouverture corporelle cr\u00e9\u00e9e artificiellement. Habituellement, la stomie est une ouverture dans la paroi abdominale \u00e0 travers de laquelle l\u2019intestin ou les uret\u00e8res sont dirig\u00e9s vers l\u2019ext\u00e9rieur. La cause de la cr\u00e9ation d&rsquo;une stomie est souvent un cancer (70 &#8211; 80%). Cependant, les maladies chroniques intestinales, les malformations cong\u00e9nitales ou les accidents peuvent aussi n\u00e9cessiter l&rsquo;appareillage d&rsquo;une stomie. \u00c9tant donn\u00e9 que l\u2019appareillage d\u2019une stomie est tr\u00e8s individuel, nous travaillons en \u00e9troite concertation avec votre stomath\u00e9rapeute.<\/p>\n<ul>\n<li>D\u00e9coupe individuelle de vos poches de stomie<\/li>\n<li>Conseils personnels chez vous \u00e0 domicile<\/li>\n<li>Soutien pour le remboursement des co\u00fbts par l\u2019assurance maladie<\/li>\n<li>Livraison gratuite \u00e0 votre domicile<\/li>\n<\/ul>\n<\/div><\/section><\/div>\n","protected":false},"excerpt":{"rendered":"","protected":false},"author":1,"featured_media":0,"parent":1796,"menu_order":200,"comment_status":"closed","ping_status":"closed","template":"","meta":{"inline_featured_image":false,"footnotes":""},"class_list":["post-1803","page","type-page","status-publish","hentry"],"_links":{"self":[{"href":"https:\/\/all4care.ch\/fr\/wp-json\/wp\/v2\/pages\/1803","targetHints":{"allow":["GET"]}}],"collection":[{"href":"https:\/\/all4care.ch\/fr\/wp-json\/wp\/v2\/pages"}],"about":[{"href":"https:\/\/all4care.ch\/fr\/wp-json\/wp\/v2\/types\/page"}],"author":[{"embeddable":true,"href":"https:\/\/all4care.ch\/fr\/wp-json\/wp\/v2\/users\/1"}],"replies":[{"embeddable":true,"href":"https:\/\/all4care.ch\/fr\/wp-json\/wp\/v2\/comments?post=1803"}],"version-history":[{"count":4,"href":"https:\/\/all4care.ch\/fr\/wp-json\/wp\/v2\/pages\/1803\/revisions"}],"predecessor-version":[{"id":2547,"href":"https:\/\/all4care.ch\/fr\/wp-json\/wp\/v2\/pages\/1803\/revisions\/2547"}],"up":[{"embeddable":true,"href":"https:\/\/all4care.ch\/fr\/wp-json\/wp\/v2\/pages\/1796"}],"wp:attachment":[{"href":"https:\/\/all4care.ch\/fr\/wp-json\/wp\/v2\/media?parent=1803"}],"curies":[{"name":"wp","href":"https:\/\/api.w.org\/{rel}","templated":true}]}}