{"id":1808,"date":"2019-01-02T17:44:45","date_gmt":"2019-01-02T16:44:45","guid":{"rendered":"https:\/\/all4care.ch\/entre-de-bonnes-mains\/"},"modified":"2025-07-07T14:25:00","modified_gmt":"2025-07-07T12:25:00","slug":"entre-de-bonnes-mains","status":"publish","type":"page","link":"https:\/\/all4care.ch\/fr\/prescripteur-2\/entre-de-bonnes-mains\/","title":{"rendered":"Entre de bonnes mains"},"content":{"rendered":"<div id='full_slider_1'  class='avia-fullwidth-slider main_color avia-shadow   avia-builder-el-0  el_before_av_layout_row  avia-builder-el-first   container_wrap sidebar_right'  ><div  class='avia-slideshow av-jnkaflo6-b1183fe233089db1f698a24096f49d7b avia-slideshow-no scaling av_slideshow_full avia-fade-slider av-slideshow-ui av-control-default av-slideshow-manual av-loop-once av-loop-manual-endless av-default-height-applied   avia-slideshow-1' data-slideshow-options=\"{&quot;animation&quot;:&quot;fade&quot;,&quot;autoplay&quot;:false,&quot;loop_autoplay&quot;:&quot;once&quot;,&quot;interval&quot;:5,&quot;loop_manual&quot;:&quot;manual-endless&quot;,&quot;autoplay_stopper&quot;:false,&quot;noNavigation&quot;:false,&quot;bg_slider&quot;:false,&quot;keep_padding&quot;:false,&quot;hoverpause&quot;:false,&quot;show_slide_delay&quot;:0}\"  itemprop=\"image\" itemscope=\"itemscope\" itemtype=\"https:\/\/schema.org\/ImageObject\" ><ul class='avia-slideshow-inner ' style='padding-bottom: 28.5%;'><li  class='avia-slideshow-slide av-jnkaflo6-b1183fe233089db1f698a24096f49d7b__0  av-single-slide slide-1 slide-odd'><div data-rel='slideshow-1' class='avia-slide-wrap '   ><img decoding=\"async\" fetchpriority=\"high\" class=\"wp-image-1487 avia-img-lazy-loading-not-1487\"  src=\"https:\/\/all4care.ch\/wp-content\/uploads\/2018\/12\/zuweiser-Persoenliche-Beratung-all4care.jpg\" width=\"1600\" height=\"456\" title='zuweiser-Persoenliche-Beratung-all4care' alt='prescripteur-conseils-personnels '  itemprop=\"thumbnailUrl\" srcset=\"https:\/\/all4care.ch\/wp-content\/uploads\/2018\/12\/zuweiser-Persoenliche-Beratung-all4care.jpg 1600w, https:\/\/all4care.ch\/wp-content\/uploads\/2018\/12\/zuweiser-Persoenliche-Beratung-all4care-600x171.jpg 600w, https:\/\/all4care.ch\/wp-content\/uploads\/2018\/12\/zuweiser-Persoenliche-Beratung-all4care-300x86.jpg 300w, https:\/\/all4care.ch\/wp-content\/uploads\/2018\/12\/zuweiser-Persoenliche-Beratung-all4care-768x219.jpg 768w, https:\/\/all4care.ch\/wp-content\/uploads\/2018\/12\/zuweiser-Persoenliche-Beratung-all4care-1030x294.jpg 1030w, https:\/\/all4care.ch\/wp-content\/uploads\/2018\/12\/zuweiser-Persoenliche-Beratung-all4care-1500x428.jpg 1500w, https:\/\/all4care.ch\/wp-content\/uploads\/2018\/12\/zuweiser-Persoenliche-Beratung-all4care-705x201.jpg 705w\" sizes=\"(max-width: 1600px) 100vw, 1600px\" \/><\/div><\/li><\/ul><\/div><\/div>\n<div id='av-layout-grid-1'  class='av-layout-grid-container av-18ypei-385edcc5e52aaa494fa8f5ef306b40eb entry-content-wrapper main_color av-fixed-cells  avia-builder-el-1  el_after_av_slideshow_full  el_before_av_one_third  grid-row-not-first  container_wrap sidebar_right'  >\n\n<style type=\"text\/css\" data-created_by=\"avia_inline_auto\" id=\"style-css-av-cd3ua2-0e61c0c01ee70cc708775fe6b7ba2f9a\">\n.flex_cell.av-cd3ua2-0e61c0c01ee70cc708775fe6b7ba2f9a{\nvertical-align:top;\nbackground-color:#648bc7;\n}\n.responsive #top #wrap_all .flex_cell.av-cd3ua2-0e61c0c01ee70cc708775fe6b7ba2f9a{\npadding:9px 0px 0px 0px !important;\n}\n<\/style>\n<div class='flex_cell av-cd3ua2-0e61c0c01ee70cc708775fe6b7ba2f9a av-gridrow-cell av_one_half no_margin  avia-builder-el-2  el_before_av_cell_one_half  avia-builder-el-first  content-align-top'  ><div class='flex_cell_inner'><\/div><\/div>\n<style type=\"text\/css\" data-created_by=\"avia_inline_auto\" id=\"style-css-av-c65y4y-f9b9eba30e94b62305e57a22f85fb04e\">\n.flex_cell.av-c65y4y-f9b9eba30e94b62305e57a22f85fb04e{\nvertical-align:top;\nbackground-color:#648bc7;\n}\n.responsive #top #wrap_all .flex_cell.av-c65y4y-f9b9eba30e94b62305e57a22f85fb04e{\npadding:9px 0px 0px 0px !important;\n}\n<\/style>\n<div class='flex_cell av-c65y4y-f9b9eba30e94b62305e57a22f85fb04e av-gridrow-cell av_one_half no_margin  avia-builder-el-3  el_after_av_cell_one_half  avia-builder-el-last  content-align-top'  ><div class='flex_cell_inner'><\/div><\/div>\n<\/div><div id='after_grid_row_1'  class='main_color av_default_container_wrap container_wrap sidebar_right'  ><div class='container av-section-cont-open' ><div class='template-page content  av-content-small alpha units'><div class='post-entry post-entry-type-page post-entry-1808'><div class='entry-content-wrapper clearfix'>\n\n<style type=\"text\/css\" data-created_by=\"avia_inline_auto\" id=\"style-css-av-amwj72-b1c1029a87b6377747723a3af133a9d6\">\n#top .flex_column.av-amwj72-b1c1029a87b6377747723a3af133a9d6{\nmargin-top:-80px;\nmargin-bottom:0px;\n}\n.flex_column.av-amwj72-b1c1029a87b6377747723a3af133a9d6{\nborder-radius:0px 0px 0px 0px;\npadding:41px 11px 41px 11px;\nbackground-color:#648bc7;\n}\n.responsive #top #wrap_all .flex_column.av-amwj72-b1c1029a87b6377747723a3af133a9d6{\nmargin-top:-80px;\nmargin-bottom:0px;\n}\n<\/style>\n<div  class='flex_column av-amwj72-b1c1029a87b6377747723a3af133a9d6 av_one_third  avia-builder-el-4  el_after_av_layout_row  el_before_av_two_third  avia-builder-el-first  first flex_column_div  '     ><style type=\"text\/css\" data-created_by=\"avia_inline_auto\" id=\"style-css-av-jok1sq7p-8815df0cdd81476a0a8672ffe3cba44b\">\n#top .av_textblock_section.av-jok1sq7p-8815df0cdd81476a0a8672ffe3cba44b .avia_textblock{\ncolor:#ffffff;\n}\n<\/style>\n<section  class='av_textblock_section av-jok1sq7p-8815df0cdd81476a0a8672ffe3cba44b '   itemscope=\"itemscope\" itemtype=\"https:\/\/schema.org\/CreativeWork\" ><div class='avia_textblock av_inherit_color'  itemprop=\"text\" ><h1 style=\"text-align: center;\">Entre de bonnes mains<\/h1>\n<\/div><\/section><\/div>\n\n<style type=\"text\/css\" data-created_by=\"avia_inline_auto\" id=\"style-css-av-2tf03i-674ce1ab20ff2d96ac4cebdd9ae89d84\">\n#top .flex_column.av-2tf03i-674ce1ab20ff2d96ac4cebdd9ae89d84{\nmargin-top:-80px;\nmargin-bottom:0px;\n}\n.flex_column.av-2tf03i-674ce1ab20ff2d96ac4cebdd9ae89d84{\nborder-radius:0px 0px 0px 0px;\npadding:60px 0px 0px 0px;\n}\n.responsive #top #wrap_all .flex_column.av-2tf03i-674ce1ab20ff2d96ac4cebdd9ae89d84{\nmargin-top:-80px;\nmargin-bottom:0px;\n}\n<\/style>\n<div  class='flex_column av-2tf03i-674ce1ab20ff2d96ac4cebdd9ae89d84 av_two_third  avia-builder-el-6  el_after_av_one_third  el_before_av_one_third  flex_column_div  '     ><section  class='av_textblock_section av-jok2o8bj-a0e8f3dd2b5641f1e654bba5a2702026 '   itemscope=\"itemscope\" itemtype=\"https:\/\/schema.org\/CreativeWork\" ><div class='avia_textblock'  itemprop=\"text\" ><p>Conseil, service, approvisionnement &#8211; utilisez nos forces. Nous prenons soin de vos patients de tout \u00e2ge et de leur entourage. En tant que partenaire contractuel des compagnies d\u2019assurance maladie, nous fournissons du mat\u00e9riel sur ordonnance et le facturons directement aux diverses caisses maladies. De plus, nous livrons tous les articles de notre gamme sur facture directement aux particuliers. En cas de facturation via une ordonnance que vous avez \u00e9mise, nous supprimons tout le travail li\u00e9 \u00e0 la facturation du patient.<\/p>\n<p>Souhaitez-vous former votre personnel aux possibilit\u00e9s de distribution de mat\u00e9riel pour l\u2019incontinence ? Nous vous donnons un aper\u00e7u des produits des principaux fabricants. Nos sp\u00e9cialistes se feront un plaisir de vous proposer un programme de formation sur mesure.<\/p>\n<ul>\n<li>Echantillonnage Gratuit<\/li>\n<li>Conseils personnels \u00e9galement chez le patient \u00e0 domicile.<\/li>\n<li>Assistance pour le remboursement par l&rsquo;assurance maladie.<\/li>\n<li>Livraison gratuite chez le patient.<\/li>\n<\/ul>\n<\/div><\/section><\/div>\n\n<style type=\"text\/css\" data-created_by=\"avia_inline_auto\" id=\"style-css-av-5mzca9-3a57973df6be09d480a5cf5cc7231dd3\">\n.flex_column.av-5mzca9-3a57973df6be09d480a5cf5cc7231dd3{\nborder-radius:0px 0px 0px 0px;\npadding:0px 0px 0px 0px;\n}\n<\/style>\n<div  class='flex_column av-5mzca9-3a57973df6be09d480a5cf5cc7231dd3 av_one_third  avia-builder-el-8  el_after_av_two_third  el_before_av_two_third  first flex_column_div av-zero-column-padding  column-top-margin'     ><\/div>\n\n<style type=\"text\/css\" data-created_by=\"avia_inline_auto\" id=\"style-css-av-4r4v4x-5dd51c75a0b5b6f9d93301d5cf2b5229\">\n.flex_column.av-4r4v4x-5dd51c75a0b5b6f9d93301d5cf2b5229{\nborder-radius:0px 0px 0px 0px;\npadding:0px 0px 0px 0px;\n}\n<\/style>\n<div  class='flex_column av-4r4v4x-5dd51c75a0b5b6f9d93301d5cf2b5229 av_two_third  avia-builder-el-9  el_after_av_one_third  avia-builder-el-last  flex_column_div av-zero-column-padding  column-top-margin'     ><p><div  class='avia-button-wrap av-jpaylxt6-fe3c336d3bcc93492c03f5678448a83f-wrap avia-button-left  avia-builder-el-10  el_before_av_textblock  avia-builder-el-first '><a href='https:\/\/all4care.ch\/fr\/contact\/?anliegen=Demande%20de%20rendez-vous'  class='avia-button av-jpaylxt6-fe3c336d3bcc93492c03f5678448a83f av-link-btn avia-icon_select-yes-left-icon avia-size-medium avia-position-left avia-color-theme-color'   aria-label=\"Demander un rendez-vous\"><span class='avia_button_icon avia_button_icon_left avia-iconfont avia-font-typicon-selection-a4c' data-av_icon='\ue805' data-av_iconfont='typicon-selection-a4c' ><\/span><span class='avia_iconbox_title' >Demander un rendez-vous<\/span><\/a><\/div><br \/>\n<section  class='av_textblock_section av-jpayjvck-a9e88bef39dda2d7a984d6e9209b19e6 '   itemscope=\"itemscope\" itemtype=\"https:\/\/schema.org\/CreativeWork\" ><div class='avia_textblock'  itemprop=\"text\" ><p>Ou vous t\u00e9l\u00e9chargez un de nos formulaires et envoyer le nous par mail \u00e0 &#105;&#x6e;&#102;&#x6f;&#64;&#x61;l&#108;&#x34;&#99;&#x61;&#114;&#x65;&#46;&#x63;h:<\/p>\n<\/div><\/section><br \/>\n<div  class='avia-icon-list-container av-av_iconlist-1e6bd2118d736ccacf17fd60385eb5fd  avia-builder-el-12  el_after_av_textblock  avia-builder-el-last '><ul class='avia-icon-list avia_animate_when_almost_visible avia-icon-list-left av-iconlist-big av-av_iconlist-1e6bd2118d736ccacf17fd60385eb5fd avia-iconlist-animate'>\n<li><a href='https:\/\/all4care.ch\/wp-content\/uploads\/2025\/07\/250707_all4care-Commande_FR.pdf' title='T\u00e9l\u00e9charger formulaire de commande (PDF \u00e0 compl\u00e9ter)'  target=\"_blank\"  rel=\"noopener noreferrer\" class='iconlist_icon av-av_iconlist_item-49abf9410df15de9a630b4b6de51c343 avia-font-entypo-fontello avia-iconfont avia-font-entypo-fontello'><span class='av-icon-char' data-av_icon='\ue82d' data-av_iconfont='entypo-fontello' aria-hidden=\"true\"><\/span><\/a><article class=\"article-icon-entry av-iconlist-empty\"  itemscope=\"itemscope\" itemtype=\"https:\/\/schema.org\/CreativeWork\" ><div class=\"iconlist_content_wrap\"><header class=\"entry-content-header\" aria-label=\"Ic\u00f4ne : &lt;a href=&#039;https:\/\/all4care.ch\/wp-content\/uploads\/2025\/07\/250707_all4care-Commande_FR.pdf&#039; title=&#039;T\u00e9l\u00e9charger formulaire de commande (PDF \u00e0 compl\u00e9ter)&#039; target=&quot;_blank&quot;  rel=&quot;noopener noreferrer&quot;&gt;T\u00e9l\u00e9charger formulaire de commande (PDF \u00e0 compl\u00e9ter)&lt;\/a&gt;\"><h4 class='av_iconlist_title iconlist_title  '  itemprop=\"headline\" ><a href='https:\/\/all4care.ch\/wp-content\/uploads\/2025\/07\/250707_all4care-Commande_FR.pdf' title='T\u00e9l\u00e9charger formulaire de commande (PDF \u00e0 compl\u00e9ter)' target=\"_blank\"  rel=\"noopener noreferrer\">T\u00e9l\u00e9charger formulaire de commande (PDF \u00e0 compl\u00e9ter)<\/a><\/h4><\/header><div class='iconlist_content '  itemprop=\"text\" ><\/div><\/div><footer class=\"entry-footer\"><\/footer><\/article><div class=\"iconlist-timeline\"><\/div><\/li>\n<li><a href='https:\/\/all4care.ch\/wp-content\/uploads\/2025\/07\/250606_Ordonnance-Uro-FR.pdf' title='T\u00e9l\u00e9charger ordonnance incontinence (PDF \u00e0 compl\u00e9ter)'  target=\"_blank\"  rel=\"noopener noreferrer\" class='iconlist_icon av-av_iconlist_item-e6e7aa25e501b3b4cba06034bf0f18ac avia-font-entypo-fontello avia-iconfont avia-font-entypo-fontello'><span class='av-icon-char' data-av_icon='\ue82d' data-av_iconfont='entypo-fontello' aria-hidden=\"true\"><\/span><\/a><article class=\"article-icon-entry av-iconlist-empty\"  itemscope=\"itemscope\" itemtype=\"https:\/\/schema.org\/CreativeWork\" ><div class=\"iconlist_content_wrap\"><header class=\"entry-content-header\" aria-label=\"Ic\u00f4ne : &lt;a href=&#039;https:\/\/all4care.ch\/wp-content\/uploads\/2025\/07\/250606_Ordonnance-Uro-FR.pdf&#039; title=&#039;T\u00e9l\u00e9charger ordonnance incontinence (PDF \u00e0 compl\u00e9ter)&#039; target=&quot;_blank&quot;  rel=&quot;noopener noreferrer&quot;&gt;T\u00e9l\u00e9charger ordonnance incontinence (PDF \u00e0 compl\u00e9ter)&lt;\/a&gt;\"><h4 class='av_iconlist_title iconlist_title  '  itemprop=\"headline\" ><a href='https:\/\/all4care.ch\/wp-content\/uploads\/2025\/07\/250606_Ordonnance-Uro-FR.pdf' title='T\u00e9l\u00e9charger ordonnance incontinence (PDF \u00e0 compl\u00e9ter)' target=\"_blank\"  rel=\"noopener noreferrer\">T\u00e9l\u00e9charger ordonnance incontinence (PDF \u00e0 compl\u00e9ter)<\/a><\/h4><\/header><div class='iconlist_content '  itemprop=\"text\" ><\/div><\/div><footer class=\"entry-footer\"><\/footer><\/article><div class=\"iconlist-timeline\"><\/div><\/li>\n<li><a href='https:\/\/all4care.ch\/wp-content\/uploads\/2025\/07\/250606_Ordonnance-Stoma_FR-web.pdf' title='T\u00e9l\u00e9charger ordonnance stomath\u00e9rapie (PDF \u00e0 compl\u00e9ter)'  target=\"_blank\"  rel=\"noopener noreferrer\" class='iconlist_icon av-av_iconlist_item-243e9b375ff8d083afa7792d315ce8cf avia-font-entypo-fontello avia-iconfont avia-font-entypo-fontello'><span class='av-icon-char' data-av_icon='\ue82d' data-av_iconfont='entypo-fontello' aria-hidden=\"true\"><\/span><\/a><article class=\"article-icon-entry av-iconlist-empty\"  itemscope=\"itemscope\" itemtype=\"https:\/\/schema.org\/CreativeWork\" ><div class=\"iconlist_content_wrap\"><header class=\"entry-content-header\" aria-label=\"Ic\u00f4ne : &lt;a href=&#039;https:\/\/all4care.ch\/wp-content\/uploads\/2025\/07\/250606_Ordonnance-Stoma_FR-web.pdf&#039; title=&#039;T\u00e9l\u00e9charger ordonnance stomath\u00e9rapie (PDF \u00e0 compl\u00e9ter)&#039; target=&quot;_blank&quot;  rel=&quot;noopener noreferrer&quot;&gt;T\u00e9l\u00e9charger ordonnance stomath\u00e9rapie (PDF \u00e0 compl\u00e9ter)&lt;\/a&gt;\"><h4 class='av_iconlist_title iconlist_title  '  itemprop=\"headline\" ><a href='https:\/\/all4care.ch\/wp-content\/uploads\/2025\/07\/250606_Ordonnance-Stoma_FR-web.pdf' title='T\u00e9l\u00e9charger ordonnance stomath\u00e9rapie (PDF \u00e0 compl\u00e9ter)' target=\"_blank\"  rel=\"noopener noreferrer\">T\u00e9l\u00e9charger ordonnance stomath\u00e9rapie (PDF \u00e0 compl\u00e9ter)<\/a><\/h4><\/header><div class='iconlist_content '  itemprop=\"text\" ><\/div><\/div><footer class=\"entry-footer\"><\/footer><\/article><div class=\"iconlist-timeline\"><\/div><\/li>\n<li><a href='https:\/\/all4care.ch\/wp-content\/uploads\/2021\/03\/Demande-de-rembousement-dun-montant-superieur-2.pdf' title='T\u00e9l\u00e9charger remboursement stomie (PDF \u00e0 compl\u00e9ter)'  target=\"_blank\"  rel=\"noopener noreferrer\" class='iconlist_icon av-av_iconlist_item-ceca7f09d71cb4536d7fda05998bf90c avia-font-entypo-fontello avia-iconfont avia-font-entypo-fontello'><span class='av-icon-char' data-av_icon='\ue82d' data-av_iconfont='entypo-fontello' aria-hidden=\"true\"><\/span><\/a><article class=\"article-icon-entry av-iconlist-empty\"  itemscope=\"itemscope\" itemtype=\"https:\/\/schema.org\/CreativeWork\" ><div class=\"iconlist_content_wrap\"><header class=\"entry-content-header\" aria-label=\"Ic\u00f4ne : &lt;a href=&#039;https:\/\/all4care.ch\/wp-content\/uploads\/2021\/03\/Demande-de-rembousement-dun-montant-superieur-2.pdf&#039; title=&#039;T\u00e9l\u00e9charger remboursement stomie (PDF \u00e0 compl\u00e9ter)&#039; target=&quot;_blank&quot;  rel=&quot;noopener noreferrer&quot;&gt;T\u00e9l\u00e9charger remboursement stomie (PDF \u00e0 compl\u00e9ter)&lt;\/a&gt;\"><h4 class='av_iconlist_title iconlist_title  '  itemprop=\"headline\" ><a href='https:\/\/all4care.ch\/wp-content\/uploads\/2021\/03\/Demande-de-rembousement-dun-montant-superieur-2.pdf' title='T\u00e9l\u00e9charger remboursement stomie (PDF \u00e0 compl\u00e9ter)' target=\"_blank\"  rel=\"noopener noreferrer\">T\u00e9l\u00e9charger remboursement stomie (PDF \u00e0 compl\u00e9ter)<\/a><\/h4><\/header><div class='iconlist_content '  itemprop=\"text\" ><\/div><\/div><footer class=\"entry-footer\"><\/footer><\/article><div class=\"iconlist-timeline\"><\/div><\/li>\n<\/ul><\/div><\/p><\/div>\n","protected":false},"excerpt":{"rendered":"","protected":false},"author":1,"featured_media":0,"parent":1810,"menu_order":100,"comment_status":"closed","ping_status":"closed","template":"","meta":{"inline_featured_image":false,"footnotes":""},"class_list":["post-1808","page","type-page","status-publish","hentry"],"_links":{"self":[{"href":"https:\/\/all4care.ch\/fr\/wp-json\/wp\/v2\/pages\/1808","targetHints":{"allow":["GET"]}}],"collection":[{"href":"https:\/\/all4care.ch\/fr\/wp-json\/wp\/v2\/pages"}],"about":[{"href":"https:\/\/all4care.ch\/fr\/wp-json\/wp\/v2\/types\/page"}],"author":[{"embeddable":true,"href":"https:\/\/all4care.ch\/fr\/wp-json\/wp\/v2\/users\/1"}],"replies":[{"embeddable":true,"href":"https:\/\/all4care.ch\/fr\/wp-json\/wp\/v2\/comments?post=1808"}],"version-history":[{"count":10,"href":"https:\/\/all4care.ch\/fr\/wp-json\/wp\/v2\/pages\/1808\/revisions"}],"predecessor-version":[{"id":5998,"href":"https:\/\/all4care.ch\/fr\/wp-json\/wp\/v2\/pages\/1808\/revisions\/5998"}],"up":[{"embeddable":true,"href":"https:\/\/all4care.ch\/fr\/wp-json\/wp\/v2\/pages\/1810"}],"wp:attachment":[{"href":"https:\/\/all4care.ch\/fr\/wp-json\/wp\/v2\/media?parent=1808"}],"curies":[{"name":"wp","href":"https:\/\/api.w.org\/{rel}","templated":true}]}}