{"id":1845,"date":"2019-01-03T11:10:44","date_gmt":"2019-01-03T10:10:44","guid":{"rendered":"https:\/\/all4care.ch\/contact\/"},"modified":"2020-11-05T08:54:43","modified_gmt":"2020-11-05T07:54:43","slug":"contact","status":"publish","type":"page","link":"https:\/\/all4care.ch\/fr\/contact\/","title":{"rendered":"Contact"},"content":{"rendered":"<div id='full_slider_1'  class='avia-fullwidth-slider main_color avia-shadow   avia-builder-el-0  el_before_av_layout_row  avia-builder-el-first   container_wrap sidebar_right'  ><div  class='avia-slideshow av-jofrdi31-34eae82cba268ac95a910d3b27aa7722 avia-slideshow-no scaling av_slideshow_full avia-fade-slider av-slideshow-ui av-control-default av-slideshow-manual av-loop-once av-loop-manual-endless av-default-height-applied   avia-slideshow-1' data-slideshow-options=\"{&quot;animation&quot;:&quot;fade&quot;,&quot;autoplay&quot;:false,&quot;loop_autoplay&quot;:&quot;once&quot;,&quot;interval&quot;:5,&quot;loop_manual&quot;:&quot;manual-endless&quot;,&quot;autoplay_stopper&quot;:false,&quot;noNavigation&quot;:false,&quot;bg_slider&quot;:false,&quot;keep_padding&quot;:false,&quot;hoverpause&quot;:false,&quot;show_slide_delay&quot;:0}\"  itemprop=\"image\" itemscope=\"itemscope\" itemtype=\"https:\/\/schema.org\/ImageObject\" ><ul class='avia-slideshow-inner ' style='padding-bottom: 28.5%;'><li  class='avia-slideshow-slide av-jofrdi31-34eae82cba268ac95a910d3b27aa7722__0  av-single-slide slide-1 slide-odd'><div data-rel='slideshow-1' class='avia-slide-wrap '   ><img decoding=\"async\" fetchpriority=\"high\" class=\"wp-image-1554 avia-img-lazy-loading-not-1554\"  src=\"https:\/\/all4care.ch\/wp-content\/uploads\/2018\/12\/kontakt-persoenliche-beratung-all4care.jpg\" width=\"1600\" height=\"456\" title='kontakt-persoenliche-beratung-all4care' alt='contact-all4care'  itemprop=\"thumbnailUrl\" srcset=\"https:\/\/all4care.ch\/wp-content\/uploads\/2018\/12\/kontakt-persoenliche-beratung-all4care.jpg 1600w, https:\/\/all4care.ch\/wp-content\/uploads\/2018\/12\/kontakt-persoenliche-beratung-all4care-600x171.jpg 600w, https:\/\/all4care.ch\/wp-content\/uploads\/2018\/12\/kontakt-persoenliche-beratung-all4care-300x86.jpg 300w, https:\/\/all4care.ch\/wp-content\/uploads\/2018\/12\/kontakt-persoenliche-beratung-all4care-768x219.jpg 768w, https:\/\/all4care.ch\/wp-content\/uploads\/2018\/12\/kontakt-persoenliche-beratung-all4care-1030x294.jpg 1030w, https:\/\/all4care.ch\/wp-content\/uploads\/2018\/12\/kontakt-persoenliche-beratung-all4care-1500x428.jpg 1500w, https:\/\/all4care.ch\/wp-content\/uploads\/2018\/12\/kontakt-persoenliche-beratung-all4care-705x201.jpg 705w\" sizes=\"(max-width: 1600px) 100vw, 1600px\" \/><\/div><\/li><\/ul><\/div><\/div>\n<div id='av-layout-grid-1'  class='av-layout-grid-container av-3znmz6-f261ea6a19a67a36367cd24bf4acbbb7 entry-content-wrapper main_color av-fixed-cells  avia-builder-el-1  el_after_av_slideshow_full  el_before_av_section  grid-row-not-first  container_wrap sidebar_right'  >\n\n<style type=\"text\/css\" data-created_by=\"avia_inline_auto\" id=\"style-css-av-3tm3yi-5417da6002235e77965bb8cc67654c1d\">\n.flex_cell.av-3tm3yi-5417da6002235e77965bb8cc67654c1d{\nvertical-align:top;\nbackground-color:#81a1d3;\n}\n.responsive #top #wrap_all .flex_cell.av-3tm3yi-5417da6002235e77965bb8cc67654c1d{\npadding:9px 0px 0px 0px !important;\n}\n<\/style>\n<div class='flex_cell av-3tm3yi-5417da6002235e77965bb8cc67654c1d av-gridrow-cell av_one_half no_margin  avia-builder-el-2  el_before_av_cell_one_half  avia-builder-el-first  content-align-top'  ><div class='flex_cell_inner'><\/div><\/div>\n<style type=\"text\/css\" data-created_by=\"avia_inline_auto\" id=\"style-css-av-3oe4ze-faa5de0dc8927b9cba5ae5fcfa9d738d\">\n.flex_cell.av-3oe4ze-faa5de0dc8927b9cba5ae5fcfa9d738d{\nvertical-align:top;\nbackground-color:#648bc7;\n}\n.responsive #top #wrap_all .flex_cell.av-3oe4ze-faa5de0dc8927b9cba5ae5fcfa9d738d{\npadding:9px 0px 0px 0px !important;\n}\n<\/style>\n<div class='flex_cell av-3oe4ze-faa5de0dc8927b9cba5ae5fcfa9d738d av-gridrow-cell av_one_half no_margin  avia-builder-el-3  el_after_av_cell_one_half  avia-builder-el-last  content-align-top'  ><div class='flex_cell_inner'><\/div><\/div>\n<\/div>\n<div id='av_section_1'  class='avia-section av-3l6hei-9e92f5c2cce57d4994724d096a8d9fcd main_color avia-section-huge avia-no-border-styling  avia-builder-el-4  el_after_av_layout_row  avia-builder-el-last  avia-bg-style-scroll container_wrap sidebar_right'  ><div class='container av-section-cont-open' ><div class='template-page content  av-content-small alpha units'><div class='post-entry post-entry-type-page post-entry-1845'><div class='entry-content-wrapper clearfix'>\n<div class='flex_column_table av-3c2jui-9527d25cb2c7bd95f5ef1cd1fd17b6fc sc-av_one_third av-equal-height-column-flextable'>\n<style type=\"text\/css\" data-created_by=\"avia_inline_auto\" id=\"style-css-av-3c2jui-9527d25cb2c7bd95f5ef1cd1fd17b6fc\">\n#top .flex_column_table.av-equal-height-column-flextable.av-3c2jui-9527d25cb2c7bd95f5ef1cd1fd17b6fc{\nmargin-top:-200px;\nmargin-bottom:0px;\n}\n.flex_column.av-3c2jui-9527d25cb2c7bd95f5ef1cd1fd17b6fc{\nborder-radius:0px 0px 0px 0px;\npadding:40px 40px 40px 40px;\n}\n<\/style>\n<div  class='flex_column av-3c2jui-9527d25cb2c7bd95f5ef1cd1fd17b6fc av_one_third  avia-builder-el-5  el_before_av_one_third  avia-builder-el-first  first no_margin flex_column_table_cell av-equal-height-column av-align-top  '     ><\/div>\n<style type=\"text\/css\" data-created_by=\"avia_inline_auto\" id=\"style-css-av-36owea-cfa6269f581292c71fc61fe8795f3e33\">\n#top .flex_column_table.av-equal-height-column-flextable.av-36owea-cfa6269f581292c71fc61fe8795f3e33{\nmargin-top:-200px;\nmargin-bottom:0px;\n}\n.flex_column.av-36owea-cfa6269f581292c71fc61fe8795f3e33{\nborder-radius:0px 0px 0px 0px;\npadding:40px 40px 40px 40px;\nbackground-color:#648bc7;\n}\n<\/style>\n<div  class='flex_column av-36owea-cfa6269f581292c71fc61fe8795f3e33 av_one_third  avia-builder-el-6  el_after_av_one_third  el_before_av_one_third  no_margin flex_column_table_cell av-equal-height-column av-align-top  '     ><p>\n<style type=\"text\/css\" data-created_by=\"avia_inline_auto\" id=\"style-css-av-31ak96-0e34c463d77faea17349d29f9d7496d7\">\n.av_font_icon.av-31ak96-0e34c463d77faea17349d29f9d7496d7{\ncolor:#ffffff;\nborder-color:#ffffff;\n}\n.avia-svg-icon.av-31ak96-0e34c463d77faea17349d29f9d7496d7 svg:first-child{\nstroke:#ffffff;\nfill:#ffffff;\n}\n.av_font_icon.av-31ak96-0e34c463d77faea17349d29f9d7496d7 .av-icon-char{\nfont-size:60px;\nline-height:60px;\n}\n<\/style>\n<span  class='av_font_icon av-31ak96-0e34c463d77faea17349d29f9d7496d7 avia_animate_when_visible av-icon-style- avia-icon-pos-center avia-iconfont avia-font-typicon-selection-a4c avia-icon-animate'><span class='av-icon-char' data-av_icon='\ue800' data-av_iconfont='typicon-selection-a4c' aria-hidden=\"true\" ><\/span><\/span><br \/>\n\n<style type=\"text\/css\" data-created_by=\"avia_inline_auto\" id=\"style-css-av-2xaldu-e6db00254b813ef2a18fa60160df9a0f\">\n#top .hr.hr-invisible.av-2xaldu-e6db00254b813ef2a18fa60160df9a0f{\nheight:20px;\n}\n<\/style>\n<div  class='hr av-2xaldu-e6db00254b813ef2a18fa60160df9a0f hr-invisible  avia-builder-el-8  el_after_av_font_icon  el_before_av_textblock '><span class='hr-inner '><span class=\"hr-inner-style\"><\/span><\/span><\/div><br \/>\n\n<style type=\"text\/css\" data-created_by=\"avia_inline_auto\" id=\"style-css-av-2smvkq-3e9d7b6702debc274b67263f41838e42\">\n#top .av_textblock_section.av-2smvkq-3e9d7b6702debc274b67263f41838e42 .avia_textblock{\ncolor:#ffffff;\n}\n<\/style>\n<section  class='av_textblock_section av-2smvkq-3e9d7b6702debc274b67263f41838e42 '   itemscope=\"itemscope\" itemtype=\"https:\/\/schema.org\/CreativeWork\" ><div class='avia_textblock av_inherit_color'  itemprop=\"text\" ><h4 style=\"text-align: center;\">CONTACT<\/h4>\n<p style=\"text-align: center;\">Vous pouvez nous joindre en tout temps au num\u00e9ro :<br \/>\n+41 58 255 12 33<\/p>\n<\/div><\/section><br \/>\n\n<style type=\"text\/css\" data-created_by=\"avia_inline_auto\" id=\"style-css-av-2k722q-1b520c8807031e038a631f590fdf4a83\">\n#top .hr.hr-invisible.av-2k722q-1b520c8807031e038a631f590fdf4a83{\nheight:8px;\n}\n<\/style>\n<div  class='hr av-2k722q-1b520c8807031e038a631f590fdf4a83 hr-invisible  avia-builder-el-10  el_after_av_textblock  avia-builder-el-last '><span class='hr-inner '><span class=\"hr-inner-style\"><\/span><\/span><\/div><\/p><\/div>\n<style type=\"text\/css\" data-created_by=\"avia_inline_auto\" id=\"style-css-av-2dptgy-9e88d814e0959b2a5c5bfcf9ed385c94\">\n#top .flex_column_table.av-equal-height-column-flextable.av-2dptgy-9e88d814e0959b2a5c5bfcf9ed385c94{\nmargin-top:-200px;\nmargin-bottom:0px;\n}\n.flex_column.av-2dptgy-9e88d814e0959b2a5c5bfcf9ed385c94{\nborder-radius:0px 0px 0px 0px;\npadding:40px 40px 40px 40px;\n}\n<\/style>\n<div  class='flex_column av-2dptgy-9e88d814e0959b2a5c5bfcf9ed385c94 av_one_third  avia-builder-el-11  el_after_av_one_third  el_before_av_one_half  no_margin flex_column_table_cell av-equal-height-column av-align-top  '     ><\/div><\/div><!--close column table wrapper. Autoclose: 1 -->\n<style type=\"text\/css\" data-created_by=\"avia_inline_auto\" id=\"style-css-av-2aeuai-c97da7fe26da5abaa7f262ec83eeea2b\">\n.flex_column.av-2aeuai-c97da7fe26da5abaa7f262ec83eeea2b{\nborder-radius:0px 0px 0px 0px;\npadding:0px 0px 0px 0px;\n}\n<\/style>\n<div  class='flex_column av-2aeuai-c97da7fe26da5abaa7f262ec83eeea2b av_one_half  avia-builder-el-12  el_after_av_one_third  el_before_av_one_half  first flex_column_div av-animated-generic bottom-to-top av-zero-column-padding  column-top-margin'     ><p>\n<style type=\"text\/css\" data-created_by=\"avia_inline_auto\" id=\"style-css-av-av_heading-0a25f3b3a3d5b9f1c172fddf3e19eccc\">\n#top .av-special-heading.av-av_heading-0a25f3b3a3d5b9f1c172fddf3e19eccc{\npadding-bottom:20px;\nfont-size:34px;\n}\nbody .av-special-heading.av-av_heading-0a25f3b3a3d5b9f1c172fddf3e19eccc .av-special-heading-tag .heading-char{\nfont-size:25px;\n}\n#top #wrap_all .av-special-heading.av-av_heading-0a25f3b3a3d5b9f1c172fddf3e19eccc .av-special-heading-tag{\nfont-size:34px;\n}\n.av-special-heading.av-av_heading-0a25f3b3a3d5b9f1c172fddf3e19eccc .av-subheading{\nfont-size:15px;\n}\n\n@media only screen and (min-width: 480px) and (max-width: 767px){ \n#top #wrap_all .av-special-heading.av-av_heading-0a25f3b3a3d5b9f1c172fddf3e19eccc .av-special-heading-tag{\nfont-size:0.8em;\n}\n}\n\n@media only screen and (max-width: 479px){ \n#top #wrap_all .av-special-heading.av-av_heading-0a25f3b3a3d5b9f1c172fddf3e19eccc .av-special-heading-tag{\nfont-size:0.8em;\n}\n}\n<\/style>\n<div  class='av-special-heading av-av_heading-0a25f3b3a3d5b9f1c172fddf3e19eccc av-special-heading-h3 blockquote modern-quote  avia-builder-el-13  el_before_av_textblock  avia-builder-el-first  av-inherit-size av-linked-heading'><div class='av-subheading av-subheading_above'><p>Conseils gratuits<\/p>\n<\/div><h3 class='av-special-heading-tag '  itemprop=\"headline\"  >Adressez-nous votre demande <\/h3><div class=\"special-heading-border\"><div class=\"special-heading-inner-border\"><\/div><\/div><\/div><br \/>\n<section  class='av_textblock_section av-hrf96-50381d4b57669c285d4ee79e0a90139c '   itemscope=\"itemscope\" itemtype=\"https:\/\/schema.org\/CreativeWork\" ><div class='avia_textblock'  itemprop=\"text\" >\n<div class=\"wpcf7 no-js\" id=\"wpcf7-f1874-o1\" lang=\"de-DE\" dir=\"ltr\" data-wpcf7-id=\"1874\">\n<div class=\"screen-reader-response\"><p role=\"status\" aria-live=\"polite\" aria-atomic=\"true\"><\/p> <ul><\/ul><\/div>\n<form action=\"\/fr\/wp-json\/wp\/v2\/pages\/1845#wpcf7-f1874-o1\" method=\"post\" class=\"wpcf7-form init\" aria-label=\"Kontaktformular\" novalidate=\"novalidate\" data-status=\"init\">\n<fieldset class=\"hidden-fields-container\"><input type=\"hidden\" name=\"_wpcf7\" value=\"1874\" \/><input type=\"hidden\" name=\"_wpcf7_version\" value=\"6.1.5\" \/><input type=\"hidden\" name=\"_wpcf7_locale\" value=\"de_DE\" \/><input type=\"hidden\" name=\"_wpcf7_unit_tag\" value=\"wpcf7-f1874-o1\" \/><input type=\"hidden\" name=\"_wpcf7_container_post\" value=\"0\" \/><input type=\"hidden\" name=\"_wpcf7_posted_data_hash\" value=\"\" \/><input type=\"hidden\" name=\"_wpcf7cf_hidden_group_fields\" value=\"[]\" \/><input type=\"hidden\" name=\"_wpcf7cf_hidden_groups\" value=\"[]\" \/><input type=\"hidden\" name=\"_wpcf7cf_visible_groups\" value=\"[]\" \/><input type=\"hidden\" name=\"_wpcf7cf_repeaters\" value=\"[]\" \/><input type=\"hidden\" name=\"_wpcf7cf_steps\" value=\"{}\" \/><input type=\"hidden\" name=\"_wpcf7cf_options\" value=\"{&quot;form_id&quot;:1874,&quot;conditions&quot;:[{&quot;then_field&quot;:&quot;gruppe-gratismuster&quot;,&quot;and_rules&quot;:[{&quot;if_field&quot;:&quot;anliegen&quot;,&quot;operator&quot;:&quot;equals&quot;,&quot;if_value&quot;:&quot;Echantillons gratuits&quot;}]},{&quot;then_field&quot;:&quot;gruppe-termin&quot;,&quot;and_rules&quot;:[{&quot;if_field&quot;:&quot;anliegen&quot;,&quot;operator&quot;:&quot;equals&quot;,&quot;if_value&quot;:&quot;Demande de rendez-vous&quot;}]},{&quot;then_field&quot;:&quot;gruppe-angebot&quot;,&quot;and_rules&quot;:[{&quot;if_field&quot;:&quot;anliegen&quot;,&quot;operator&quot;:&quot;equals&quot;,&quot;if_value&quot;:&quot;Demande de devis&quot;}]}],&quot;settings&quot;:{&quot;animation&quot;:&quot;no&quot;,&quot;animation_intime&quot;:&quot;200&quot;,&quot;animation_outtime&quot;:&quot;200&quot;,&quot;conditions_ui&quot;:&quot;normal&quot;,&quot;notice_dismissed&quot;:&quot;&quot;}}\" \/>\n<\/fieldset>\n<label for=anliegen> Votre demande (champ obligatoire)\n   <span class=\"wpcf7-form-control-wrap\" data-name=\"anliegen\"><select class=\"wpcf7-form-control wpcf7-select wpcf7-validates-as-required\" id=\"anliegen\" aria-required=\"true\" aria-invalid=\"false\" name=\"anliegen\"><option value=\"\">&#8211; Bitte ausw\u00e4hlen &#8211;<\/option><option value=\"Demande g\u00e9n\u00e9rale\">Demande g\u00e9n\u00e9rale<\/option><option value=\"Demande de rendez-vous\">Demande de rendez-vous<\/option><option value=\"Demande de devis\">Demande de devis<\/option><option value=\"Echantillons gratuits\">Echantillons gratuits<\/option><\/select><\/span><\/label>\n\n<label> Votre nom (champ obligatoire)\n    <span class=\"wpcf7-form-control-wrap\" data-name=\"your-name\"><input size=\"40\" maxlength=\"400\" class=\"wpcf7-form-control wpcf7-text wpcf7-validates-as-required\" aria-required=\"true\" aria-invalid=\"false\" value=\"\" type=\"text\" name=\"your-name\" \/><\/span> <\/label>\n\n<span data-id=\"gruppe-termin\" data-orig_data_id=\"gruppe-termin\" data-clear_on_hide class=\"\" data-class=\"wpcf7cf_group\"><label> Canton\n    <span class=\"wpcf7-form-control-wrap\" data-name=\"your-kanton\"><input size=\"40\" maxlength=\"400\" class=\"wpcf7-form-control wpcf7-text\" aria-invalid=\"false\" placeholder=\"Veuillez entrer votre canton\" value=\"\" type=\"text\" name=\"your-kanton\" \/><\/span> <\/label>\n    <label> Sujet du votre demande\n    <span class=\"wpcf7-form-control-wrap\" data-name=\"beratungsthema\"><input size=\"40\" maxlength=\"400\" class=\"wpcf7-form-control wpcf7-text\" aria-invalid=\"false\" placeholder=\"Veuillez entrer le sujet de votre demande\" value=\"\" type=\"text\" name=\"beratungsthema\" \/><\/span> <\/label>\n    <label> Votre date souhait\u00e9e\n            <span  class=\"wpcf7-form-control-wrap wunschtermin\" data-name=\"wunschtermin\">\n        \t<input size=\"40\" class=\"wpcf7-form-control wpcf7-datepicker wpcf7-validates-as-required datepicker gmdpcf_datepicker\" placeholder=\"Date souhait\u00e9e\" value=\"\" min_val=\"current|plus|0|days\" max_val=\"no_limit\" disable_weekdays=\"\" aria-required=\"true\" aria-invalid=\"false\" type=\"text\" name=\"wunschtermin\" \/>\n        \t\t\t<\/span >\n             \n <\/label>\n<\/span>\n<span data-id=\"gruppe-angebot\" data-orig_data_id=\"gruppe-angebot\" data-clear_on_hide class=\"\" data-class=\"wpcf7cf_group\">\n    <label> Pour quel produit souhaitez-vous recevoir une offre ? (champ obligatoire)\n    <span class=\"wpcf7-form-control-wrap\" data-name=\"produktangebot\"><input size=\"40\" maxlength=\"400\" class=\"wpcf7-form-control wpcf7-text wpcf7-validates-as-required\" aria-required=\"true\" aria-invalid=\"false\" placeholder=\"Bitte Produkt eintragen, zu dem Sie ein Angebot w\u00fcnschen\" value=\"\" type=\"text\" name=\"produktangebot\" \/><\/span> <\/label>\n<\/span>\n<label> Votre adresse e-mail (champ obligatoire)\n    <span class=\"wpcf7-form-control-wrap\" data-name=\"your-email\"><input size=\"40\" maxlength=\"400\" class=\"wpcf7-form-control wpcf7-email wpcf7-validates-as-required wpcf7-text wpcf7-validates-as-email\" aria-required=\"true\" aria-invalid=\"false\" value=\"\" type=\"email\" name=\"your-email\" \/><\/span> <\/label>\n\n<label> Votre num\u00e9ro de t\u00e9l\u00e9phone (champ obligatoire)\n    <span class=\"wpcf7-form-control-wrap\" data-name=\"your-tel\"><input size=\"40\" maxlength=\"400\" class=\"wpcf7-form-control wpcf7-tel wpcf7-validates-as-required wpcf7-text wpcf7-validates-as-tel\" aria-required=\"true\" aria-invalid=\"false\" value=\"\" type=\"tel\" name=\"your-tel\" \/><\/span> <\/label>\n\n<span data-id=\"gruppe-gratismuster\" data-orig_data_id=\"gruppe-gratismuster\" data-clear_on_hide class=\"\" data-class=\"wpcf7cf_group\"> \nVeuillez m\u2019envoyer les \u00e9chantillons gratuits suivants <br \/>\n        <span class=\"wpcf7-form-control-wrap\" data-name=\"Muster\"><span class=\"wpcf7-form-control wpcf7-checkbox wpcf7-validates-as-required\"><span class=\"wpcf7-list-item first\"><label><input type=\"checkbox\" name=\"Muster[]\" value=\"Incontinence\" \/><span class=\"wpcf7-list-item-label\">Incontinence<\/span><\/label><\/span><span class=\"wpcf7-list-item last\"><label><input type=\"checkbox\" name=\"Muster[]\" value=\"Stomath\u00e9rapie\" \/><span class=\"wpcf7-list-item-label\">Stomath\u00e9rapie<\/span><\/label><\/span><\/span><\/span> <br \/>\n \u00e0 l\u2019adresse suivante :<br \/>\n        <label>Pr\u00e9nom, Nom <\/label><span class=\"wpcf7-form-control-wrap\" data-name=\"liefername\"><input size=\"40\" maxlength=\"400\" class=\"wpcf7-form-control wpcf7-text wpcf7-validates-as-required\" aria-required=\"true\" aria-invalid=\"false\" value=\"\" type=\"text\" name=\"liefername\" \/><\/span>\n        <label>Rue, Num\u00e9ro  <\/label><span class=\"wpcf7-form-control-wrap\" data-name=\"lieferstrasse\"><input size=\"40\" maxlength=\"400\" class=\"wpcf7-form-control wpcf7-text wpcf7-validates-as-required\" aria-required=\"true\" aria-invalid=\"false\" value=\"\" type=\"text\" name=\"lieferstrasse\" \/><\/span>\n<div class=\"wps-form\">\n    <div class=\"wps-form-row\">\n        <div class=\"wps-form-column\">\n            <label>Code postal <\/label>\n            <span class=\"wpcf7-form-control-wrap\" data-name=\"lieferPLZ\"><input size=\"40\" maxlength=\"400\" class=\"wpcf7-form-control wpcf7-text wpcf7-validates-as-required\" aria-required=\"true\" aria-invalid=\"false\" value=\"\" type=\"text\" name=\"lieferPLZ\" \/><\/span>\n        <\/div>\n        <div class=\"wps-form-column\">\n            <label>Lieu<\/label>\n           <span class=\"wpcf7-form-control-wrap\" data-name=\"lieferOrt\"><input size=\"40\" maxlength=\"400\" class=\"wpcf7-form-control wpcf7-text wpcf7-validates-as-required\" aria-required=\"true\" aria-invalid=\"false\" value=\"\" type=\"text\" name=\"lieferOrt\" \/><\/span>\n        <\/div>\n    <\/div>\n<\/div>      \n<\/span>\n\n<label> Votre message\n    <span class=\"wpcf7-form-control-wrap\" data-name=\"your-message\"><textarea cols=\"40\" rows=\"10\" maxlength=\"2000\" class=\"wpcf7-form-control wpcf7-textarea\" aria-invalid=\"false\" name=\"your-message\"><\/textarea><\/span> <\/label>\n\n<span id=\"wpcf7-69de3c4686a32-wrapper\" class=\"wpcf7-form-control-wrap honigimkopf-wrap\" ><input type=\"hidden\" name=\"honigimkopf-time-start\" value=\"1776172102\"><input type=\"hidden\" name=\"honigimkopf-time-check\" value=\"3\"><label for=\"wpcf7-69de3c4686a32-field\" class=\"hp-message\">Bitte lasse dieses Feld leer.<\/label><input id=\"wpcf7-69de3c4686a32-field\"  class=\"wpcf7-form-control wpcf7-text\" type=\"text\" name=\"honigimkopf\" value=\"\" size=\"40\" tabindex=\"-1\" autocomplete=\"new-password\" \/><\/span>\n\n<input class=\"wpcf7-form-control wpcf7-submit has-spinner\" type=\"submit\" value=\"Envoyer\" \/><input type='hidden' class='wpcf7-pum' value='{\"closepopup\":false,\"closedelay\":0,\"openpopup\":false,\"openpopup_id\":0}' \/><div class=\"wpcf7-response-output\" aria-hidden=\"true\"><\/div>\n<\/form>\n<\/div>\n\n<\/div><\/section><\/p><\/div>\n<style type=\"text\/css\" data-created_by=\"avia_inline_auto\" id=\"style-css-av-2rmdu-6ba2d797a6b373f7cbf42c11d2765b0b\">\n.flex_column.av-2rmdu-6ba2d797a6b373f7cbf42c11d2765b0b{\nborder-radius:0px 0px 0px 0px;\npadding:0px 0px 0px 0px;\n}\n<\/style>\n<div  class='flex_column av-2rmdu-6ba2d797a6b373f7cbf42c11d2765b0b av_one_half  avia-builder-el-15  el_after_av_one_half  avia-builder-el-last  flex_column_div av-animated-generic bottom-to-top av-zero-column-padding  column-top-margin'     ><p>\n<style type=\"text\/css\" data-created_by=\"avia_inline_auto\" id=\"style-css-av-av_heading-3d2acbd783da9306a952c112b502e475\">\n#top .av-special-heading.av-av_heading-3d2acbd783da9306a952c112b502e475{\npadding-bottom:20px;\nfont-size:34px;\n}\nbody .av-special-heading.av-av_heading-3d2acbd783da9306a952c112b502e475 .av-special-heading-tag .heading-char{\nfont-size:25px;\n}\n#top #wrap_all .av-special-heading.av-av_heading-3d2acbd783da9306a952c112b502e475 .av-special-heading-tag{\nfont-size:34px;\n}\n.av-special-heading.av-av_heading-3d2acbd783da9306a952c112b502e475 .av-subheading{\nfont-size:15px;\n}\n\n@media only screen and (min-width: 480px) and (max-width: 767px){ \n#top #wrap_all .av-special-heading.av-av_heading-3d2acbd783da9306a952c112b502e475 .av-special-heading-tag{\nfont-size:0.8em;\n}\n}\n\n@media only screen and (max-width: 479px){ \n#top #wrap_all .av-special-heading.av-av_heading-3d2acbd783da9306a952c112b502e475 .av-special-heading-tag{\nfont-size:0.8em;\n}\n}\n<\/style>\n<div  class='av-special-heading av-av_heading-3d2acbd783da9306a952c112b502e475 av-special-heading-h3 blockquote modern-quote  avia-builder-el-16  el_before_av_textblock  avia-builder-el-first  av-inherit-size'><div class='av-subheading av-subheading_above'><p>Contactez directement nos experts.<\/p>\n<\/div><h3 class='av-special-heading-tag '  itemprop=\"headline\"  >Nous sommes \u00e0 votre disposition.<\/h3><div class=\"special-heading-border\"><div class=\"special-heading-inner-border\"><\/div><\/div><\/div><br \/>\n<section  class='av_textblock_section av-hrf96-67454c9d259db42a6f57de8389dde0f2 '   itemscope=\"itemscope\" itemtype=\"https:\/\/schema.org\/CreativeWork\" ><div class='avia_textblock'  itemprop=\"text\" ><p><strong>LIEUX<\/strong><\/p>\n<div class=\"textwidget\">\n<p>Si\u00e8ge social et service \u00e0 la client\u00e8le<br \/>\nRoute du Verney 18<br \/>\nCH \u2013 1070 Puidoux<\/p>\n<p>Contact Suisse al\u00e9manique<br \/>\nHeidelberg 1<br \/>\nCH &#8211; 9216 Hohentannen<\/p>\n<\/div>\n<p>t\u00e9l. <a href=\"tel:0041582551233\">+41 58 255 12 33<\/a><br \/>\nfax +41 58 255 1232<br \/>\nmail: <a href=\"&#x6d;&#x61;&#105;&#108;t&#x6f;&#x3a;&#x69;&#110;fo&#x40;&#x61;&#108;&#108;4&#x63;&#x61;&#x72;&#101;&#46;c&#x68;\">&#x69;&#x6e;&#102;&#111;&#64;&#x61;&#x6c;&#x6c;&#52;&#99;a&#x72;&#x65;&#x2e;&#99;&#104;<\/a><\/p>\n<p>Health Info Net Adresse (HIN)<br \/>\n<a href=\"&#109;&#x61;i&#x6c;&#x74;&#111;&#x3a;a&#x6c;&#x6c;&#52;&#x63;a&#x72;&#x65;&#64;&#x6f;v&#x61;&#x6e;&#46;&#x63;h\">&#x61;&#x6c;&#108;&#52;c&#x61;&#x72;&#x65;&#64;ov&#x61;&#x6e;&#46;&#99;h<\/a><\/p>\n<\/div><\/section><\/p><\/div><\/div><\/div><\/div><!-- close content main div --><\/div><\/div><div id='after_section_1'  class='main_color av_default_container_wrap container_wrap sidebar_right'  ><div class='container av-section-cont-open' ><div class='template-page content  av-content-small alpha units'><div class='post-entry post-entry-type-page post-entry-1845'><div class='entry-content-wrapper clearfix'>\n","protected":false},"excerpt":{"rendered":"","protected":false},"author":1,"featured_media":0,"parent":0,"menu_order":1000,"comment_status":"closed","ping_status":"closed","template":"","meta":{"inline_featured_image":false,"footnotes":""},"class_list":["post-1845","page","type-page","status-publish","hentry"],"_links":{"self":[{"href":"https:\/\/all4care.ch\/fr\/wp-json\/wp\/v2\/pages\/1845","targetHints":{"allow":["GET"]}}],"collection":[{"href":"https:\/\/all4care.ch\/fr\/wp-json\/wp\/v2\/pages"}],"about":[{"href":"https:\/\/all4care.ch\/fr\/wp-json\/wp\/v2\/types\/page"}],"author":[{"embeddable":true,"href":"https:\/\/all4care.ch\/fr\/wp-json\/wp\/v2\/users\/1"}],"replies":[{"embeddable":true,"href":"https:\/\/all4care.ch\/fr\/wp-json\/wp\/v2\/comments?post=1845"}],"version-history":[{"count":10,"href":"https:\/\/all4care.ch\/fr\/wp-json\/wp\/v2\/pages\/1845\/revisions"}],"predecessor-version":[{"id":1890,"href":"https:\/\/all4care.ch\/fr\/wp-json\/wp\/v2\/pages\/1845\/revisions\/1890"}],"wp:attachment":[{"href":"https:\/\/all4care.ch\/fr\/wp-json\/wp\/v2\/media?parent=1845"}],"curies":[{"name":"wp","href":"https:\/\/api.w.org\/{rel}","templated":true}]}}