{"id":5419,"date":"2024-01-04T22:09:28","date_gmt":"2024-01-04T21:09:28","guid":{"rendered":"https:\/\/all4care.ch\/catalogue\/"},"modified":"2025-04-16T08:01:10","modified_gmt":"2025-04-16T06:01:10","slug":"catalogue","status":"publish","type":"page","link":"https:\/\/all4care.ch\/fr\/catalogue\/","title":{"rendered":"Catalogue"},"content":{"rendered":"<div id='full_slider_1'  class='avia-fullwidth-slider main_color avia-shadow   avia-builder-el-0  el_before_av_layout_row  avia-builder-el-first   container_wrap sidebar_right'  ><div  class='avia-slideshow av-jnkaflo6-18e94cbcaf9c1b6c76dbe702ebee782d avia-slideshow-no scaling av_slideshow_full avia-fade-slider av-slideshow-ui av-control-default av-slideshow-manual av-loop-once av-loop-manual-endless av-default-height-applied   avia-slideshow-1' data-slideshow-options=\"{&quot;animation&quot;:&quot;fade&quot;,&quot;autoplay&quot;:false,&quot;loop_autoplay&quot;:&quot;once&quot;,&quot;interval&quot;:5,&quot;loop_manual&quot;:&quot;manual-endless&quot;,&quot;autoplay_stopper&quot;:false,&quot;noNavigation&quot;:false,&quot;bg_slider&quot;:false,&quot;keep_padding&quot;:false,&quot;hoverpause&quot;:false,&quot;show_slide_delay&quot;:0}\"  itemprop=\"image\" itemscope=\"itemscope\" itemtype=\"https:\/\/schema.org\/ImageObject\" ><ul class='avia-slideshow-inner ' style='padding-bottom: 33.6328125%;'><li  class='avia-slideshow-slide av-jnkaflo6-18e94cbcaf9c1b6c76dbe702ebee782d__0  av-single-slide slide-1 slide-odd'><div data-rel='slideshow-1' class='avia-slide-wrap '   ><img decoding=\"async\" fetchpriority=\"high\" class=\"wp-image-5868 avia-img-lazy-loading-not-5868\"  src=\"https:\/\/all4care.ch\/wp-content\/uploads\/2025\/04\/AdobeStock_706571618-1-scaled.jpeg\" width=\"2560\" height=\"861\" title='Mains tenant de l&#039;eau propre, banni\u00e8re de la journ\u00e9e mondiale de l&#039;eau' alt='Mains tenant de l&#039;eau propre, banni\u00e8re de la journ\u00e9e mondiale de l&#039;eau'  itemprop=\"thumbnailUrl\" srcset=\"https:\/\/all4care.ch\/wp-content\/uploads\/2025\/04\/AdobeStock_706571618-1-scaled.jpeg 2560w, https:\/\/all4care.ch\/wp-content\/uploads\/2025\/04\/AdobeStock_706571618-1-300x101.jpeg 300w, https:\/\/all4care.ch\/wp-content\/uploads\/2025\/04\/AdobeStock_706571618-1-1030x346.jpeg 1030w, https:\/\/all4care.ch\/wp-content\/uploads\/2025\/04\/AdobeStock_706571618-1-768x258.jpeg 768w, https:\/\/all4care.ch\/wp-content\/uploads\/2025\/04\/AdobeStock_706571618-1-1536x516.jpeg 1536w, https:\/\/all4care.ch\/wp-content\/uploads\/2025\/04\/AdobeStock_706571618-1-2048x688.jpeg 2048w, https:\/\/all4care.ch\/wp-content\/uploads\/2025\/04\/AdobeStock_706571618-1-1500x504.jpeg 1500w, https:\/\/all4care.ch\/wp-content\/uploads\/2025\/04\/AdobeStock_706571618-1-705x237.jpeg 705w, https:\/\/all4care.ch\/wp-content\/uploads\/2025\/04\/AdobeStock_706571618-1-450x151.jpeg 450w, https:\/\/all4care.ch\/wp-content\/uploads\/2025\/04\/AdobeStock_706571618-1-600x202.jpeg 600w\" sizes=\"(max-width: 2560px) 100vw, 2560px\" \/><\/div><\/li><\/ul><\/div><\/div>\n<div id='av-layout-grid-1'  class='av-layout-grid-container av-18ypei-385edcc5e52aaa494fa8f5ef306b40eb entry-content-wrapper main_color av-fixed-cells  avia-builder-el-1  el_after_av_slideshow_full  el_before_av_one_third  grid-row-not-first  container_wrap sidebar_right'  >\n\n<style type=\"text\/css\" data-created_by=\"avia_inline_auto\" id=\"style-css-av-cd3ua2-0e61c0c01ee70cc708775fe6b7ba2f9a\">\n.flex_cell.av-cd3ua2-0e61c0c01ee70cc708775fe6b7ba2f9a{\nvertical-align:top;\nbackground-color:#648bc7;\n}\n.responsive #top #wrap_all .flex_cell.av-cd3ua2-0e61c0c01ee70cc708775fe6b7ba2f9a{\npadding:9px 0px 0px 0px !important;\n}\n<\/style>\n<div class='flex_cell av-cd3ua2-0e61c0c01ee70cc708775fe6b7ba2f9a av-gridrow-cell av_one_half no_margin  avia-builder-el-2  el_before_av_cell_one_half  avia-builder-el-first  content-align-top'  ><div class='flex_cell_inner'><\/div><\/div>\n<style type=\"text\/css\" data-created_by=\"avia_inline_auto\" id=\"style-css-av-c65y4y-f9b9eba30e94b62305e57a22f85fb04e\">\n.flex_cell.av-c65y4y-f9b9eba30e94b62305e57a22f85fb04e{\nvertical-align:top;\nbackground-color:#648bc7;\n}\n.responsive #top #wrap_all .flex_cell.av-c65y4y-f9b9eba30e94b62305e57a22f85fb04e{\npadding:9px 0px 0px 0px !important;\n}\n<\/style>\n<div class='flex_cell av-c65y4y-f9b9eba30e94b62305e57a22f85fb04e av-gridrow-cell av_one_half no_margin  avia-builder-el-3  el_after_av_cell_one_half  avia-builder-el-last  content-align-top'  ><div class='flex_cell_inner'><\/div><\/div>\n<\/div><div id='after_grid_row_1'  class='main_color av_default_container_wrap container_wrap sidebar_right'  ><div class='container av-section-cont-open' ><div class='template-page content  av-content-small alpha units'><div class='post-entry post-entry-type-page post-entry-5419'><div class='entry-content-wrapper clearfix'>\n\n<style type=\"text\/css\" data-created_by=\"avia_inline_auto\" id=\"style-css-av-amwj72-03f3f866cc626c5db9f9bbd723b7c942\">\n#top .flex_column.av-amwj72-03f3f866cc626c5db9f9bbd723b7c942{\nmargin-top:-80px;\nmargin-bottom:50px;\n}\n.flex_column.av-amwj72-03f3f866cc626c5db9f9bbd723b7c942{\nborder-radius:0px 0px 0px 0px;\npadding:41px 11px 41px 11px;\nbackground-color:#648bc7;\n}\n.responsive #top #wrap_all .flex_column.av-amwj72-03f3f866cc626c5db9f9bbd723b7c942{\nmargin-top:-80px;\nmargin-bottom:50px;\n}\n<\/style>\n<div  class='flex_column av-amwj72-03f3f866cc626c5db9f9bbd723b7c942 av_one_third  avia-builder-el-4  el_after_av_layout_row  el_before_av_two_third  avia-builder-el-first  first flex_column_div  '     ><style type=\"text\/css\" data-created_by=\"avia_inline_auto\" id=\"style-css-av-jok1sq7p-6210e63c34bd531c498da1b3ad73a864\">\n#top .av_textblock_section.av-jok1sq7p-6210e63c34bd531c498da1b3ad73a864 .avia_textblock{\ncolor:#ffffff;\n}\n<\/style>\n<section  class='av_textblock_section av-jok1sq7p-6210e63c34bd531c498da1b3ad73a864 '   itemscope=\"itemscope\" itemtype=\"https:\/\/schema.org\/CreativeWork\" ><div class='avia_textblock av_inherit_color'  itemprop=\"text\" ><h1 style=\"text-align: center;\">Catalogue 2025<\/h1>\n<\/div><\/section><\/div>\n<style type=\"text\/css\" data-created_by=\"avia_inline_auto\" id=\"style-css-av-2tf03i-674ce1ab20ff2d96ac4cebdd9ae89d84\">\n#top .flex_column.av-2tf03i-674ce1ab20ff2d96ac4cebdd9ae89d84{\nmargin-top:-80px;\nmargin-bottom:50px;\n}\n.flex_column.av-2tf03i-674ce1ab20ff2d96ac4cebdd9ae89d84{\nborder-radius:0px 0px 0px 0px;\npadding:60px 0px 0px 0px;\n}\n.responsive #top #wrap_all .flex_column.av-2tf03i-674ce1ab20ff2d96ac4cebdd9ae89d84{\nmargin-top:-80px;\nmargin-bottom:50px;\n}\n<\/style>\n<div  class='flex_column av-2tf03i-674ce1ab20ff2d96ac4cebdd9ae89d84 av_two_third  avia-builder-el-6  el_after_av_one_third  avia-builder-el-last  flex_column_div  '     ><p><section  class='av_textblock_section av-jok2o8bj-b08aa6c6abb1d03546bb749fb6181c06 '   itemscope=\"itemscope\" itemtype=\"https:\/\/schema.org\/CreativeWork\" ><div class='avia_textblock'  itemprop=\"text\" ><p>Le nouveau catalogue all4care contient une grande partie de notre assortiment de produits. N\u00e9anmoins, si vous ne trouvez pas un produit ou que vous avez des questions sur ceux qui sont pr\u00e9sent\u00e9s, n&rsquo;h\u00e9sitez pas \u00e0 nous appeler. Notre \u00e9quipe comp\u00e9tente se tient \u00e0 votre disposition durant nos heures d&rsquo;ouverture.<br \/>\nVous pouvez aussi nous contacter \u00e0 tout moment par courriel \u00e0 <a href=\"&#x6d;a&#x69;&#108;&#x74;&#111;&#x3a;&#x69;n&#x66;&#111;&#x40;&#97;&#x6c;&#108;4&#x63;&#97;&#x72;&#101;&#x2e;&#99;h\">&#x69;&#x6e;&#x66;&#x6f;&#x40;&#x61;&#x6c;&#x6c;&#x34;&#x63;&#x61;&#x72;&#x65;&#x2e;&#99;&#104;.<\/a><\/p>\n<p>Cliquez sur le lien ci-dessous pour consulter notre catalogue.<\/p>\n<\/div><\/section><br \/>\n<div  class='avia-button-wrap av-jpaylxt6-dffce73ff9ee2014ed58c951fe5b57b3-wrap avia-button-left  avia-builder-el-8  el_after_av_textblock  avia-builder-el-last '><a href='https:\/\/all4care.ch\/wp-content\/uploads\/2025\/02\/Catalogue-2025-FR-sans-prix.pdf'  class='avia-button av-jpaylxt6-dffce73ff9ee2014ed58c951fe5b57b3 av-link-btn avia-icon_select-yes-left-icon avia-size-large avia-position-left avia-color-theme-color'  target=\"_blank\"  rel=\"noopener noreferrer\"  aria-label=\" Consultez le catalogue maintenant\"><span class='avia_button_icon avia_button_icon_left avia-iconfont avia-font-entypo-fontello' data-av_icon='\ue84e' data-av_iconfont='entypo-fontello' ><\/span><span class='avia_iconbox_title' > Consultez le catalogue maintenant<\/span><\/a><\/div><\/p><\/div><\/p>\n","protected":false},"excerpt":{"rendered":"","protected":false},"author":1,"featured_media":0,"parent":0,"menu_order":100,"comment_status":"closed","ping_status":"closed","template":"","meta":{"inline_featured_image":false,"footnotes":""},"class_list":["post-5419","page","type-page","status-publish","hentry"],"_links":{"self":[{"href":"https:\/\/all4care.ch\/fr\/wp-json\/wp\/v2\/pages\/5419","targetHints":{"allow":["GET"]}}],"collection":[{"href":"https:\/\/all4care.ch\/fr\/wp-json\/wp\/v2\/pages"}],"about":[{"href":"https:\/\/all4care.ch\/fr\/wp-json\/wp\/v2\/types\/page"}],"author":[{"embeddable":true,"href":"https:\/\/all4care.ch\/fr\/wp-json\/wp\/v2\/users\/1"}],"replies":[{"embeddable":true,"href":"https:\/\/all4care.ch\/fr\/wp-json\/wp\/v2\/comments?post=5419"}],"version-history":[{"count":10,"href":"https:\/\/all4care.ch\/fr\/wp-json\/wp\/v2\/pages\/5419\/revisions"}],"predecessor-version":[{"id":5899,"href":"https:\/\/all4care.ch\/fr\/wp-json\/wp\/v2\/pages\/5419\/revisions\/5899"}],"wp:attachment":[{"href":"https:\/\/all4care.ch\/fr\/wp-json\/wp\/v2\/media?parent=5419"}],"curies":[{"name":"wp","href":"https:\/\/api.w.org\/{rel}","templated":true}]}}