{"id":6511,"date":"2026-02-19T16:10:20","date_gmt":"2026-02-19T15:10:20","guid":{"rendered":"https:\/\/all4care.ch\/stomfoam-stomodor\/"},"modified":"2026-03-03T09:48:47","modified_gmt":"2026-03-03T08:48:47","slug":"stomfoam-stomodor","status":"publish","type":"page","link":"https:\/\/all4care.ch\/fr\/b2b\/stomocur\/stomfoam-stomodor\/","title":{"rendered":"STOMFOAM &#8211; STOMODOR"},"content":{"rendered":"\n<style type=\"text\/css\" data-created_by=\"avia_inline_auto\" id=\"style-css-av-lq3x059u-bd0392f154ff6f378ee7a05dc800eec4\">\n.avia-section.av-lq3x059u-bd0392f154ff6f378ee7a05dc800eec4{\nbackground-color:#c8d0d5;\nbackground-image:url(https:\/\/all4care.ch\/wp-content\/uploads\/2026\/02\/stomfoam-odor-keyvisul-all4care.webp);\nbackground-repeat:no-repeat;\nbackground-position:50% 100%;\nbackground-attachment:scroll;\nmargin-top:20px;\nmargin-bottom:0px;\n}\n<\/style>\n<div id='av_section_1'  class='avia-section av-lq3x059u-bd0392f154ff6f378ee7a05dc800eec4 main_color avia-section-no-padding avia-no-border-styling  avia-builder-el-0  el_before_av_section  avia-builder-el-first  avia-full-contain avia-bg-style-scroll av-minimum-height av-minimum-height-50 av-height-percent  container_wrap sidebar_right'  data-section-bg-repeat='contain' data-av_minimum_height_pc='50' data-av_min_height_opt='percent'><div class='container av-section-cont-open' ><main  role=\"main\" itemprop=\"mainContentOfPage\"  class='template-page content  av-content-small alpha units'><div class='post-entry post-entry-type-page post-entry-6511'><div class='entry-content-wrapper clearfix'>\n\n<style type=\"text\/css\" data-created_by=\"avia_inline_auto\" id=\"style-css-av-30s7y6-162fac72590ecc32fb5b23a015913ef0\">\n#top .flex_column.av-30s7y6-162fac72590ecc32fb5b23a015913ef0{\nmargin-top:40px;\nmargin-bottom:0px;\n}\n.flex_column.av-30s7y6-162fac72590ecc32fb5b23a015913ef0{\npadding:0 0 0 0;\n}\n.responsive #top #wrap_all .flex_column.av-30s7y6-162fac72590ecc32fb5b23a015913ef0{\nmargin-top:40px;\nmargin-bottom:0px;\n}\n<\/style>\n<div  class='flex_column av-30s7y6-162fac72590ecc32fb5b23a015913ef0 av_one_full  avia-builder-el-1  avia-builder-el-no-sibling  bottomnomarg first flex_column_div av-column-min-height-pc  '  data-av-column-min-height=\"{&quot;column-min-pc&quot;:&quot;100%&quot;,&quot;column-equal-height&quot;:false}\"   ><style type=\"text\/css\" data-created_by=\"avia_inline_auto\" id=\"style-css-av-mlth5uwc-d5c9807fa467cf5be81a67459e4ce866\">\n#top .av_textblock_section.av-mlth5uwc-d5c9807fa467cf5be81a67459e4ce866 .avia_textblock{\ntext-align:center;\n}\n<\/style>\n<section  class='av_textblock_section av-mlth5uwc-d5c9807fa467cf5be81a67459e4ce866 '   itemscope=\"itemscope\" itemtype=\"https:\/\/schema.org\/CreativeWork\" ><div class='avia_textblock'  itemprop=\"text\" ><h1>Le situation particuli\u00e8re n\u00e9cessiten<br \/>\nde solution professionnelle.<\/h1>\n<\/div><\/section><\/div>\n\n<\/div><\/div><\/main><!-- close content main element --><\/div><\/div>\n<style type=\"text\/css\" data-created_by=\"avia_inline_auto\" id=\"style-css-av-mlsbf9u9-e2e88f66ce2a5b66c93e59330253e817\">\n.avia-section.av-mlsbf9u9-e2e88f66ce2a5b66c93e59330253e817{\nbackground-color:transparent;\nbackground-image:unset;\nmargin-top:-400px;\nmargin-bottom:0px;\n}\n\n@media only screen and (min-width: 990px){ \n.avia-section.av-mlsbf9u9-e2e88f66ce2a5b66c93e59330253e817{\nmargin-top:-400px;\n}\n}\n\n@media only screen and (min-width: 768px) and (max-width: 989px){ \n.avia-section.av-mlsbf9u9-e2e88f66ce2a5b66c93e59330253e817{\nmargin-top:-260px;\n}\n}\n\n@media only screen and (min-width: 480px) and (max-width: 767px){ \n.avia-section.av-mlsbf9u9-e2e88f66ce2a5b66c93e59330253e817{\nmargin-top:0;\nmargin-bottom:0;\n}\n}\n\n@media only screen and (max-width: 479px){ \n.avia-section.av-mlsbf9u9-e2e88f66ce2a5b66c93e59330253e817{\nmargin-top:0;\nmargin-bottom:0;\n}\n}\n<\/style>\n<div id='av_section_2'  class='avia-section av-mlsbf9u9-e2e88f66ce2a5b66c93e59330253e817 main_color avia-section-default avia-no-border-styling  avia-builder-el-3  el_after_av_section  el_before_av_one_half  avia-bg-style-scroll container_wrap sidebar_right'  ><div class='container av-section-cont-open' ><div class='template-page content  av-content-small alpha units'><div class='post-entry post-entry-type-page post-entry-6511'><div class='entry-content-wrapper clearfix'>\n<div class='flex_column_table av-739yaa-b30ab686dba62d155a86208628f2ef49 sc-av_two_fifth av-mobile-columns-flex av-columns-individual av-equal-height-column-flextable'>\n<style type=\"text\/css\" data-created_by=\"avia_inline_auto\" id=\"style-css-av-739yaa-b30ab686dba62d155a86208628f2ef49\">\n#top .flex_column_table.av-equal-height-column-flextable.av-739yaa-b30ab686dba62d155a86208628f2ef49{\nmargin-top:0px;\nmargin-bottom:0px;\n}\n.flex_column.av-739yaa-b30ab686dba62d155a86208628f2ef49{\norder:0;\npadding:5% 0 100px 0;\n}\n<\/style>\n<div  class='flex_column av-739yaa-b30ab686dba62d155a86208628f2ef49 av_two_fifth  avia-builder-el-4  el_before_av_one_fifth  avia-builder-el-first  first no_margin flex_column_table_cell av-equal-height-column av-align-top  '     ><p>\n<style type=\"text\/css\" data-created_by=\"avia_inline_auto\" id=\"style-css-av-2d1haa-5c8e4e4d9623db320371386355cd6801\">\n.avia-image-container.av-2d1haa-5c8e4e4d9623db320371386355cd6801 img.avia_image{\nbox-shadow:none;\n}\n.avia-image-container.av-2d1haa-5c8e4e4d9623db320371386355cd6801 .av-image-caption-overlay-center{\ncolor:#ffffff;\n}\n<\/style>\n<div  class='avia-image-container av-2d1haa-5c8e4e4d9623db320371386355cd6801 av-styling- avia-align-center  avia-builder-el-5  el_before_av_image  avia-builder-el-first '   itemprop=\"image\" itemscope=\"itemscope\" itemtype=\"https:\/\/schema.org\/ImageObject\" ><div class=\"avia-image-container-inner\"><div class=\"avia-image-overlay-wrap\"><img decoding=\"async\" fetchpriority=\"high\" class='wp-image-6480 avia-img-lazy-loading-not-6480 avia_image ' src=\"https:\/\/all4care.ch\/wp-content\/uploads\/2026\/02\/stomfoam_sestava_200ml-50ml.webp\" alt='stomfoam_sestava_200ml-50ml' title='stomfoam_sestava_200ml-50ml'  height=\"1000\" width=\"1000\"  itemprop=\"thumbnailUrl\" srcset=\"https:\/\/all4care.ch\/wp-content\/uploads\/2026\/02\/stomfoam_sestava_200ml-50ml.webp 1000w, https:\/\/all4care.ch\/wp-content\/uploads\/2026\/02\/stomfoam_sestava_200ml-50ml-300x300.webp 300w, https:\/\/all4care.ch\/wp-content\/uploads\/2026\/02\/stomfoam_sestava_200ml-50ml-80x80.webp 80w, https:\/\/all4care.ch\/wp-content\/uploads\/2026\/02\/stomfoam_sestava_200ml-50ml-768x768.webp 768w, https:\/\/all4care.ch\/wp-content\/uploads\/2026\/02\/stomfoam_sestava_200ml-50ml-36x36.webp 36w, https:\/\/all4care.ch\/wp-content\/uploads\/2026\/02\/stomfoam_sestava_200ml-50ml-180x180.webp 180w, https:\/\/all4care.ch\/wp-content\/uploads\/2026\/02\/stomfoam_sestava_200ml-50ml-705x705.webp 705w, https:\/\/all4care.ch\/wp-content\/uploads\/2026\/02\/stomfoam_sestava_200ml-50ml-120x120.webp 120w, https:\/\/all4care.ch\/wp-content\/uploads\/2026\/02\/stomfoam_sestava_200ml-50ml-450x450.webp 450w, https:\/\/all4care.ch\/wp-content\/uploads\/2026\/02\/stomfoam_sestava_200ml-50ml-600x600.webp 600w, https:\/\/all4care.ch\/wp-content\/uploads\/2026\/02\/stomfoam_sestava_200ml-50ml-100x100.webp 100w\" sizes=\"(max-width: 1000px) 100vw, 1000px\" \/><\/div><\/div><\/div><br \/>\n\n<style type=\"text\/css\" data-created_by=\"avia_inline_auto\" id=\"style-css-av-68y4qa-677207ef5c718dfb541a6d56911fbbcb\">\n.avia-image-container.av-68y4qa-677207ef5c718dfb541a6d56911fbbcb img.avia_image{\nbox-shadow:none;\n}\n.avia-image-container.av-68y4qa-677207ef5c718dfb541a6d56911fbbcb .av-image-caption-overlay-center{\ncolor:#ffffff;\n}\n<\/style>\n<div  class='avia-image-container av-68y4qa-677207ef5c718dfb541a6d56911fbbcb av-styling- avia-align-center  avia-builder-el-6  el_after_av_image  el_before_av_textblock '   itemprop=\"image\" itemscope=\"itemscope\" itemtype=\"https:\/\/schema.org\/ImageObject\" ><div class=\"avia-image-container-inner\"><div class=\"avia-image-overlay-wrap\"><img decoding=\"async\" fetchpriority=\"high\" class='wp-image-6423 avia-img-lazy-loading-not-6423 avia_image ' src=\"https:\/\/all4care.ch\/wp-content\/uploads\/2026\/02\/stomfoam-schriftzug.svg\" alt='stomfoam-schriftzug' title='stomfoam-schriftzug'  height=\"75\" width=\"300\"  itemprop=\"thumbnailUrl\"  \/><\/div><\/div><\/div><br \/>\n\n<style type=\"text\/css\" data-created_by=\"avia_inline_auto\" id=\"style-css-av-lq3xzyri-28958f079834eb43be7a453b1a98855c\">\n#top .av_textblock_section.av-lq3xzyri-28958f079834eb43be7a453b1a98855c .avia_textblock{\nfont-size:18px;\n}\n<\/style>\n<section  class='av_textblock_section av-lq3xzyri-28958f079834eb43be7a453b1a98855c '   itemscope=\"itemscope\" itemtype=\"https:\/\/schema.org\/CreativeWork\" ><div class='avia_textblock'  itemprop=\"text\" ><h2><span style=\"color: #00aecb;\"><br \/>\nMousse nettoyante<\/span><\/h2>\n<h3>pour la peau p\u00e9ristomiale<\/h3>\n<ul>\n<li>Nettoie en profondeur et soigne en douceur<\/li>\n<li>A une action antimicrobienne et pr\u00e9vient les irritations cutan\u00e9es<\/li>\n<li>Apaise et favorise la r\u00e9g\u00e9n\u00e9ration de la peau irrit\u00e9e<\/li>\n<li>Pr\u00e9pare la peau de mani\u00e8re optimale pour une fixation s\u00fbre du dispositif de stomie<\/li>\n<\/ul>\n<\/div><\/section><\/p><\/div>\n<style type=\"text\/css\" data-created_by=\"avia_inline_auto\" id=\"style-css-av-20mlbm-fc2167a7d16e0023b45363ade19fb076\">\n#top .flex_column_table.av-equal-height-column-flextable.av-20mlbm-fc2167a7d16e0023b45363ade19fb076{\nmargin-top:0px;\nmargin-bottom:0px;\n}\n.flex_column.av-20mlbm-fc2167a7d16e0023b45363ade19fb076{\norder:2;\npadding:0 0 0 0;\nheight:auto;\nmin-height:200px;\n}\n\n@media only screen and (min-width: 990px){ \n.flex_column.av-20mlbm-fc2167a7d16e0023b45363ade19fb076{\nposition:absolute;\nbottom:20px;\n}\n}\n\n@media only screen and (min-width: 768px) and (max-width: 989px){ \n.flex_column.av-20mlbm-fc2167a7d16e0023b45363ade19fb076{\nposition:absolute;\nbottom:20px;\n}\n}\n\n@media only screen and (min-width: 480px) and (max-width: 767px){ \n.flex_column.av-20mlbm-fc2167a7d16e0023b45363ade19fb076{\nposition:absolute;\nbottom:-92px;\n}\n}\n\n@media only screen and (max-width: 479px){ \n.flex_column.av-20mlbm-fc2167a7d16e0023b45363ade19fb076{\nposition:absolute;\nbottom:-80px;\n}\n}\n<\/style>\n<div  class='flex_column av-20mlbm-fc2167a7d16e0023b45363ade19fb076 av_one_fifth  avia-builder-el-8  el_after_av_two_fifth  el_before_av_two_fifth  bottomnomarg no_margin flex_column_table_cell av-equal-height-column av-align-top av-custom-positioned  '     ><style type=\"text\/css\" data-created_by=\"avia_inline_auto\" id=\"style-css-av-3q83ki-1db0f24fe799124ad4adbcb340800c20\">\n.avia-image-container.av-3q83ki-1db0f24fe799124ad4adbcb340800c20 img.avia_image{\nbox-shadow:none;\n}\n.avia-image-container.av-3q83ki-1db0f24fe799124ad4adbcb340800c20 .av-image-caption-overlay-center{\ncolor:#ffffff;\n}\n<\/style>\n<div  class='avia-image-container av-3q83ki-1db0f24fe799124ad4adbcb340800c20 av-styling- avia-align-center  avia-builder-el-9  avia-builder-el-no-sibling '   itemprop=\"image\" itemscope=\"itemscope\" itemtype=\"https:\/\/schema.org\/ImageObject\" ><div class=\"avia-image-container-inner\"><div class=\"avia-image-overlay-wrap\"><img decoding=\"async\" fetchpriority=\"high\" class='wp-image-6467 avia-img-lazy-loading-not-6467 avia_image ' src=\"https:\/\/all4care.ch\/wp-content\/uploads\/2026\/02\/100-prozent-naturel.svg\" alt='100-prozent-naturel' title='100-prozent-naturel'  height=\"180\" width=\"180\"  itemprop=\"thumbnailUrl\"  \/><\/div><\/div><\/div><\/div>\n<style type=\"text\/css\" data-created_by=\"avia_inline_auto\" id=\"style-css-av-4mxubi-94d88656ad72a2f407a87a2a6d9c85a0\">\n#top .flex_column_table.av-equal-height-column-flextable.av-4mxubi-94d88656ad72a2f407a87a2a6d9c85a0{\nmargin-top:0px;\nmargin-bottom:0px;\n}\n.flex_column.av-4mxubi-94d88656ad72a2f407a87a2a6d9c85a0{\norder:1;\npadding:5% 0 5% 0;\n}\n<\/style>\n<div  class='flex_column av-4mxubi-94d88656ad72a2f407a87a2a6d9c85a0 av_two_fifth  avia-builder-el-10  el_after_av_one_fifth  avia-builder-el-last  no_margin flex_column_table_cell av-equal-height-column av-align-top  '     ><p>\n<style type=\"text\/css\" data-created_by=\"avia_inline_auto\" id=\"style-css-av-mltgacjx-5f24d71a90d0d8ed58cbe73f67bba3b6\">\n.avia-image-container.av-mltgacjx-5f24d71a90d0d8ed58cbe73f67bba3b6 img.avia_image{\nbox-shadow:none;\n}\n.avia-image-container.av-mltgacjx-5f24d71a90d0d8ed58cbe73f67bba3b6 .av-image-caption-overlay-center{\ncolor:#ffffff;\n}\n<\/style>\n<div  class='avia-image-container av-mltgacjx-5f24d71a90d0d8ed58cbe73f67bba3b6 av-styling- avia-align-center  avia-builder-el-11  el_before_av_image  avia-builder-el-first '   itemprop=\"image\" itemscope=\"itemscope\" itemtype=\"https:\/\/schema.org\/ImageObject\" ><div class=\"avia-image-container-inner\"><div class=\"avia-image-overlay-wrap\"><img decoding=\"async\" fetchpriority=\"high\" class='wp-image-6429 avia-img-lazy-loading-not-6429 avia_image ' src=\"https:\/\/all4care.ch\/wp-content\/uploads\/2026\/02\/stomodor_spray_maxi_mini_drops_1000x1000px_schadde.png\" alt='stomodor_spray_maxi_mini_drops' title='stomodor_spray_maxi_mini_drops_1000x1000px_schadde'  height=\"1000\" width=\"1000\"  itemprop=\"thumbnailUrl\" srcset=\"https:\/\/all4care.ch\/wp-content\/uploads\/2026\/02\/stomodor_spray_maxi_mini_drops_1000x1000px_schadde.png 1000w, https:\/\/all4care.ch\/wp-content\/uploads\/2026\/02\/stomodor_spray_maxi_mini_drops_1000x1000px_schadde-300x300.png 300w, https:\/\/all4care.ch\/wp-content\/uploads\/2026\/02\/stomodor_spray_maxi_mini_drops_1000x1000px_schadde-80x80.png 80w, https:\/\/all4care.ch\/wp-content\/uploads\/2026\/02\/stomodor_spray_maxi_mini_drops_1000x1000px_schadde-768x768.png 768w, https:\/\/all4care.ch\/wp-content\/uploads\/2026\/02\/stomodor_spray_maxi_mini_drops_1000x1000px_schadde-36x36.png 36w, https:\/\/all4care.ch\/wp-content\/uploads\/2026\/02\/stomodor_spray_maxi_mini_drops_1000x1000px_schadde-180x180.png 180w, https:\/\/all4care.ch\/wp-content\/uploads\/2026\/02\/stomodor_spray_maxi_mini_drops_1000x1000px_schadde-705x705.png 705w, https:\/\/all4care.ch\/wp-content\/uploads\/2026\/02\/stomodor_spray_maxi_mini_drops_1000x1000px_schadde-120x120.png 120w, https:\/\/all4care.ch\/wp-content\/uploads\/2026\/02\/stomodor_spray_maxi_mini_drops_1000x1000px_schadde-450x450.png 450w, https:\/\/all4care.ch\/wp-content\/uploads\/2026\/02\/stomodor_spray_maxi_mini_drops_1000x1000px_schadde-600x600.png 600w, https:\/\/all4care.ch\/wp-content\/uploads\/2026\/02\/stomodor_spray_maxi_mini_drops_1000x1000px_schadde-100x100.png 100w\" sizes=\"(max-width: 1000px) 100vw, 1000px\" \/><\/div><\/div><\/div><br \/>\n\n<style type=\"text\/css\" data-created_by=\"avia_inline_auto\" id=\"style-css-av-mlqx5zbw-792d3ec9c1b66b85faee7474fc7e4554\">\n.avia-image-container.av-mlqx5zbw-792d3ec9c1b66b85faee7474fc7e4554 img.avia_image{\nbox-shadow:none;\n}\n.avia-image-container.av-mlqx5zbw-792d3ec9c1b66b85faee7474fc7e4554 .av-image-caption-overlay-center{\ncolor:#ffffff;\n}\n<\/style>\n<div  class='avia-image-container av-mlqx5zbw-792d3ec9c1b66b85faee7474fc7e4554 av-styling- avia-align-center  avia-builder-el-12  el_after_av_image  el_before_av_textblock '   itemprop=\"image\" itemscope=\"itemscope\" itemtype=\"https:\/\/schema.org\/ImageObject\" ><div class=\"avia-image-container-inner\"><div class=\"avia-image-overlay-wrap\"><img decoding=\"async\" fetchpriority=\"high\" class='wp-image-6426 avia-img-lazy-loading-not-6426 avia_image ' src=\"https:\/\/all4care.ch\/wp-content\/uploads\/2026\/02\/stomodor-schriftzug.svg\" alt='stomodor-schriftzug' title='stomodor-schriftzug'  height=\"75\" width=\"300\"  itemprop=\"thumbnailUrl\"  \/><\/div><\/div><\/div><br \/>\n\n<style type=\"text\/css\" data-created_by=\"avia_inline_auto\" id=\"style-css-av-mlthldks-837a8f176c400d5b93e506504a843ca3\">\n#top .av_textblock_section.av-mlthldks-837a8f176c400d5b93e506504a843ca3 .avia_textblock{\nfont-size:18px;\n}\n<\/style>\n<section  class='av_textblock_section av-mlthldks-837a8f176c400d5b93e506504a843ca3 '   itemscope=\"itemscope\" itemtype=\"https:\/\/schema.org\/CreativeWork\" ><div class='avia_textblock'  itemprop=\"text\" ><h2><span style=\"color: #00aecb;\">Lubrifiant neutralisant les odeurs<\/span><\/h2>\n<h3>pour les soins des stomies<\/h3>\n<ul>\n<li>Neutralise rapidement et efficacement les odeurs d\u00e9sagr\u00e9ables directement dans la poche de stomie et dans la pi\u00e8ce<\/li>\n<li>La formulation humide du spray am\u00e9liore le passage \u00e0 travers l&rsquo;ouverture de la poche de stomie<\/li>\n<li>Les gouttes scellent les odeurs sous une couche huileuse directement dans la poche<\/li>\n<li>Facilite la manipulation des dispositifs de stomie et am\u00e9liore la qualit\u00e9 de vie<\/li>\n<\/ul>\n<\/div><\/section><br \/>\n<div  class='avia-button-wrap av-mltl0d7o-616f2f96a718d264da1503a88105575e-wrap avia-button-left  avia-builder-el-14  el_after_av_textblock  avia-builder-el-last '>\n<style type=\"text\/css\" data-created_by=\"avia_inline_auto\" id=\"style-css-av-mltl0d7o-616f2f96a718d264da1503a88105575e\">\n#top #wrap_all .avia-button.av-mltl0d7o-616f2f96a718d264da1503a88105575e{\nbackground-color:#008243;\nborder-color:#008243;\ncolor:#ffffff;\ntransition:all 0.4s ease-in-out;\n}\n#top #wrap_all .avia-button.av-mltl0d7o-616f2f96a718d264da1503a88105575e .avia-svg-icon svg:first-child{\nfill:#ffffff;\nstroke:#ffffff;\n}\n<\/style>\n<a href='https:\/\/all4care.ch\/fr\/cat\u00e9gorie de produit\/materiel-complementaire-pour-stomies\/'  class='avia-button av-mltl0d7o-616f2f96a718d264da1503a88105575e av-link-btn avia-icon_select-yes-right-icon avia-size-x-large avia-position-left av-icon-on-hover'   aria-label=\"Commander des produits\"><span class='avia_iconbox_title' >Commander des produits<\/span><span class='avia_button_icon avia_button_icon_right avia-svg-icon avia-font-svg_entypo-fontello' data-av_svg_icon='basket' data-av_iconset='svg_entypo-fontello'><svg version=\"1.1\" xmlns=\"http:\/\/www.w3.org\/2000\/svg\" width=\"29\" height=\"32\" viewBox=\"0 0 29 32\" preserveAspectRatio=\"xMidYMid meet\" aria-labelledby='av-svg-title-1' aria-describedby='av-svg-desc-1' role=\"graphics-symbol\">\n<title id='av-svg-title-1'>Basket<\/title>\n<desc id='av-svg-desc-1'>Basket<\/desc>\n<path d=\"M4.8 27.2q0-1.28 0.96-2.24t2.24-0.96q1.344 0 2.272 0.96t0.928 2.24q0 1.344-0.928 2.272t-2.272 0.928q-1.28 0-2.24-0.928t-0.96-2.272zM20.8 27.2q0-1.28 0.96-2.24t2.24-0.96q1.344 0 2.272 0.96t0.928 2.24q0 1.344-0.928 2.272t-2.272 0.928q-1.28 0-2.24-0.928t-0.96-2.272zM10.496 19.648q-1.152 0.32-1.088 0.736t1.408 0.416h17.984v2.432q0 0.64-0.64 0.64h-20.928q-0.64 0-0.64-0.64v-2.432l-0.32-1.472-3.136-14.528h-3.136v-2.56q0-0.64 0.64-0.64h4.992q0.64 0 0.64 0.64v2.752h22.528v8.768q0 0.704-0.576 0.832z\"><\/path>\n<\/svg><\/span><\/a><\/div><\/p><\/div><\/div><!--close column table wrapper. Autoclose: 1 --><\/div><\/div><\/div><!-- close content main div --><\/div><\/div><div id='after_section_2'  class='main_color av_default_container_wrap container_wrap sidebar_right'  ><div class='container av-section-cont-open' ><div class='template-page content  av-content-small alpha units'><div class='post-entry post-entry-type-page post-entry-6511'><div class='entry-content-wrapper clearfix'><div class='flex_column_table av-4aizaq-df932941030198370d3c9530564e0f32 sc-av_one_half av-equal-height-column-flextable'>\n<style type=\"text\/css\" data-created_by=\"avia_inline_auto\" id=\"style-css-av-4aizaq-df932941030198370d3c9530564e0f32\">\n.flex_column.av-4aizaq-df932941030198370d3c9530564e0f32{\nwidth:42.5%;\nmargin-left:0;\n}\n#top .flex_column_table.av-equal-height-column-flextable.av-4aizaq-df932941030198370d3c9530564e0f32 .av-flex-placeholder{\nwidth:15%;\n}\n<\/style>\n<div  class='flex_column av-4aizaq-df932941030198370d3c9530564e0f32 av_one_half  avia-builder-el-15  el_after_av_section  el_before_av_one_half  avia-builder-el-first  first flex_column_table_cell av-equal-height-column av-align-top  '     ><section  class='av_textblock_section av-mihj3fky-09f4f76a41c5296f5d183c6a4a8f4a83 '   itemscope=\"itemscope\" itemtype=\"https:\/\/schema.org\/CreativeWork\" ><div class='avia_textblock'  itemprop=\"text\" ><p>Nous r\u00e9pondons bien s\u00fbr volontiers \u00e0 vos questions personnellement&nbsp;:<\/p>\n<\/div><\/section><\/div><\/p>\n<div class='av-flex-placeholder'><\/div>\n<style type=\"text\/css\" data-created_by=\"avia_inline_auto\" id=\"style-css-av-2lkmdu-121821130b01b44079ee0d3a24534698\">\n.flex_column.av-2lkmdu-121821130b01b44079ee0d3a24534698{\nwidth:42.5%;\nmargin-left:0;\n}\n#top .flex_column_table.av-equal-height-column-flextable.av-2lkmdu-121821130b01b44079ee0d3a24534698 .av-flex-placeholder{\nwidth:15%;\n}\n<\/style>\n<div  class='flex_column av-2lkmdu-121821130b01b44079ee0d3a24534698 av_one_half  avia-builder-el-17  el_after_av_one_half  avia-builder-el-last  flex_column_table_cell av-equal-height-column av-align-top  '     ><section  class='av_textblock_section av-mi4pmck6-4fa6a123446712b03f6db5fd95e976e5 '   itemscope=\"itemscope\" itemtype=\"https:\/\/schema.org\/CreativeWork\" ><div class='avia_textblock'  itemprop=\"text\" ><p>t\u00e9l. :<a href=\"tel:0041582551233\"> +41 58 255 12 33<\/a><br \/>\nmail :<a href=\"m&#97;&#105;&#x6c;&#x74;o&#58;&#105;&#x6e;&#x66;&#x6f;&#64;&#115;&#116;&#x6f;&#x6d;oc&#117;&#x72;&#x2e;&#x63;h\"> info&#64;sto&#109;&#111;&#99;&#117;&#114;&#46;&#99;&#104;<\/a><\/p>\n<\/div><\/section><\/div><\/div><!--close column table wrapper. Autoclose: 1 -->\n","protected":false},"excerpt":{"rendered":"","protected":false},"author":1,"featured_media":0,"parent":6528,"menu_order":30,"comment_status":"closed","ping_status":"closed","template":"","meta":{"inline_featured_image":false,"footnotes":""},"class_list":["post-6511","page","type-page","status-publish","hentry"],"_links":{"self":[{"href":"https:\/\/all4care.ch\/fr\/wp-json\/wp\/v2\/pages\/6511","targetHints":{"allow":["GET"]}}],"collection":[{"href":"https:\/\/all4care.ch\/fr\/wp-json\/wp\/v2\/pages"}],"about":[{"href":"https:\/\/all4care.ch\/fr\/wp-json\/wp\/v2\/types\/page"}],"author":[{"embeddable":true,"href":"https:\/\/all4care.ch\/fr\/wp-json\/wp\/v2\/users\/1"}],"replies":[{"embeddable":true,"href":"https:\/\/all4care.ch\/fr\/wp-json\/wp\/v2\/comments?post=6511"}],"version-history":[{"count":11,"href":"https:\/\/all4care.ch\/fr\/wp-json\/wp\/v2\/pages\/6511\/revisions"}],"predecessor-version":[{"id":6665,"href":"https:\/\/all4care.ch\/fr\/wp-json\/wp\/v2\/pages\/6511\/revisions\/6665"}],"up":[{"embeddable":true,"href":"https:\/\/all4care.ch\/fr\/wp-json\/wp\/v2\/pages\/6528"}],"wp:attachment":[{"href":"https:\/\/all4care.ch\/fr\/wp-json\/wp\/v2\/media?parent=6511"}],"curies":[{"name":"wp","href":"https:\/\/api.w.org\/{rel}","templated":true}]}}