{"id":6528,"date":"2026-02-19T16:21:06","date_gmt":"2026-02-19T15:21:06","guid":{"rendered":"https:\/\/all4care.ch\/stomocur\/"},"modified":"2026-02-19T16:42:13","modified_gmt":"2026-02-19T15:42:13","slug":"stomocur","status":"publish","type":"page","link":"https:\/\/all4care.ch\/fr\/b2b\/stomocur\/","title":{"rendered":"STOMOCUR"},"content":{"rendered":"\n<style type=\"text\/css\" data-created_by=\"avia_inline_auto\" id=\"style-css-av-lq3x059u-715e90b46678842e9e7f1f65e3e433d9\">\n.avia-section.av-lq3x059u-715e90b46678842e9e7f1f65e3e433d9{\nbackground-color:#cfcdc9;\nbackground-image:unset;\nmargin-top:20px;\nmargin-bottom:0px;\n}\n<\/style>\n<div id='av_section_1'  class='avia-section av-lq3x059u-715e90b46678842e9e7f1f65e3e433d9 main_color avia-section-no-padding avia-no-border-styling  avia-builder-el-0  el_before_av_section  avia-builder-el-first  avia-bg-style-scroll av-minimum-height av-minimum-height-50 av-height-percent  container_wrap sidebar_right'   data-av_minimum_height_pc='50' data-av_min_height_opt='percent'><div class='container av-section-cont-open' ><main  role=\"main\" itemprop=\"mainContentOfPage\"  class='template-page content  av-content-small alpha units'><div class='post-entry post-entry-type-page post-entry-6528'><div class='entry-content-wrapper clearfix'>\n<div class='flex_column_table av-4mxubi-faf8ea8f303de3321d171cac414d1d5d sc-av_one_half av-equal-height-column-flextable'>\n<style type=\"text\/css\" data-created_by=\"avia_inline_auto\" id=\"style-css-av-4mxubi-faf8ea8f303de3321d171cac414d1d5d\">\n#top .flex_column_table.av-equal-height-column-flextable.av-4mxubi-faf8ea8f303de3321d171cac414d1d5d{\nmargin-top:0px;\nmargin-bottom:0px;\n}\n.flex_column.av-4mxubi-faf8ea8f303de3321d171cac414d1d5d{\npadding:5% 0 5% 0;\n}\n<\/style>\n<div  class='flex_column av-4mxubi-faf8ea8f303de3321d171cac414d1d5d av_one_half  avia-builder-el-1  el_before_av_one_half  avia-builder-el-first  first flex_column_table_cell av-equal-height-column av-align-bottom  '     ><p>\n<style type=\"text\/css\" data-created_by=\"avia_inline_auto\" id=\"style-css-av-mlqx5zbw-208f51138e31b4bef8ae7fede0eca50f\">\n.avia-image-container.av-mlqx5zbw-208f51138e31b4bef8ae7fede0eca50f img.avia_image{\nbox-shadow:none;\n}\n.avia-image-container.av-mlqx5zbw-208f51138e31b4bef8ae7fede0eca50f .av-image-caption-overlay-center{\ncolor:#ffffff;\n}\n<\/style>\n<div  class='avia-image-container av-mlqx5zbw-208f51138e31b4bef8ae7fede0eca50f av-styling- avia-align-center  avia-builder-el-2  el_before_av_textblock  avia-builder-el-first '   itemprop=\"image\" itemscope=\"itemscope\" itemtype=\"https:\/\/schema.org\/ImageObject\" ><div class=\"avia-image-container-inner\"><div class=\"avia-image-overlay-wrap\"><img decoding=\"async\" fetchpriority=\"high\" class='wp-image-6352 avia-img-lazy-loading-not-6352 avia_image ' src=\"https:\/\/all4care.ch\/wp-content\/uploads\/2026\/02\/stomocur-logo.webp\" alt='' title='stomocur-logo'  height=\"145\" width=\"800\"  itemprop=\"thumbnailUrl\" srcset=\"https:\/\/all4care.ch\/wp-content\/uploads\/2026\/02\/stomocur-logo.webp 800w, https:\/\/all4care.ch\/wp-content\/uploads\/2026\/02\/stomocur-logo-300x54.webp 300w, https:\/\/all4care.ch\/wp-content\/uploads\/2026\/02\/stomocur-logo-768x139.webp 768w, https:\/\/all4care.ch\/wp-content\/uploads\/2026\/02\/stomocur-logo-705x128.webp 705w, https:\/\/all4care.ch\/wp-content\/uploads\/2026\/02\/stomocur-logo-450x82.webp 450w, https:\/\/all4care.ch\/wp-content\/uploads\/2026\/02\/stomocur-logo-600x109.webp 600w\" sizes=\"(max-width: 800px) 100vw, 800px\" \/><\/div><\/div><\/div><br \/>\n\n<style type=\"text\/css\" data-created_by=\"avia_inline_auto\" id=\"style-css-av-mlqwyu3q-a8ffcf7a2c248c59f22b858e72d84a60\">\n#top .av_textblock_section.av-mlqwyu3q-a8ffcf7a2c248c59f22b858e72d84a60 .avia_textblock{\npadding:27px 0 0 0;\n}\n<\/style>\n<section  class='av_textblock_section av-mlqwyu3q-a8ffcf7a2c248c59f22b858e72d84a60 '   itemscope=\"itemscope\" itemtype=\"https:\/\/schema.org\/CreativeWork\" ><div class='avia_textblock'  itemprop=\"text\" ><h1>Qualit\u00e9 reconnue<\/h1>\n<h2>au service des patients et des soignants<\/h2>\n<\/div><\/section><\/p><\/div><div class='av-flex-placeholder'><\/div>\n<style type=\"text\/css\" data-created_by=\"avia_inline_auto\" id=\"style-css-av-30s7y6-da522e38a01b7ee82326b209659a4e6b\">\n#top .flex_column_table.av-equal-height-column-flextable.av-30s7y6-da522e38a01b7ee82326b209659a4e6b{\nmargin-top:0px;\nmargin-bottom:0px;\n}\n.flex_column.av-30s7y6-da522e38a01b7ee82326b209659a4e6b{\npadding:0 0 0 0;\n}\n<\/style>\n<div  class='flex_column av-30s7y6-da522e38a01b7ee82326b209659a4e6b av_one_half  avia-builder-el-4  el_after_av_one_half  avia-builder-el-last  bottomnomarg flex_column_table_cell av-equal-height-column av-align-bottom  '     ><style type=\"text\/css\" data-created_by=\"avia_inline_auto\" id=\"style-css-av-lq3x0sif-ba03af33fc031d0c2b21de6ace475887\">\n.avia-image-container.av-lq3x0sif-ba03af33fc031d0c2b21de6ace475887 img.avia_image{\nbox-shadow:none;\n}\n.avia-image-container.av-lq3x0sif-ba03af33fc031d0c2b21de6ace475887 .av-image-caption-overlay-center{\ncolor:#ffffff;\n}\n<\/style>\n<div  class='avia-image-container av-lq3x0sif-ba03af33fc031d0c2b21de6ace475887 av-styling- avia-align-center  avia-builder-el-5  avia-builder-el-no-sibling '   itemprop=\"image\" itemscope=\"itemscope\" itemtype=\"https:\/\/schema.org\/ImageObject\" ><div class=\"avia-image-container-inner\"><div class=\"avia-image-overlay-wrap\"><img decoding=\"async\" fetchpriority=\"high\" class='wp-image-6370 avia-img-lazy-loading-not-6370 avia_image ' src=\"https:\/\/all4care.ch\/wp-content\/uploads\/2026\/02\/stomocur-keyvisul-all4care-845x684.webp\" alt='Dame um die 60 mit weissgrauem Haar l\u00e4chelnd - stomocur - all4care' title='stomocur-keyvisul-all4care'  height=\"684\" width=\"845\"  itemprop=\"thumbnailUrl\" srcset=\"https:\/\/all4care.ch\/wp-content\/uploads\/2026\/02\/stomocur-keyvisul-all4care-845x684.webp 845w, https:\/\/all4care.ch\/wp-content\/uploads\/2026\/02\/stomocur-keyvisul-all4care-495x400.webp 495w\" sizes=\"(max-width: 845px) 100vw, 845px\" \/><\/div><\/div><\/div><\/div><\/div><!--close column table wrapper. Autoclose: 1 -->\n\n<\/div><\/div><\/main><!-- close content main element --><\/div><\/div>\n<style type=\"text\/css\" data-created_by=\"avia_inline_auto\" id=\"style-css-av-mlsbf9u9-18a5d5b7c3c9a0610efb8628574c2cdc\">\n.avia-section.av-mlsbf9u9-18a5d5b7c3c9a0610efb8628574c2cdc{\nbackground-color:transparent;\nbackground-image:unset;\nmargin-top:-140px;\nmargin-bottom:0px;\n}\n<\/style>\n<div id='av_section_2'  class='avia-section av-mlsbf9u9-18a5d5b7c3c9a0610efb8628574c2cdc main_color avia-section-default avia-no-border-styling  avia-builder-el-6  el_after_av_section  el_before_av_section  avia-bg-style-scroll container_wrap sidebar_right'  ><div class='container av-section-cont-open' ><div class='template-page content  av-content-small alpha units'><div class='post-entry post-entry-type-page post-entry-6528'><div class='entry-content-wrapper clearfix'>\n\n<style type=\"text\/css\" data-created_by=\"avia_inline_auto\" id=\"style-css-av-2rbo0u-868393de83664870a9d334fe66b64091\">\n#top .flex_column.av-2rbo0u-868393de83664870a9d334fe66b64091{\nmargin-top:0px;\nmargin-bottom:0px;\n}\n.flex_column.av-2rbo0u-868393de83664870a9d334fe66b64091{\npadding:0 0 0 0;\nheight:auto;\nmin-height:1px;\nbackground-color:transparent;\n}\n.responsive #top #wrap_all .flex_column.av-2rbo0u-868393de83664870a9d334fe66b64091{\nmargin-top:0px;\nmargin-bottom:0px;\n}\n<\/style>\n<div  class='flex_column av-2rbo0u-868393de83664870a9d334fe66b64091 av_four_fifth  avia-builder-el-7  el_before_av_one_fifth  avia-builder-el-first  first no_margin flex_column_div av-zero-column-padding  '     ><\/div>\n<style type=\"text\/css\" data-created_by=\"avia_inline_auto\" id=\"style-css-av-mlsah95a-b7d80d55e3f37446c94b477f0116676e\">\n#top .flex_column.av-mlsah95a-b7d80d55e3f37446c94b477f0116676e{\nmargin-top:0px;\nmargin-bottom:0px;\n}\n.flex_column.av-mlsah95a-b7d80d55e3f37446c94b477f0116676e{\nbackground-color:#008243;\n}\n.responsive #top #wrap_all .flex_column.av-mlsah95a-b7d80d55e3f37446c94b477f0116676e{\nmargin-top:0px;\nmargin-bottom:0px;\n}\n<\/style>\n<div  class='flex_column av-mlsah95a-b7d80d55e3f37446c94b477f0116676e av_one_fifth  avia-builder-el-8  el_after_av_four_fifth  avia-builder-el-last  greenstoererstomo no_margin flex_column_div avia-link-column av-column-link  '    data-link-column-url=\"https:\/\/all4care.ch\/fr\/contact\/?anliegen=Echantillons%20gratuits&#038;Muster=Stomath\u00e9rapie&#038;your-message=Je%20souhaite%20commander%20les%20\u00e9chantillons%20STOMOCUR%20suivants%20:%5CnNom%20du%20produit%20:%20%20%20%7C%20Quantit\u00e9%20:%20%20%7C%20Num\u00e9ro%20d\u2018article%20:%20%5CnNom%20du%20produit%20:%20%20%20%7C%20Quantit\u00e9%20:%20%20%7C%20Num\u00e9ro%20d\u2019article%20:%20\"   ><a class=\"av-screen-reader-only\" href=https:\/\/all4care.ch\/fr\/contact\/?anliegen=Echantillons%20gratuits&#038;Muster=Stomath\u00e9rapie&#038;your-message=Je%20souhaite%20commander%20les%20\u00e9chantillons%20STOMOCUR%20suivants%20:%5CnNom%20du%20produit%20:%20%20%20%7C%20Quantit\u00e9%20:%20%20%7C%20Num\u00e9ro%20d\u2018article%20:%20%5CnNom%20du%20produit%20:%20%20%20%7C%20Quantit\u00e9%20:%20%20%7C%20Num\u00e9ro%20d\u2019article%20:%20 >Suivre un lien ajout\u00e9 manuellement<\/a><style type=\"text\/css\" data-created_by=\"avia_inline_auto\" id=\"style-css-av-mlsahyjm-66f8078c7550f62ee9e45a3dea461523\">\n#top .av_textblock_section.av-mlsahyjm-66f8078c7550f62ee9e45a3dea461523 .avia_textblock{\nfont-size:17px;\n}\n<\/style>\n<section  class='av_textblock_section av-mlsahyjm-66f8078c7550f62ee9e45a3dea461523 '   itemscope=\"itemscope\" itemtype=\"https:\/\/schema.org\/CreativeWork\" ><div class='avia_textblock'  itemprop=\"text\" ><p>Contactez-nous<br \/>\npour commander<br \/>\ndes \u00e9chantillons<\/p>\n<\/div><\/section><\/div>\n\n<\/div><\/div><\/div><!-- close content main div --><\/div><\/div>\n<style type=\"text\/css\" data-created_by=\"avia_inline_auto\" id=\"style-css-av-lq3y3fu1-47e3b88e8683b07bcb01183069c21e7f\">\n.avia-section.av-lq3y3fu1-47e3b88e8683b07bcb01183069c21e7f{\nmargin-top:-80px;\nmargin-bottom:0px;\n}\n<\/style>\n<div id='kontakt'  class='avia-section av-lq3y3fu1-47e3b88e8683b07bcb01183069c21e7f main_color avia-section-default avia-no-border-styling  avia-builder-el-10  el_after_av_section  avia-builder-el-last  avia-bg-style-scroll container_wrap sidebar_right'  ><div class='container av-section-cont-open' ><div class='template-page content  av-content-small alpha units'><div class='post-entry post-entry-type-page post-entry-6528'><div class='entry-content-wrapper clearfix'>\n\n<style type=\"text\/css\" data-created_by=\"avia_inline_auto\" id=\"style-css-av-mls37l95-ecd75407eba3797e74607b83f4afb42e\">\n.avia-image-container.av-mls37l95-ecd75407eba3797e74607b83f4afb42e img.avia_image{\nbox-shadow:none;\n}\n.avia-image-container.av-mls37l95-ecd75407eba3797e74607b83f4afb42e .av-image-caption-overlay-center{\ncolor:#ffffff;\n}\n<\/style>\n<div  class='avia-image-container av-mls37l95-ecd75407eba3797e74607b83f4afb42e av-styling- avia-align-center  avia-builder-el-11  el_before_av_one_half  avia-builder-el-first '   itemprop=\"image\" itemscope=\"itemscope\" itemtype=\"https:\/\/schema.org\/ImageObject\" ><div class=\"avia-image-container-inner\"><div class=\"avia-image-overlay-wrap\"><img decoding=\"async\" fetchpriority=\"high\" class='wp-image-6377 avia-img-lazy-loading-not-6377 avia_image ' src=\"https:\/\/all4care.ch\/wp-content\/uploads\/2026\/02\/stomocur-produkte.webp\" alt='' title='stomocur-produkte'  height=\"360\" width=\"1200\"  itemprop=\"thumbnailUrl\" srcset=\"https:\/\/all4care.ch\/wp-content\/uploads\/2026\/02\/stomocur-produkte.webp 1200w, https:\/\/all4care.ch\/wp-content\/uploads\/2026\/02\/stomocur-produkte-300x90.webp 300w, https:\/\/all4care.ch\/wp-content\/uploads\/2026\/02\/stomocur-produkte-1030x309.webp 1030w, https:\/\/all4care.ch\/wp-content\/uploads\/2026\/02\/stomocur-produkte-768x230.webp 768w, https:\/\/all4care.ch\/wp-content\/uploads\/2026\/02\/stomocur-produkte-705x212.webp 705w, https:\/\/all4care.ch\/wp-content\/uploads\/2026\/02\/stomocur-produkte-450x135.webp 450w, https:\/\/all4care.ch\/wp-content\/uploads\/2026\/02\/stomocur-produkte-600x180.webp 600w\" sizes=\"(max-width: 1200px) 100vw, 1200px\" \/><\/div><\/div><\/div>\n<div class='flex_column_table av-lq3xxv5y-3825bb3ef84b82ace5581ef76058861b sc-av_one_half av-equal-height-column-flextable'><div  class='flex_column av-lq3xxv5y-3825bb3ef84b82ace5581ef76058861b av_one_half  avia-builder-el-12  el_after_av_image  el_before_av_one_half  first flex_column_table_cell av-equal-height-column av-align-top  '     ><style type=\"text\/css\" data-created_by=\"avia_inline_auto\" id=\"style-css-av-lq3xzyri-28958f079834eb43be7a453b1a98855c\">\n#top .av_textblock_section.av-lq3xzyri-28958f079834eb43be7a453b1a98855c .avia_textblock{\nfont-size:18px;\n}\n<\/style>\n<section  class='av_textblock_section av-lq3xzyri-28958f079834eb43be7a453b1a98855c '   itemscope=\"itemscope\" itemtype=\"https:\/\/schema.org\/CreativeWork\" ><div class='avia_textblock'  itemprop=\"text\" ><ul>\n<li>Large gamme pour stomies, fistules et situations complexes.<\/li>\n<li>Produits d\u00e9velopp\u00e9s pour une tenue fiable et un confort optimal.<\/li>\n<li>Plaques \u00e0 base d\u2019alginate pour les peaux fragilis\u00e9es.<\/li>\n<li>Solutions sans g\u00e9latine, adapt\u00e9es aux peaux sensibles.<\/li>\n<\/ul>\n<\/div><\/section><\/div><div class='av-flex-placeholder'><\/div><div  class='flex_column av-2jo80u-3f787e036193f05cfaaefb253365c1f4 av_one_half  avia-builder-el-14  el_after_av_one_half  avia-builder-el-last  flex_column_table_cell av-equal-height-column av-align-top  '     ><p><section  class='av_textblock_section av-mihj3fky-09f4f76a41c5296f5d183c6a4a8f4a83 '   itemscope=\"itemscope\" itemtype=\"https:\/\/schema.org\/CreativeWork\" ><div class='avia_textblock'  itemprop=\"text\" ><p>Nous r\u00e9pondons bien s\u00fbr volontiers \u00e0 vos questions personnellement :<\/p>\n<\/div><\/section><br \/>\n<section  class='av_textblock_section av-mi4pmck6-4fa6a123446712b03f6db5fd95e976e5 '   itemscope=\"itemscope\" itemtype=\"https:\/\/schema.org\/CreativeWork\" ><div class='avia_textblock'  itemprop=\"text\" ><p>t\u00e9l. :<a href=\"tel:0041582551233\"> +41 58 255 12 33<\/a><br \/>\nmail :<a href=\"ma&#105;&#108;&#116;&#x6f;&#x3a;&#x69;&#x6e;&#x66;o&#64;&#115;&#116;&#111;&#x6d;&#x6f;&#x63;&#x75;&#x72;&#46;c&#104;\"> &#x69;n&#x66;&#111;&#64;&#x73;&#116;&#x6f;&#x6d;o&#x63;&#117;r&#x2e;&#99;&#x68;<\/a><\/p>\n<\/div><\/section><br \/>\n<div  class='avia-button-wrap av-3a6w11-901bd57088f73f0fb20d551e5bbc4614-wrap avia-button-left  avia-builder-el-17  el_after_av_textblock  avia-builder-el-last '>\n<style type=\"text\/css\" data-created_by=\"avia_inline_auto\" id=\"style-css-av-3a6w11-901bd57088f73f0fb20d551e5bbc4614\">\n#top #wrap_all .avia-button.av-3a6w11-901bd57088f73f0fb20d551e5bbc4614{\nbackground-color:#008243;\nborder-color:#008243;\ncolor:#ffffff;\ntransition:all 0.4s ease-in-out;\n}\n#top #wrap_all .avia-button.av-3a6w11-901bd57088f73f0fb20d551e5bbc4614 .avia-svg-icon svg:first-child{\nfill:#ffffff;\nstroke:#ffffff;\n}\n<\/style>\n<a href='https:\/\/all4care.ch\/fr\/contact\/?anliegen=Echantillons gratuits&amp;Muster=Stomath\u00e9rapie&amp;your-message=Je%20souhaite%20commander%20les%20\u00e9chantillons%20STOMOCUR%20suivants%20:%5CnNom%20du%20produit%20:%20%20%20%7C%20Quantit\u00e9%20:%20%20%7C%20Num\u00e9ro d\u2018article%20:%20%5CnNom%20du%20produit%20:%20%20%20%7C%20Quantit\u00e9%20:%20%20%7C%20Num\u00e9ro d\u2019article%20:%20'  class='avia-button av-3a6w11-901bd57088f73f0fb20d551e5bbc4614 av-link-btn avia-icon_select-yes-right-icon avia-size-x-large avia-position-left av-icon-on-hover'   aria-label=\"Commander un \u00e9chantillon gratuit\"><span class='avia_iconbox_title' >Commander un \u00e9chantillon gratuit<\/span><span class='avia_button_icon avia_button_icon_right avia-svg-icon avia-font-svg_entypo-fontello' data-av_svg_icon='basket' data-av_iconset='svg_entypo-fontello'><svg version=\"1.1\" xmlns=\"http:\/\/www.w3.org\/2000\/svg\" width=\"29\" height=\"32\" viewBox=\"0 0 29 32\" preserveAspectRatio=\"xMidYMid meet\" aria-labelledby='av-svg-title-1' aria-describedby='av-svg-desc-1' role=\"graphics-symbol\">\n<title id='av-svg-title-1'>Basket<\/title>\n<desc id='av-svg-desc-1'>Basket<\/desc>\n<path d=\"M4.8 27.2q0-1.28 0.96-2.24t2.24-0.96q1.344 0 2.272 0.96t0.928 2.24q0 1.344-0.928 2.272t-2.272 0.928q-1.28 0-2.24-0.928t-0.96-2.272zM20.8 27.2q0-1.28 0.96-2.24t2.24-0.96q1.344 0 2.272 0.96t0.928 2.24q0 1.344-0.928 2.272t-2.272 0.928q-1.28 0-2.24-0.928t-0.96-2.272zM10.496 19.648q-1.152 0.32-1.088 0.736t1.408 0.416h17.984v2.432q0 0.64-0.64 0.64h-20.928q-0.64 0-0.64-0.64v-2.432l-0.32-1.472-3.136-14.528h-3.136v-2.56q0-0.64 0.64-0.64h4.992q0.64 0 0.64 0.64v2.752h22.528v8.768q0 0.704-0.576 0.832z\"><\/path>\n<\/svg><\/span><\/a><\/div><\/p><\/div><\/div><!--close column table wrapper. Autoclose: 1 --><\/div><\/div><\/div><!-- close content main div --><\/div><\/div><div id='after_section_3'  class='main_color av_default_container_wrap container_wrap sidebar_right'  ><div class='container av-section-cont-open' ><div class='template-page content  av-content-small alpha units'><div class='post-entry post-entry-type-page post-entry-6528'><div class='entry-content-wrapper clearfix'>\n","protected":false},"excerpt":{"rendered":"","protected":false},"author":1,"featured_media":0,"parent":6535,"menu_order":200,"comment_status":"closed","ping_status":"closed","template":"","meta":{"inline_featured_image":false,"footnotes":""},"class_list":["post-6528","page","type-page","status-publish","hentry"],"_links":{"self":[{"href":"https:\/\/all4care.ch\/fr\/wp-json\/wp\/v2\/pages\/6528","targetHints":{"allow":["GET"]}}],"collection":[{"href":"https:\/\/all4care.ch\/fr\/wp-json\/wp\/v2\/pages"}],"about":[{"href":"https:\/\/all4care.ch\/fr\/wp-json\/wp\/v2\/types\/page"}],"author":[{"embeddable":true,"href":"https:\/\/all4care.ch\/fr\/wp-json\/wp\/v2\/users\/1"}],"replies":[{"embeddable":true,"href":"https:\/\/all4care.ch\/fr\/wp-json\/wp\/v2\/comments?post=6528"}],"version-history":[{"count":10,"href":"https:\/\/all4care.ch\/fr\/wp-json\/wp\/v2\/pages\/6528\/revisions"}],"predecessor-version":[{"id":6545,"href":"https:\/\/all4care.ch\/fr\/wp-json\/wp\/v2\/pages\/6528\/revisions\/6545"}],"up":[{"embeddable":true,"href":"https:\/\/all4care.ch\/fr\/wp-json\/wp\/v2\/pages\/6535"}],"wp:attachment":[{"href":"https:\/\/all4care.ch\/fr\/wp-json\/wp\/v2\/media?parent=6528"}],"curies":[{"name":"wp","href":"https:\/\/api.w.org\/{rel}","templated":true}]}}