{"id":4336,"date":"2022-03-24T12:35:51","date_gmt":"2022-03-25T08:12:57","guid":{"rendered":"https:\/\/all4care.ch\/produkte\/active%c2%b3-erection-system-fr\/"},"modified":"2022-04-25T10:07:59","modified_gmt":"2022-04-25T08:07:59","slug":"active%c2%b3-erection-system-fr","status":"publish","type":"product","link":"https:\/\/all4care.ch\/fr\/produits\/active%c2%b3-erection-system-fr\/","title":{"rendered":"Active\u00b3\u00ae Erection System | FR"},"content":{"rendered":"<p>Se sentir \u00e0 nouveau pleinement homme.<\/p>\n<p>Se sentir \u00e0 nouveau pleinement homme avec le nouveau ACTIVE 3\u00ae Erection System.<br \/>\nLa pompe \u00e0 \u00e9rection \u00e9lectrique ACTIVE 3\u00ae permet de retrouver des fonctions \u00e9rectiles normales par pression n\u00e9gative. Sans m\u00e9dicaments ou effets secondaires ind\u00e9sirables. La pression n\u00e9gative permet au sang d\u2019affluer dans le tissu \u00e9rectile et de rigidifier le p\u00e9nis. Un des anneaux p\u00e9niens est ensuite gliss\u00e9 sur le corps du p\u00e9nis: il permet de maintenir l\u2019\u00e9rection lorsque le cylindre est retir\u00e9. L\u2019\u00e9rection ainsi maintenue permet de retrouver des rapports sexuels normaux et satisfaisants.<br \/>\nLe syst\u00e8me d\u2019\u00e9rection ACTIVE 3\u00ae peut \u00eatre facilement nettoy\u00e9 avec de l\u2019eau ti\u00e8de. Toutes les pi\u00e8ces, y compris les anneaux p\u00e9niens en tailles diff\u00e9rentes, peuvent \u00eatre command\u00e9es ult\u00e9rieurement. La t\u00eate de pompe (moteur) est garantie 2 ans. Le traitement par pression n\u00e9gative a fait l\u2019objet de nombreuses recherches scientifiques, et cette m\u00e9thode a fait ses preuves depuis 30 ans.<\/p>\n<p>Pharmacode 7772703<\/p>\n","protected":false},"excerpt":{"rendered":"<p>Traitement par pression n\u00e9gative lors d\u2019une dysfonction \u00e9rectile<\/p>\n","protected":false},"featured_media":3096,"comment_status":"open","ping_status":"closed","template":"","meta":{"inline_featured_image":false},"product_brand":[],"product_cat":[103],"product_tag":[],"class_list":{"0":"post-4336","1":"product","2":"type-product","3":"status-publish","4":"has-post-thumbnail","6":"product_cat-disfonction-erectile","8":"first","9":"instock","10":"taxable","11":"shipping-taxable","12":"purchasable","13":"product-type-simple"},"_links":{"self":[{"href":"https:\/\/all4care.ch\/fr\/wp-json\/wp\/v2\/product\/4336","targetHints":{"allow":["GET"]}}],"collection":[{"href":"https:\/\/all4care.ch\/fr\/wp-json\/wp\/v2\/product"}],"about":[{"href":"https:\/\/all4care.ch\/fr\/wp-json\/wp\/v2\/types\/product"}],"replies":[{"embeddable":true,"href":"https:\/\/all4care.ch\/fr\/wp-json\/wp\/v2\/comments?post=4336"}],"wp:featuredmedia":[{"embeddable":true,"href":"https:\/\/all4care.ch\/fr\/wp-json\/wp\/v2\/media\/3096"}],"wp:attachment":[{"href":"https:\/\/all4care.ch\/fr\/wp-json\/wp\/v2\/media?parent=4336"}],"wp:term":[{"taxonomy":"product_brand","embeddable":true,"href":"https:\/\/all4care.ch\/fr\/wp-json\/wp\/v2\/product_brand?post=4336"},{"taxonomy":"product_cat","embeddable":true,"href":"https:\/\/all4care.ch\/fr\/wp-json\/wp\/v2\/product_cat?post=4336"},{"taxonomy":"product_tag","embeddable":true,"href":"https:\/\/all4care.ch\/fr\/wp-json\/wp\/v2\/product_tag?post=4336"}],"curies":[{"name":"wp","href":"https:\/\/api.w.org\/{rel}","templated":true}]}}