{"id":4345,"date":"2022-03-24T12:35:53","date_gmt":"2022-03-29T09:05:49","guid":{"rendered":"https:\/\/all4care.ch\/produkte\/corylus-nouva-balsam\/"},"modified":"2022-04-25T10:12:55","modified_gmt":"2022-04-25T08:12:55","slug":"baume-corylus-nouva","status":"publish","type":"product","link":"https:\/\/all4care.ch\/fr\/produits\/baume-corylus-nouva\/","title":{"rendered":"Baume Corylus Nouva"},"content":{"rendered":"<p>Soin \u00e0 base d\u2019extraits de feuilles de noisetier.<br \/>\nVisage et corps.<br \/>\nEn application r\u00e9guli\u00e8re, aide \u00e0 \u00e9liminer les d\u00e9fauts et att\u00e9nuer les marques pr\u00e9sentes sur la peau.<br \/>\nIngr\u00e9dients 100% naturels<br \/>\nFabrication suisse.<\/p>\n","protected":false},"excerpt":{"rendered":"<p>Baume Corylus nouva 100\u00a0ml<br \/>\nR\u00e9duit les changements de la peau et les cicatrices, \u00e0 base d\u2019extrait de feuilles de noisetier<br \/>\net d\u2019huiles essentielles.<\/p>\n","protected":false},"featured_media":4620,"comment_status":"open","ping_status":"closed","template":"","meta":{"inline_featured_image":false},"product_brand":[],"product_cat":[107],"product_tag":[],"class_list":{"0":"post-4345","1":"product","2":"type-product","3":"status-publish","4":"has-post-thumbnail","6":"product_cat-cosmetique","8":"first","9":"instock","10":"taxable","11":"shipping-taxable","12":"purchasable","13":"product-type-simple"},"_links":{"self":[{"href":"https:\/\/all4care.ch\/fr\/wp-json\/wp\/v2\/product\/4345","targetHints":{"allow":["GET"]}}],"collection":[{"href":"https:\/\/all4care.ch\/fr\/wp-json\/wp\/v2\/product"}],"about":[{"href":"https:\/\/all4care.ch\/fr\/wp-json\/wp\/v2\/types\/product"}],"replies":[{"embeddable":true,"href":"https:\/\/all4care.ch\/fr\/wp-json\/wp\/v2\/comments?post=4345"}],"wp:featuredmedia":[{"embeddable":true,"href":"https:\/\/all4care.ch\/fr\/wp-json\/wp\/v2\/media\/4620"}],"wp:attachment":[{"href":"https:\/\/all4care.ch\/fr\/wp-json\/wp\/v2\/media?parent=4345"}],"wp:term":[{"taxonomy":"product_brand","embeddable":true,"href":"https:\/\/all4care.ch\/fr\/wp-json\/wp\/v2\/product_brand?post=4345"},{"taxonomy":"product_cat","embeddable":true,"href":"https:\/\/all4care.ch\/fr\/wp-json\/wp\/v2\/product_cat?post=4345"},{"taxonomy":"product_tag","embeddable":true,"href":"https:\/\/all4care.ch\/fr\/wp-json\/wp\/v2\/product_tag?post=4345"}],"curies":[{"name":"wp","href":"https:\/\/api.w.org\/{rel}","templated":true}]}}