{"id":4348,"date":"2022-03-24T12:35:53","date_gmt":"2022-03-29T09:09:36","guid":{"rendered":"https:\/\/all4care.ch\/produkte\/eliderma-gesichtscreme\/"},"modified":"2022-04-25T10:09:59","modified_gmt":"2022-04-25T08:09:59","slug":"creme-pour-le-visage-eliderma","status":"publish","type":"product","link":"https:\/\/all4care.ch\/fr\/produits\/creme-pour-le-visage-eliderma\/","title":{"rendered":"Cr\u00e8me pour le visage Eliderma"},"content":{"rendered":"<p>CR\u00c8ME VISAGE revitalisante<br \/>\nCr\u00e8me visage \u00e0 haute teneur<br \/>\nen bave d\u2019escargot, en action synergique<br \/>\navec l\u2019huile d\u2019argan, le beurre de karit\u00e9 et l\u2019extrait de bleuet<br \/>\npour un soin HYDRATANT, PROTECTEUR,<br \/>\nREVITALISANT, VIVIFIANT et ANTIOXYDANT<br \/>\n. Particuli\u00e8rement adapt\u00e9e aux peaux fatigu\u00e9es et D\u00c9SHYDRAT\u00c9ES<br \/>\nqui montrent les PREMIERS SIGNES<br \/>\nDE L\u2019\u00c2GE<\/p>\n","protected":false},"excerpt":{"rendered":"<p>ELIDERMA by Victor Philippe<br \/>\nCr\u00e8me visage intensive 35% &#8211; 50\u00a0ml<br \/>\nBave d\u2019escargot bio. Hydrate intens\u00e9ment et<br \/>\nfavorise le renouvellement cellulaire.<\/p>\n","protected":false},"featured_media":0,"comment_status":"open","ping_status":"closed","template":"","meta":{"inline_featured_image":false},"product_brand":[],"product_cat":[107],"product_tag":[],"class_list":{"0":"post-4348","1":"product","2":"type-product","3":"status-publish","5":"product_cat-cosmetique","7":"first","8":"instock","9":"taxable","10":"shipping-taxable","11":"purchasable","12":"product-type-simple"},"_links":{"self":[{"href":"https:\/\/all4care.ch\/fr\/wp-json\/wp\/v2\/product\/4348","targetHints":{"allow":["GET"]}}],"collection":[{"href":"https:\/\/all4care.ch\/fr\/wp-json\/wp\/v2\/product"}],"about":[{"href":"https:\/\/all4care.ch\/fr\/wp-json\/wp\/v2\/types\/product"}],"replies":[{"embeddable":true,"href":"https:\/\/all4care.ch\/fr\/wp-json\/wp\/v2\/comments?post=4348"}],"wp:attachment":[{"href":"https:\/\/all4care.ch\/fr\/wp-json\/wp\/v2\/media?parent=4348"}],"wp:term":[{"taxonomy":"product_brand","embeddable":true,"href":"https:\/\/all4care.ch\/fr\/wp-json\/wp\/v2\/product_brand?post=4348"},{"taxonomy":"product_cat","embeddable":true,"href":"https:\/\/all4care.ch\/fr\/wp-json\/wp\/v2\/product_cat?post=4348"},{"taxonomy":"product_tag","embeddable":true,"href":"https:\/\/all4care.ch\/fr\/wp-json\/wp\/v2\/product_tag?post=4348"}],"curies":[{"name":"wp","href":"https:\/\/api.w.org\/{rel}","templated":true}]}}