{"id":4349,"date":"2022-03-24T12:35:53","date_gmt":"2022-03-29T09:10:03","guid":{"rendered":"https:\/\/all4care.ch\/produkte\/eliderma-gesichtserum\/"},"modified":"2022-04-25T10:08:55","modified_gmt":"2022-04-25T08:08:55","slug":"serum-pour-le-visage-eliderma","status":"publish","type":"product","link":"https:\/\/all4care.ch\/fr\/produits\/serum-pour-le-visage-eliderma\/","title":{"rendered":"Serum pour le visage Eliderma"},"content":{"rendered":"<p>S\u00c9RUM<br \/>\nS\u00e9rum visage \u00e0 haute teneur<br \/>\nen bave d\u2019escargot pour un traitement PROTECTEUR,<br \/>\nHYDRATANT<br \/>\nR\u00c9G\u00c9N\u00c9RANT et ANTIOXYDANT<br \/>\nde la peau du visage, du cou et<br \/>\ndu d\u00e9collet\u00e9, enrichi en acide hyaluronique.<\/p>\n","protected":false},"excerpt":{"rendered":"<p>by VICTOR PHILIPPE<br \/>\nS\u00e9rum r\u00e9g\u00e9n\u00e9rant Eliderma<br \/>\nSoin intensif avec 98,5% de bave d\u2019escargot<\/p>\n","protected":false},"featured_media":4152,"comment_status":"open","ping_status":"closed","template":"","meta":{"inline_featured_image":false},"product_brand":[],"product_cat":[107],"product_tag":[],"class_list":{"0":"post-4349","1":"product","2":"type-product","3":"status-publish","4":"has-post-thumbnail","6":"product_cat-cosmetique","8":"first","9":"instock","10":"taxable","11":"shipping-taxable","12":"purchasable","13":"product-type-simple"},"_links":{"self":[{"href":"https:\/\/all4care.ch\/fr\/wp-json\/wp\/v2\/product\/4349","targetHints":{"allow":["GET"]}}],"collection":[{"href":"https:\/\/all4care.ch\/fr\/wp-json\/wp\/v2\/product"}],"about":[{"href":"https:\/\/all4care.ch\/fr\/wp-json\/wp\/v2\/types\/product"}],"replies":[{"embeddable":true,"href":"https:\/\/all4care.ch\/fr\/wp-json\/wp\/v2\/comments?post=4349"}],"wp:featuredmedia":[{"embeddable":true,"href":"https:\/\/all4care.ch\/fr\/wp-json\/wp\/v2\/media\/4152"}],"wp:attachment":[{"href":"https:\/\/all4care.ch\/fr\/wp-json\/wp\/v2\/media?parent=4349"}],"wp:term":[{"taxonomy":"product_brand","embeddable":true,"href":"https:\/\/all4care.ch\/fr\/wp-json\/wp\/v2\/product_brand?post=4349"},{"taxonomy":"product_cat","embeddable":true,"href":"https:\/\/all4care.ch\/fr\/wp-json\/wp\/v2\/product_cat?post=4349"},{"taxonomy":"product_tag","embeddable":true,"href":"https:\/\/all4care.ch\/fr\/wp-json\/wp\/v2\/product_tag?post=4349"}],"curies":[{"name":"wp","href":"https:\/\/api.w.org\/{rel}","templated":true}]}}