{"id":4350,"date":"2022-03-24T12:35:53","date_gmt":"2022-03-24T11:35:53","guid":{"rendered":"https:\/\/all4care.ch\/produkte\/laydry\/"},"modified":"2022-04-25T10:06:56","modified_gmt":"2022-04-25T08:06:56","slug":"laydry","status":"publish","type":"product","link":"https:\/\/all4care.ch\/fr\/produits\/laydry\/","title":{"rendered":"LayDry"},"content":{"rendered":"<p>LayDry se distingue de la concurrence par ses valeurs intrins\u00e8ques.<br \/>\nSon secret r\u00e9side dans le puissant noyau absorbant SuperCore. Il absorbe extr\u00eamement vite. Il peut absorber de grandes quantit\u00e9s de liquide, comme l\u2019urine. Et ne lib\u00e8re plus ce liquide. M\u00eame sous pression. Tout cela sans colle ni liant. LayDry est une b\u00e9n\u00e9diction, \u00e0 la fois pour ses utilisateurs, mais \u00e9galement pour les matelas. Des bandes adh\u00e9sives dispos\u00e9es sur le dessous garantissent le bon maintien en place. Jusqu\u2019\u00e0 48 heures!<\/p>\n","protected":false},"excerpt":{"rendered":"<p>Al\u00e8se LayDry &#8211; Reposez-vous en toute tranquillit\u00e9. Les al\u00e8ses LayDry ne fuient pas, \u00e9vitent la stagnation du liquide et emp\u00eachent les odeurs d\u00e9sagr\u00e9ables.<br \/>\nContenu 7 pi\u00e8ces<\/p>\n","protected":false},"featured_media":3228,"comment_status":"open","ping_status":"closed","template":"","meta":{"inline_featured_image":false},"product_brand":[],"product_cat":[106],"product_tag":[],"class_list":{"0":"post-4350","1":"product","2":"type-product","3":"status-publish","4":"has-post-thumbnail","6":"product_cat-produits-dincontinence-unisexes","8":"first","9":"instock","10":"taxable","11":"shipping-taxable","12":"purchasable","13":"product-type-simple"},"_links":{"self":[{"href":"https:\/\/all4care.ch\/fr\/wp-json\/wp\/v2\/product\/4350","targetHints":{"allow":["GET"]}}],"collection":[{"href":"https:\/\/all4care.ch\/fr\/wp-json\/wp\/v2\/product"}],"about":[{"href":"https:\/\/all4care.ch\/fr\/wp-json\/wp\/v2\/types\/product"}],"replies":[{"embeddable":true,"href":"https:\/\/all4care.ch\/fr\/wp-json\/wp\/v2\/comments?post=4350"}],"wp:featuredmedia":[{"embeddable":true,"href":"https:\/\/all4care.ch\/fr\/wp-json\/wp\/v2\/media\/3228"}],"wp:attachment":[{"href":"https:\/\/all4care.ch\/fr\/wp-json\/wp\/v2\/media?parent=4350"}],"wp:term":[{"taxonomy":"product_brand","embeddable":true,"href":"https:\/\/all4care.ch\/fr\/wp-json\/wp\/v2\/product_brand?post=4350"},{"taxonomy":"product_cat","embeddable":true,"href":"https:\/\/all4care.ch\/fr\/wp-json\/wp\/v2\/product_cat?post=4350"},{"taxonomy":"product_tag","embeddable":true,"href":"https:\/\/all4care.ch\/fr\/wp-json\/wp\/v2\/product_tag?post=4350"}],"curies":[{"name":"wp","href":"https:\/\/api.w.org\/{rel}","templated":true}]}}