{"id":4353,"date":"2022-03-24T12:35:52","date_gmt":"2022-03-29T09:13:33","guid":{"rendered":"https:\/\/all4care.ch\/produkte\/tena-discreet-lady-pads-maxi-night\/"},"modified":"2022-04-25T10:04:17","modified_gmt":"2022-04-25T08:04:17","slug":"tena-discreet-lady-pads-maxi-night","status":"publish","type":"product","link":"https:\/\/all4care.ch\/fr\/produits\/tena-discreet-lady-pads-maxi-night\/","title":{"rendered":"TENA Discreet Lady Pads MAXI NIGHT"},"content":{"rendered":"<p>Protections absorbantes f\u00e9minines TENA Discreet Maxi Night avec une protection incroyable, con\u00e7ues avec une longueur et une largeur suppl\u00e9mentaires \u00e0 l\u2019arri\u00e8re pour une protection renforc\u00e9e offrant une s\u00e9curit\u00e9 optimale en position allong\u00e9e, adapt\u00e9es aux fuites mod\u00e9r\u00e9es \u00e0 fortes, surtout la nuit. Une absorption maximale l\u00e0 o\u00f9 vous en avez le plus besoin qui garantit une capture rapide de l\u2019humidit\u00e9 en maintenant la peau au sec et en neutralisant les odeurs avec ses micro-billes de fra\u00eecheur avanc\u00e9es. Gr\u00e2ce aux \u00e9lastiques lat\u00e9raux souples, la protection pour les fuites s\u2019adapte aux formes de la silhouette. Elle est tr\u00e8s confortable et prot\u00e8ge contre les fuites et les odeurs \u2013 offrant tranquillit\u00e9 d\u2019esprit et une nuit sereine.<br \/>\nDiscr\u00e8te et s\u00fbre. La protection TENA en plus<br \/>\nFra\u00eecheur, s\u00e9curit\u00e9 et contr\u00f4le des odeurs<br \/>\nSyst\u00e8me Fresh Odour Control, pour une confiance accrue<\/p>\n","protected":false},"excerpt":{"rendered":"<p>Protection s\u00fbre en cas de fuites urinaires avec un pouvoir absorbant suppl\u00e9mentaire et une protection en plus \u00e0 l&rsquo;arri\u00e8re. Protection renforc\u00e9e pour un sommeil agr\u00e9able<br \/>\n12 pi\u00e8ces\/ Emballage<br \/>\nPouvoir absorbant 6\/8 gouttes<\/p>\n","protected":false},"featured_media":3372,"comment_status":"open","ping_status":"closed","template":"","meta":{"inline_featured_image":false},"product_brand":[],"product_cat":[104],"product_tag":[],"class_list":{"0":"post-4353","1":"product","2":"type-product","3":"status-publish","4":"has-post-thumbnail","6":"product_cat-produits-dincontinence-pour-femmes","8":"first","9":"instock","10":"taxable","11":"shipping-taxable","12":"purchasable","13":"product-type-simple"},"_links":{"self":[{"href":"https:\/\/all4care.ch\/fr\/wp-json\/wp\/v2\/product\/4353","targetHints":{"allow":["GET"]}}],"collection":[{"href":"https:\/\/all4care.ch\/fr\/wp-json\/wp\/v2\/product"}],"about":[{"href":"https:\/\/all4care.ch\/fr\/wp-json\/wp\/v2\/types\/product"}],"replies":[{"embeddable":true,"href":"https:\/\/all4care.ch\/fr\/wp-json\/wp\/v2\/comments?post=4353"}],"wp:featuredmedia":[{"embeddable":true,"href":"https:\/\/all4care.ch\/fr\/wp-json\/wp\/v2\/media\/3372"}],"wp:attachment":[{"href":"https:\/\/all4care.ch\/fr\/wp-json\/wp\/v2\/media?parent=4353"}],"wp:term":[{"taxonomy":"product_brand","embeddable":true,"href":"https:\/\/all4care.ch\/fr\/wp-json\/wp\/v2\/product_brand?post=4353"},{"taxonomy":"product_cat","embeddable":true,"href":"https:\/\/all4care.ch\/fr\/wp-json\/wp\/v2\/product_cat?post=4353"},{"taxonomy":"product_tag","embeddable":true,"href":"https:\/\/all4care.ch\/fr\/wp-json\/wp\/v2\/product_tag?post=4353"}],"curies":[{"name":"wp","href":"https:\/\/api.w.org\/{rel}","templated":true}]}}