{"id":4354,"date":"2022-03-24T12:35:52","date_gmt":"2022-03-24T11:35:52","guid":{"rendered":"https:\/\/all4care.ch\/produkte\/tena-discreet-lady-pads-maxi\/"},"modified":"2022-04-25T10:03:26","modified_gmt":"2022-04-25T08:03:26","slug":"tena-discreet-lady-pads-maxi","status":"publish","type":"product","link":"https:\/\/all4care.ch\/fr\/produits\/tena-discreet-lady-pads-maxi\/","title":{"rendered":"TENA\u00ae Discreet Lady Pads MAXI"},"content":{"rendered":"<p>Con\u00e7ue pour les femmes qui ont des fuites importantes inattendues au quotidien, TENA Discreet Max est la protection absorbante id\u00e9ale. Pour une s\u00e9curit\u00e9 maximale, la technologie Zone instaDRY\u2122 absorbe les fuites en quelques secondes et le noyau super absorbant emprisonne les fuites encore plus fortes \u00e0 l\u2019int\u00e9rieur de la protection. Cette protection confortable pour les fuites pr\u00e9sente des c\u00f4t\u00e9s \u00e9lastiques doux et s\u2019adapte aux formes du corps. Avec une Triple Protection contre les fuites, les odeurs et l\u2019humidit\u00e9, TENA Discreet Maxi est le choix id\u00e9al au quotidien pour les femmes concern\u00e9es par des fuites urinaires fortes. Restez confiante et sereine, quel que soit le programme de votre journ\u00e9e gr\u00e2ce \u00e0 son absorption instantan\u00e9e et sa coupe confortable.<br \/>\nDiscr\u00e8te et s\u00fbre. La protection TENA en plus<br \/>\nFra\u00eecheur, s\u00e9curit\u00e9 et contr\u00f4le des odeurs<br \/>\nAbsorption instantan\u00e9e avec Zone instaDRY\u2122<\/p>\n","protected":false},"excerpt":{"rendered":"<p>Protection s\u00fbre en cas de fuites urinaires inattendues importantes.<br \/>\n12 pi\u00e8ces\/ Emballage<br \/>\nPouvoir absorbant 5\/8 gouttes<\/p>\n","protected":false},"featured_media":3342,"comment_status":"open","ping_status":"closed","template":"","meta":{"inline_featured_image":false},"product_brand":[],"product_cat":[104],"product_tag":[],"class_list":{"0":"post-4354","1":"product","2":"type-product","3":"status-publish","4":"has-post-thumbnail","6":"product_cat-produits-dincontinence-pour-femmes","8":"first","9":"instock","10":"taxable","11":"shipping-taxable","12":"purchasable","13":"product-type-simple"},"_links":{"self":[{"href":"https:\/\/all4care.ch\/fr\/wp-json\/wp\/v2\/product\/4354","targetHints":{"allow":["GET"]}}],"collection":[{"href":"https:\/\/all4care.ch\/fr\/wp-json\/wp\/v2\/product"}],"about":[{"href":"https:\/\/all4care.ch\/fr\/wp-json\/wp\/v2\/types\/product"}],"replies":[{"embeddable":true,"href":"https:\/\/all4care.ch\/fr\/wp-json\/wp\/v2\/comments?post=4354"}],"wp:featuredmedia":[{"embeddable":true,"href":"https:\/\/all4care.ch\/fr\/wp-json\/wp\/v2\/media\/3342"}],"wp:attachment":[{"href":"https:\/\/all4care.ch\/fr\/wp-json\/wp\/v2\/media?parent=4354"}],"wp:term":[{"taxonomy":"product_brand","embeddable":true,"href":"https:\/\/all4care.ch\/fr\/wp-json\/wp\/v2\/product_brand?post=4354"},{"taxonomy":"product_cat","embeddable":true,"href":"https:\/\/all4care.ch\/fr\/wp-json\/wp\/v2\/product_cat?post=4354"},{"taxonomy":"product_tag","embeddable":true,"href":"https:\/\/all4care.ch\/fr\/wp-json\/wp\/v2\/product_tag?post=4354"}],"curies":[{"name":"wp","href":"https:\/\/api.w.org\/{rel}","templated":true}]}}