{"id":4355,"date":"2022-03-24T12:35:52","date_gmt":"2022-03-24T11:35:52","guid":{"rendered":"https:\/\/all4care.ch\/produkte\/tena-discreet-lady-pads-extra-plus\/"},"modified":"2022-04-25T10:02:38","modified_gmt":"2022-04-25T08:02:38","slug":"tena-discreet-lady-pads-extra-plus-2","status":"publish","type":"product","link":"https:\/\/all4care.ch\/fr\/produits\/tena-discreet-lady-pads-extra-plus-2\/","title":{"rendered":"TENA\u00ae Discreet Lady Pads EXTRA PLUS"},"content":{"rendered":"<p>Pour les fuites urinaires inattendues mod\u00e9r\u00e9es \u00e0 fortes, les protections absorbantes TENA Discreet Extra Plus offrent une s\u00e9curit\u00e9 maximale. La technologie Zone instaDRY\u2122 absorbe instantan\u00e9ment le liquide et le noyau super absorbant retient les liquides au c\u0153ur de la protection, loin de votre peau. Le design sp\u00e9cial et les bords doux rendent la protection confortable. Avec une Triple Protection contre les fuites, les odeurs et l\u2019humidit\u00e9, TENA Discreet Extra Plus est le choix id\u00e9al au quotidien pour les femmes concern\u00e9es par des fuites urinaires mod\u00e9r\u00e9es et fortes, pour les fuites urinaires particuli\u00e8rement impr\u00e9visibles. Restez confiante et sereine, quel que soit le programme de votre journ\u00e9e gr\u00e2ce \u00e0 son absorption instantan\u00e9e et sa coupe confortable.<\/p>\n<ul>\n<li>Discr\u00e8te et s\u00fbre. La protection TENA en plus<\/li>\n<li>Fra\u00eecheur, s\u00e9curit\u00e9 et contr\u00f4le des odeurs<\/li>\n<li>Absorption instantan\u00e9e avec Zone instaDRY\u2122<\/li>\n<\/ul>\n","protected":false},"excerpt":{"rendered":"<p>Protection s\u00fbre en cas de fuites urinaires inattendues mod\u00e9r\u00e9es \u00e0 fortes.<br \/>\n16 pi\u00e8ces\/ Emballage<br \/>\nPouvoir absorbant 5\/8 gouttes<\/p>\n","protected":false},"featured_media":3312,"comment_status":"open","ping_status":"closed","template":"","meta":{"inline_featured_image":false},"product_brand":[],"product_cat":[104],"product_tag":[],"class_list":{"0":"post-4355","1":"product","2":"type-product","3":"status-publish","4":"has-post-thumbnail","6":"product_cat-produits-dincontinence-pour-femmes","8":"first","9":"instock","10":"taxable","11":"shipping-taxable","12":"purchasable","13":"product-type-simple"},"_links":{"self":[{"href":"https:\/\/all4care.ch\/fr\/wp-json\/wp\/v2\/product\/4355","targetHints":{"allow":["GET"]}}],"collection":[{"href":"https:\/\/all4care.ch\/fr\/wp-json\/wp\/v2\/product"}],"about":[{"href":"https:\/\/all4care.ch\/fr\/wp-json\/wp\/v2\/types\/product"}],"replies":[{"embeddable":true,"href":"https:\/\/all4care.ch\/fr\/wp-json\/wp\/v2\/comments?post=4355"}],"wp:featuredmedia":[{"embeddable":true,"href":"https:\/\/all4care.ch\/fr\/wp-json\/wp\/v2\/media\/3312"}],"wp:attachment":[{"href":"https:\/\/all4care.ch\/fr\/wp-json\/wp\/v2\/media?parent=4355"}],"wp:term":[{"taxonomy":"product_brand","embeddable":true,"href":"https:\/\/all4care.ch\/fr\/wp-json\/wp\/v2\/product_brand?post=4355"},{"taxonomy":"product_cat","embeddable":true,"href":"https:\/\/all4care.ch\/fr\/wp-json\/wp\/v2\/product_cat?post=4355"},{"taxonomy":"product_tag","embeddable":true,"href":"https:\/\/all4care.ch\/fr\/wp-json\/wp\/v2\/product_tag?post=4355"}],"curies":[{"name":"wp","href":"https:\/\/api.w.org\/{rel}","templated":true}]}}