{"id":4356,"date":"2022-03-24T12:35:51","date_gmt":"2022-03-24T11:35:51","guid":{"rendered":"https:\/\/all4care.ch\/produkte\/tena-discreet-lady-pads-extra\/"},"modified":"2022-04-25T10:01:30","modified_gmt":"2022-04-25T08:01:30","slug":"tena-discreet-lady-pads-extra","status":"publish","type":"product","link":"https:\/\/all4care.ch\/fr\/produits\/tena-discreet-lady-pads-extra\/","title":{"rendered":"TENA\u00ae Discreet Lady Pads EXTRA"},"content":{"rendered":"<p>Les protections absorbantes TENA Discreet Extra offrent une s\u00e9curit\u00e9 maximale pour les fuites urinaires inattendues mod\u00e9r\u00e9es. La technologie Zone instaDRY\u2122 absorbe instantan\u00e9ment le liquide et le noyau super absorbant retient les liquides au c\u0153ur de la protection, loin de votre peau. Avec une Triple Protection contre les fuites, les odeurs et l\u2019humidit\u00e9, TENA Discreet Extra est le choix id\u00e9al au quotidien pour les femmes concern\u00e9es par des fuites urinaires mod\u00e9r\u00e9es. La protection absorbante est douce et confortable \u00e0 porter avec ses c\u00f4t\u00e9s \u00e9lastiques qui s\u2019adaptent doucement aux formes du corps. Restez confiante et sereine, quel que soit le programme de votre journ\u00e9e gr\u00e2ce \u00e0 son absorption instantan\u00e9e et sa coupe confortable, pour les fuites urinaires particuli\u00e8rement impr\u00e9visibles.<br \/>\nDiscr\u00e8te et s\u00fbre. La protection TENA en plus<br \/>\nFra\u00eecheur, s\u00e9curit\u00e9 et contr\u00f4le des odeurs<br \/>\nAbsorption instantan\u00e9e avec Zone instaDRY\u2122<\/p>\n","protected":false},"excerpt":{"rendered":"<p>Protection s\u00fbre en cas de fuites urinaires inattendues mod\u00e9r\u00e9es.<br \/>\n20 pi\u00e8ces\/ Emballage<br \/>\nPouvoir absorbant 4\/8 gouttes<\/p>\n","protected":false},"featured_media":3282,"comment_status":"open","ping_status":"closed","template":"","meta":{"inline_featured_image":false},"product_brand":[],"product_cat":[104],"product_tag":[],"class_list":{"0":"post-4356","1":"product","2":"type-product","3":"status-publish","4":"has-post-thumbnail","6":"product_cat-produits-dincontinence-pour-femmes","8":"first","9":"instock","10":"taxable","11":"shipping-taxable","12":"purchasable","13":"product-type-simple"},"_links":{"self":[{"href":"https:\/\/all4care.ch\/fr\/wp-json\/wp\/v2\/product\/4356","targetHints":{"allow":["GET"]}}],"collection":[{"href":"https:\/\/all4care.ch\/fr\/wp-json\/wp\/v2\/product"}],"about":[{"href":"https:\/\/all4care.ch\/fr\/wp-json\/wp\/v2\/types\/product"}],"replies":[{"embeddable":true,"href":"https:\/\/all4care.ch\/fr\/wp-json\/wp\/v2\/comments?post=4356"}],"wp:featuredmedia":[{"embeddable":true,"href":"https:\/\/all4care.ch\/fr\/wp-json\/wp\/v2\/media\/3282"}],"wp:attachment":[{"href":"https:\/\/all4care.ch\/fr\/wp-json\/wp\/v2\/media?parent=4356"}],"wp:term":[{"taxonomy":"product_brand","embeddable":true,"href":"https:\/\/all4care.ch\/fr\/wp-json\/wp\/v2\/product_brand?post=4356"},{"taxonomy":"product_cat","embeddable":true,"href":"https:\/\/all4care.ch\/fr\/wp-json\/wp\/v2\/product_cat?post=4356"},{"taxonomy":"product_tag","embeddable":true,"href":"https:\/\/all4care.ch\/fr\/wp-json\/wp\/v2\/product_tag?post=4356"}],"curies":[{"name":"wp","href":"https:\/\/api.w.org\/{rel}","templated":true}]}}