{"id":4357,"date":"2022-03-24T12:35:51","date_gmt":"2022-03-24T11:35:51","guid":{"rendered":"https:\/\/all4care.ch\/produkte\/tena-silhouette-noir-mini-pad\/"},"modified":"2022-12-01T12:01:38","modified_gmt":"2022-12-01T11:01:38","slug":"tena-silhouette-noir-mini-pad","status":"publish","type":"product","link":"https:\/\/all4care.ch\/fr\/produits\/tena-silhouette-noir-mini-pad\/","title":{"rendered":"TENA\u00ae Silhouette Noir Mini Pad"},"content":{"rendered":"<p>Les serviettes absorbantes TENA Silhouette Noir Mini sont sp\u00e9cialement con\u00e7ues pour les sous-v\u00eatements noirs pour une discr\u00e9tion incroyable si vous souffrez de fuites urinaires l\u00e9g\u00e8res. Que vous vous changiez \u00e0 la salle de sport ou de retour chez vous dans votre chambre, avec la serviette TENA Silhouette, vous pouvez vous d\u00e9shabiller en toute confiance. Elle est fine et noire et se fond si bien sur vos sous-v\u00eatements noirs, que vous en oublierez presque sa pr\u00e9sence. TENA Silhouette Noir Mini offre une triple protection contre les fuites, les odeurs et l\u2019humidit\u00e9 pour assurer que les gouttes et petites fuites urinaires sont captur\u00e9es au c\u0153ur de la serviette. Il est test\u00e9 dermatologiquement et sans parfum. Invisible dans votre sous-v\u00eatement. La protection TENA en plus.      <\/p>\n<p>Invisible dans votre sous-v\u00eatement. La protection TENA en plus.<br \/>\nTriple protection<br \/>\nTest\u00e9 dermatologiquement et sans parfum<\/p>\n","protected":false},"excerpt":{"rendered":"<p>Serviettes absorbantes noires pour une protection d\u2019une extr\u00eame discretion.<br \/>\n18 pi\u00e8ces\/ Emballage<br \/>\nPouvoir absorbant 2\/8 gouttes<\/p>\n","protected":false},"featured_media":4915,"comment_status":"open","ping_status":"closed","template":"","meta":{"inline_featured_image":false},"product_brand":[],"product_cat":[104],"product_tag":[],"class_list":{"0":"post-4357","1":"product","2":"type-product","3":"status-publish","4":"has-post-thumbnail","6":"product_cat-produits-dincontinence-pour-femmes","8":"first","9":"instock","10":"taxable","11":"shipping-taxable","12":"purchasable","13":"product-type-simple"},"_links":{"self":[{"href":"https:\/\/all4care.ch\/fr\/wp-json\/wp\/v2\/product\/4357","targetHints":{"allow":["GET"]}}],"collection":[{"href":"https:\/\/all4care.ch\/fr\/wp-json\/wp\/v2\/product"}],"about":[{"href":"https:\/\/all4care.ch\/fr\/wp-json\/wp\/v2\/types\/product"}],"replies":[{"embeddable":true,"href":"https:\/\/all4care.ch\/fr\/wp-json\/wp\/v2\/comments?post=4357"}],"wp:featuredmedia":[{"embeddable":true,"href":"https:\/\/all4care.ch\/fr\/wp-json\/wp\/v2\/media\/4915"}],"wp:attachment":[{"href":"https:\/\/all4care.ch\/fr\/wp-json\/wp\/v2\/media?parent=4357"}],"wp:term":[{"taxonomy":"product_brand","embeddable":true,"href":"https:\/\/all4care.ch\/fr\/wp-json\/wp\/v2\/product_brand?post=4357"},{"taxonomy":"product_cat","embeddable":true,"href":"https:\/\/all4care.ch\/fr\/wp-json\/wp\/v2\/product_cat?post=4357"},{"taxonomy":"product_tag","embeddable":true,"href":"https:\/\/all4care.ch\/fr\/wp-json\/wp\/v2\/product_tag?post=4357"}],"curies":[{"name":"wp","href":"https:\/\/api.w.org\/{rel}","templated":true}]}}