{"id":4358,"date":"2022-03-24T12:35:51","date_gmt":"2022-03-29T09:16:02","guid":{"rendered":"https:\/\/all4care.ch\/produkte\/tena-silhouette-noir-minieinlagen\/"},"modified":"2022-04-25T10:00:00","modified_gmt":"2022-04-25T08:00:00","slug":"tena-silhouette-noir-normal","status":"publish","type":"product","link":"https:\/\/all4care.ch\/fr\/produits\/tena-silhouette-noir-normal\/","title":{"rendered":"TENA\u00ae Silhouette Noir Normal"},"content":{"rendered":"<p>es prot\u00e8ge-slips d\u2019incontinence TENA Silhouette Noir Normal sont sp\u00e9cialement con\u00e7us pour les sous-v\u00eatements noirs pour une discr\u00e9tion incroyable. Que vous vous changiez \u00e0 la salle de sport ou de retour chez vous dans votre chambre, avec le prot\u00e8ge-slip TENA Silhouette, vous pouvez vous d\u00e9shabiller en toute confiance. Il est aussi fin qu\u2019un prot\u00e8ge-slip con\u00e7u pour les r\u00e8gles et sa couleur noire se fond si bien sur vos sous-v\u00eatements noirs, que vous en oublierez m\u00eame sa pr\u00e9sence. TENA Silhouette Noir Normal offre une triple protection contre les fuites, les odeurs et l\u2019humidit\u00e9 pour assurer que les gouttes et petites fuites urinaires sont captur\u00e9es au c\u0153ur de la serviette. Il est test\u00e9 dermatologiquement et sans parfum. Invisible dans votre sous-v\u00eatement. La protection TENA en plus.<br \/>\nInvisible dans votre sous-v\u00eatement. La protection TENA en plus.<br \/>\nTriple protection<br \/>\nCompl\u00e8tement noir<\/p>\n","protected":false},"excerpt":{"rendered":"<p>Serviettes absorbantes noires pour une protection d&rsquo;une extr\u00eame discretion.<br \/>\n26 pi\u00e8ces\/ Emballage<br \/>\nPouvoir absorbant 1\/8 gouttes<\/p>\n","protected":false},"featured_media":3732,"comment_status":"open","ping_status":"closed","template":"","meta":{"inline_featured_image":false},"product_brand":[],"product_cat":[104],"product_tag":[],"class_list":{"0":"post-4358","1":"product","2":"type-product","3":"status-publish","4":"has-post-thumbnail","6":"product_cat-produits-dincontinence-pour-femmes","8":"first","9":"instock","10":"taxable","11":"shipping-taxable","12":"purchasable","13":"product-type-simple"},"_links":{"self":[{"href":"https:\/\/all4care.ch\/fr\/wp-json\/wp\/v2\/product\/4358","targetHints":{"allow":["GET"]}}],"collection":[{"href":"https:\/\/all4care.ch\/fr\/wp-json\/wp\/v2\/product"}],"about":[{"href":"https:\/\/all4care.ch\/fr\/wp-json\/wp\/v2\/types\/product"}],"replies":[{"embeddable":true,"href":"https:\/\/all4care.ch\/fr\/wp-json\/wp\/v2\/comments?post=4358"}],"wp:featuredmedia":[{"embeddable":true,"href":"https:\/\/all4care.ch\/fr\/wp-json\/wp\/v2\/media\/3732"}],"wp:attachment":[{"href":"https:\/\/all4care.ch\/fr\/wp-json\/wp\/v2\/media?parent=4358"}],"wp:term":[{"taxonomy":"product_brand","embeddable":true,"href":"https:\/\/all4care.ch\/fr\/wp-json\/wp\/v2\/product_brand?post=4358"},{"taxonomy":"product_cat","embeddable":true,"href":"https:\/\/all4care.ch\/fr\/wp-json\/wp\/v2\/product_cat?post=4358"},{"taxonomy":"product_tag","embeddable":true,"href":"https:\/\/all4care.ch\/fr\/wp-json\/wp\/v2\/product_tag?post=4358"}],"curies":[{"name":"wp","href":"https:\/\/api.w.org\/{rel}","templated":true}]}}