{"id":4366,"date":"2022-03-24T12:35:51","date_gmt":"2022-03-29T09:26:19","guid":{"rendered":"https:\/\/all4care.ch\/produkte\/tena-men-protective-shield\/"},"modified":"2022-04-25T09:33:01","modified_gmt":"2022-04-25T07:33:01","slug":"tena-men-protective-shield","status":"publish","type":"product","link":"https:\/\/all4care.ch\/fr\/produits\/tena-men-protective-shield\/","title":{"rendered":"TENA\u00ae Men Protective Shield"},"content":{"rendered":"<p>Ne laissez pas quelques gouttes vous emp\u00eacher de faire ce que vous aimez \u2013 gardez le contr\u00f4le avec la Protection Discr\u00e8te Extra Light TENA Men. Ultra fine et discr\u00e8te, arborant un design noir et masculin, cette protection absorbante pr\u00e9sente un noyau ultra absorbant qui g\u00e8re efficacement les pertes d\u2019urine l\u00e9g\u00e8res et les odeurs. Que vous voyagiez, travailliez ou fassiez du sport, cette protection reste bien en place dans le sous-v\u00eatement, et est tellement discr\u00e8te que vous oublierez sa pr\u00e9sence.<br \/>\nUltra fines<br \/>\nCapture les fuites<br \/>\nForme confortable<\/p>\n","protected":false},"excerpt":{"rendered":"<p>La protection la plus discr\u00e8te contre la perte d&rsquo;urine l\u00e9g\u00e8re.<br \/>\nAbsorption 1\/8 gouttes = 139 ml<br \/>\n14 pi\u00e8ces\/paquet<\/p>\n","protected":false},"featured_media":3462,"comment_status":"open","ping_status":"closed","template":"","meta":{"inline_featured_image":false},"product_brand":[],"product_cat":[105],"product_tag":[],"class_list":{"0":"post-4366","1":"product","2":"type-product","3":"status-publish","4":"has-post-thumbnail","6":"product_cat-produits-dincontinence-pour-hommes","8":"first","9":"instock","10":"taxable","11":"shipping-taxable","12":"purchasable","13":"product-type-simple"},"_links":{"self":[{"href":"https:\/\/all4care.ch\/fr\/wp-json\/wp\/v2\/product\/4366","targetHints":{"allow":["GET"]}}],"collection":[{"href":"https:\/\/all4care.ch\/fr\/wp-json\/wp\/v2\/product"}],"about":[{"href":"https:\/\/all4care.ch\/fr\/wp-json\/wp\/v2\/types\/product"}],"replies":[{"embeddable":true,"href":"https:\/\/all4care.ch\/fr\/wp-json\/wp\/v2\/comments?post=4366"}],"wp:featuredmedia":[{"embeddable":true,"href":"https:\/\/all4care.ch\/fr\/wp-json\/wp\/v2\/media\/3462"}],"wp:attachment":[{"href":"https:\/\/all4care.ch\/fr\/wp-json\/wp\/v2\/media?parent=4366"}],"wp:term":[{"taxonomy":"product_brand","embeddable":true,"href":"https:\/\/all4care.ch\/fr\/wp-json\/wp\/v2\/product_brand?post=4366"},{"taxonomy":"product_cat","embeddable":true,"href":"https:\/\/all4care.ch\/fr\/wp-json\/wp\/v2\/product_cat?post=4366"},{"taxonomy":"product_tag","embeddable":true,"href":"https:\/\/all4care.ch\/fr\/wp-json\/wp\/v2\/product_tag?post=4366"}],"curies":[{"name":"wp","href":"https:\/\/api.w.org\/{rel}","templated":true}]}}