{"id":4367,"date":"2022-03-24T12:35:51","date_gmt":"2022-03-29T09:27:56","guid":{"rendered":"https:\/\/all4care.ch\/produkte\/prosecca-band\/"},"modified":"2022-04-25T09:31:29","modified_gmt":"2022-04-25T07:31:29","slug":"bandelettes-prosecca","status":"publish","type":"product","link":"https:\/\/all4care.ch\/fr\/produits\/bandelettes-prosecca\/","title":{"rendered":"Bandelettes Prosecca"},"content":{"rendered":"<p>Une bandelette contre les petites fuites urinaires<br \/>\nLa bandelette Prosecca\u00ae arr\u00eate l\u2019\u00e9coulement d\u2019urine<br \/>\nen appuyant sur l\u2019ur\u00e8tre.<br \/>\nCaract\u00e9ristiques:<\/p>\n<p>\u2022 un mat\u00e9riau doux et souple<br \/>\n\u2022 pratique et r\u00e9utilisable<br \/>\n\u2022 fermeture autoagrippante pour r\u00e9gler facilement<br \/>\nla bandelette et appliquer la pression souhait\u00e9e sur<br \/>\nl\u2019ur\u00e8tre<br \/>\n\u2022 l\u00e9ger et peu encombrant<br \/>\n\u2022 agr\u00e9able \u00e0 porter m\u00eame en courant, en position assise,<br \/>\nen marchant et en faisant du sport<br \/>\n\u2022 surface lisse, facile \u00e0 nettoyer,<br \/>\n\u2022 avec une bo\u00eete de rangement pratique<\/p>\n","protected":false},"excerpt":{"rendered":"<p>Une bandelette contre les petites fuites urinaires<\/p>\n","protected":false},"featured_media":4879,"comment_status":"open","ping_status":"closed","template":"","meta":{"inline_featured_image":false},"product_brand":[],"product_cat":[105],"product_tag":[],"class_list":{"0":"post-4367","1":"product","2":"type-product","3":"status-publish","4":"has-post-thumbnail","6":"product_cat-produits-dincontinence-pour-hommes","8":"first","9":"instock","10":"taxable","11":"shipping-taxable","12":"purchasable","13":"product-type-simple"},"_links":{"self":[{"href":"https:\/\/all4care.ch\/fr\/wp-json\/wp\/v2\/product\/4367","targetHints":{"allow":["GET"]}}],"collection":[{"href":"https:\/\/all4care.ch\/fr\/wp-json\/wp\/v2\/product"}],"about":[{"href":"https:\/\/all4care.ch\/fr\/wp-json\/wp\/v2\/types\/product"}],"replies":[{"embeddable":true,"href":"https:\/\/all4care.ch\/fr\/wp-json\/wp\/v2\/comments?post=4367"}],"wp:featuredmedia":[{"embeddable":true,"href":"https:\/\/all4care.ch\/fr\/wp-json\/wp\/v2\/media\/4879"}],"wp:attachment":[{"href":"https:\/\/all4care.ch\/fr\/wp-json\/wp\/v2\/media?parent=4367"}],"wp:term":[{"taxonomy":"product_brand","embeddable":true,"href":"https:\/\/all4care.ch\/fr\/wp-json\/wp\/v2\/product_brand?post=4367"},{"taxonomy":"product_cat","embeddable":true,"href":"https:\/\/all4care.ch\/fr\/wp-json\/wp\/v2\/product_cat?post=4367"},{"taxonomy":"product_tag","embeddable":true,"href":"https:\/\/all4care.ch\/fr\/wp-json\/wp\/v2\/product_tag?post=4367"}],"curies":[{"name":"wp","href":"https:\/\/api.w.org\/{rel}","templated":true}]}}