{"id":4368,"date":"2022-03-24T12:35:51","date_gmt":"2022-03-29T09:28:32","guid":{"rendered":"https:\/\/all4care.ch\/produkte\/stomodor-tropfen-35ml\/"},"modified":"2022-04-25T09:29:51","modified_gmt":"2022-04-25T07:29:51","slug":"stomodor-tropfen-35ml-2","status":"publish","type":"product","link":"https:\/\/all4care.ch\/fr\/produits\/stomodor-tropfen-35ml-2\/","title":{"rendered":"STOMODOR Gouttes 35 ml"},"content":{"rendered":"<p>\u00c0 PROPOS DE STOMODOR<br \/>\nPratiquement toutes les personnes stomis\u00e9es sont confront\u00e9es \u00e0 des d\u00e9sagr\u00e9ments lors du maniement de leur appareillage de stomie. Parmi les plus courants, on retrouve les odeurs d\u00e9sagr\u00e9ables en cas d\u2019exc\u00e8s de gaz ou lors de la vidange de la poche. Le type et la consistance des excr\u00e9tions peut \u00e9galement compliquer le recueil dans la poche de stomie.<\/p>\n<p>Avec StomOdor, vous d\u00e9tenez d\u00e9sormais la solution.<\/p>\n<p>StomOdor est compos\u00e9 \u00e0 100% d\u2019ingr\u00e9dients naturels. De part sa composition sp\u00e9cifique, cet \u00e9liminateur d\u2019odeurs innovant<br \/>\napporte outre la neutralisation des odeurs effective, une autre propri\u00e9t\u00e9 importante pour tous les types de stomie: gr\u00e2ce \u00e0 StomOdor, m\u00eame les excr\u00e9tions p\u00e2teuses ou plus solides glissent mieux \u00e0 travers l\u2019ouverture dans la poche de stomie.<\/p>\n<p>Les avantages ind\u00e9niables: davantage de confort et de s\u00e9curit\u00e9, un recueil sans difficult\u00e9s des excr\u00e9tions, un changement sans odeurs et une \u00e9limination discr\u00e8te.<\/p>\n","protected":false},"excerpt":{"rendered":"<p>Spray neutralisant d\u2019odeurs \u00e0 base d\u2019ingr\u00e9dients 100% naturels<br \/>\nId\u00e9al en cas d\u2019\u00e9chappements de gaz intestinaux de la poche.<\/p>\n<p>En cas d\u2019urostomie et de selles plut\u00f4t liquides.<\/p>\n<p>Adapt\u00e9 uniquement pour les poches de stomie<br \/>\n35\u00a0ml Gouttes<\/p>\n","protected":false},"featured_media":4931,"comment_status":"open","ping_status":"closed","template":"","meta":{"inline_featured_image":false},"product_brand":[],"product_cat":[97],"product_tag":[],"class_list":{"0":"post-4368","1":"product","2":"type-product","3":"status-publish","4":"has-post-thumbnail","6":"product_cat-materiel-complementaire-pour-stomies","8":"first","9":"instock","10":"taxable","11":"shipping-taxable","12":"purchasable","13":"product-type-simple"},"_links":{"self":[{"href":"https:\/\/all4care.ch\/fr\/wp-json\/wp\/v2\/product\/4368","targetHints":{"allow":["GET"]}}],"collection":[{"href":"https:\/\/all4care.ch\/fr\/wp-json\/wp\/v2\/product"}],"about":[{"href":"https:\/\/all4care.ch\/fr\/wp-json\/wp\/v2\/types\/product"}],"replies":[{"embeddable":true,"href":"https:\/\/all4care.ch\/fr\/wp-json\/wp\/v2\/comments?post=4368"}],"wp:featuredmedia":[{"embeddable":true,"href":"https:\/\/all4care.ch\/fr\/wp-json\/wp\/v2\/media\/4931"}],"wp:attachment":[{"href":"https:\/\/all4care.ch\/fr\/wp-json\/wp\/v2\/media?parent=4368"}],"wp:term":[{"taxonomy":"product_brand","embeddable":true,"href":"https:\/\/all4care.ch\/fr\/wp-json\/wp\/v2\/product_brand?post=4368"},{"taxonomy":"product_cat","embeddable":true,"href":"https:\/\/all4care.ch\/fr\/wp-json\/wp\/v2\/product_cat?post=4368"},{"taxonomy":"product_tag","embeddable":true,"href":"https:\/\/all4care.ch\/fr\/wp-json\/wp\/v2\/product_tag?post=4368"}],"curies":[{"name":"wp","href":"https:\/\/api.w.org\/{rel}","templated":true}]}}