{"id":4370,"date":"2022-03-24T12:35:51","date_gmt":"2022-03-29T09:29:20","guid":{"rendered":"https:\/\/all4care.ch\/produkte\/uribag-fuer-maenner\/"},"modified":"2022-04-25T09:32:10","modified_gmt":"2022-04-25T07:32:10","slug":"uribag-pour-hommes","status":"publish","type":"product","link":"https:\/\/all4care.ch\/fr\/produits\/uribag-pour-hommes\/","title":{"rendered":"URIBAG pour hommes"},"content":{"rendered":"<p>Uribag: l\u2019urinal portable pratique et r\u00e9utilisable<\/p>\n<p>Il n\u2019y a pas toujours de toilettes \u00e0 proximit\u00e9 lorsque l\u2019on a un besoin urgent.<br \/>\nL\u2019Uribag vous offre une solution pour cela.<\/p>\n<p>L\u2019Uribag est un petit urinal de voyage soigneusement con\u00e7u pouvant se transporter ais\u00e9ment dans un sac \u00e0 main ou un sac \u00e0 dos.<\/p>\n<p>L\u2019Uribag est id\u00e9al au camping ou lors de longs trajets en voiture.<br \/>\nL\u2019urine est collect\u00e9e dans le sac en latex \u00e9tanche en toute discr\u00e9tion et sans effort.<\/p>\n<p>Utilisable assis, debout ou couch\u00e9.<\/p>\n<p>Apr\u00e8s utilisation, vous pouvez refermer le couvercle herm\u00e9tique et vider la poche plus tard, \u00e0 un moment qui vous convient. Une fois nettoy\u00e9, le sac peut se ranger dans le tube.<br \/>\nPas \u00e9tonnant que l\u2019Uribag fasse autant d\u2019adeptes:<\/p>\n<p>campeurs, festivaliers, automobilistes, navigateurs, cano\u00e9istes, alpinistes, chauffeurs routiers, personnes atteintes de handicaps physiques, parents avec enfants en bas \u00e2ge, etc.<\/p>\n","protected":false},"excerpt":{"rendered":"<p>URIBAG pour hommes &#8211; r\u00e9utilisable<br \/>\nL\u2019urinal portable pratique et r\u00e9utilisable<\/p>\n","protected":false},"featured_media":4938,"comment_status":"open","ping_status":"closed","template":"","meta":{"inline_featured_image":false},"product_brand":[],"product_cat":[108],"product_tag":[],"class_list":{"0":"post-4370","1":"product","2":"type-product","3":"status-publish","4":"has-post-thumbnail","6":"product_cat-materiel-complementaire-pour-lincontinence","8":"first","9":"instock","10":"taxable","11":"shipping-taxable","12":"purchasable","13":"product-type-simple"},"_links":{"self":[{"href":"https:\/\/all4care.ch\/fr\/wp-json\/wp\/v2\/product\/4370","targetHints":{"allow":["GET"]}}],"collection":[{"href":"https:\/\/all4care.ch\/fr\/wp-json\/wp\/v2\/product"}],"about":[{"href":"https:\/\/all4care.ch\/fr\/wp-json\/wp\/v2\/types\/product"}],"replies":[{"embeddable":true,"href":"https:\/\/all4care.ch\/fr\/wp-json\/wp\/v2\/comments?post=4370"}],"wp:featuredmedia":[{"embeddable":true,"href":"https:\/\/all4care.ch\/fr\/wp-json\/wp\/v2\/media\/4938"}],"wp:attachment":[{"href":"https:\/\/all4care.ch\/fr\/wp-json\/wp\/v2\/media?parent=4370"}],"wp:term":[{"taxonomy":"product_brand","embeddable":true,"href":"https:\/\/all4care.ch\/fr\/wp-json\/wp\/v2\/product_brand?post=4370"},{"taxonomy":"product_cat","embeddable":true,"href":"https:\/\/all4care.ch\/fr\/wp-json\/wp\/v2\/product_cat?post=4370"},{"taxonomy":"product_tag","embeddable":true,"href":"https:\/\/all4care.ch\/fr\/wp-json\/wp\/v2\/product_tag?post=4370"}],"curies":[{"name":"wp","href":"https:\/\/api.w.org\/{rel}","templated":true}]}}