{"id":6237,"date":"2026-02-02T13:34:33","date_gmt":"2026-02-02T12:34:33","guid":{"rendered":"https:\/\/all4care.ch\/?post_type=product&#038;p=6237"},"modified":"2026-02-02T15:37:34","modified_gmt":"2026-02-02T14:37:34","slug":"tena-discreet-mini-plus-kopie","status":"publish","type":"product","link":"https:\/\/all4care.ch\/fr\/produits\/tena-discreet-mini-plus-kopie\/","title":{"rendered":"TENA<sup>\u00ae<\/sup> Discreet MINI"},"content":{"rendered":"<p>TENA Discreet Mini Plus offre une protection discr\u00e8te et s\u00fbre pour les fuites urinaires l\u00e9g\u00e8res \u00e0 mod\u00e9r\u00e9es. La protection douce est con\u00e7ue pour les femmes ayant une vessie sensible et offre une protection discr\u00e8te toute la journ\u00e9e. La triple protection assure l\u2019absorption rapide des fuites, des odeurs et de l\u2019humidit\u00e9. TENA Discreet Mini Plus est id\u00e9ale pour les fuites et pertes d\u2019urine inattendues, vous offrant la s\u00e9curit\u00e9 dont vous avez besoin et la discr\u00e9tion que vous souhaitez.<\/p>\n<p>Discr\u00e8te et s\u00fbre. La protection TENA en plus.<\/p>\n<p>Fra\u00eecheur, s\u00e9curit\u00e9 et contr\u00f4le des odeurs<br \/>\nSyst\u00e8me Fresh Odour Control, pour une confiance accrue<br \/>\nDiscr\u00e8te et s\u00fbre. La protection TENA en plus<\/p>\n","protected":false},"excerpt":{"rendered":"<p>Protection absorbante s\u00fbre et discr\u00e8te en cas de fuites urinaires inattendues l\u00e9g\u00e8res \u00e0 mod\u00e9r\u00e9e.<br \/>\nMINI : 30 pi\u00e8ces\/ Emballage<br \/>MINI PLUS: 20 pi\u00e8ces\/ Emballage<\/p>\n","protected":false},"featured_media":6243,"comment_status":"open","ping_status":"closed","template":"","meta":{"inline_featured_image":false},"product_brand":[],"product_cat":[104],"product_tag":[],"class_list":{"0":"post-6237","1":"product","2":"type-product","3":"status-publish","4":"has-post-thumbnail","6":"product_cat-produits-dincontinence-pour-femmes","8":"first","9":"instock","10":"taxable","11":"shipping-taxable","12":"purchasable","13":"product-type-variable"},"_links":{"self":[{"href":"https:\/\/all4care.ch\/fr\/wp-json\/wp\/v2\/product\/6237","targetHints":{"allow":["GET"]}}],"collection":[{"href":"https:\/\/all4care.ch\/fr\/wp-json\/wp\/v2\/product"}],"about":[{"href":"https:\/\/all4care.ch\/fr\/wp-json\/wp\/v2\/types\/product"}],"replies":[{"embeddable":true,"href":"https:\/\/all4care.ch\/fr\/wp-json\/wp\/v2\/comments?post=6237"}],"wp:featuredmedia":[{"embeddable":true,"href":"https:\/\/all4care.ch\/fr\/wp-json\/wp\/v2\/media\/6243"}],"wp:attachment":[{"href":"https:\/\/all4care.ch\/fr\/wp-json\/wp\/v2\/media?parent=6237"}],"wp:term":[{"taxonomy":"product_brand","embeddable":true,"href":"https:\/\/all4care.ch\/fr\/wp-json\/wp\/v2\/product_brand?post=6237"},{"taxonomy":"product_cat","embeddable":true,"href":"https:\/\/all4care.ch\/fr\/wp-json\/wp\/v2\/product_cat?post=6237"},{"taxonomy":"product_tag","embeddable":true,"href":"https:\/\/all4care.ch\/fr\/wp-json\/wp\/v2\/product_tag?post=6237"}],"curies":[{"name":"wp","href":"https:\/\/api.w.org\/{rel}","templated":true}]}}